{"id":26230,"date":"2018-07-25T08:03:33","date_gmt":"2018-07-25T08:03:33","guid":{"rendered":"https:\/\/bonsailab.com\/?post_type=product&#038;p=26230"},"modified":"2024-12-03T18:41:12","modified_gmt":"2024-12-03T18:41:12","slug":"microspin-12","status":"publish","type":"product","link":"https:\/\/bonsailab.com\/pt-pt\/producto\/workflow-pt\/extracao-dna-rna-w\/microspin-12\/","title":{"rendered":"Microspin 12"},"content":{"rendered":"<p>Mini centr\u00edfuga de alta velocidade, de escrit\u00f3rio,\u00a0compacta e desenhada para laborat\u00f3rios biom\u00e9dicos.<\/p>\n<p>Microspin 12 utiliza-se para a extra\u00e7\u00e3o de amostras de ADN\/ARN, a sedimenta\u00e7\u00e3o de componentes biol\u00f3gicos e para an\u00e1lises bioqu\u00edmicas e qu\u00edmicos de microcuvetes.<\/p>\n<p>Um ecr\u00e3 mostra simultaneamente os valores programados e reais de:<\/p>\n<ul>\n<li>O tempo de centrifuga\u00e7\u00e3o;<\/li>\n<li>Os valores de velocidade programados e reais;<\/li>\n<li>For\u00e7a centr\u00edfuga relativa.<\/li>\n<\/ul>\n<p>Gra\u00e7as ao rotor sem escovas, oferece um funcionamento silencioso mesmo a velocidade m\u00e1xima e uma larga vida \u00fatil. O rotor angular est\u00e1 pensado para alojar 12 microtubos tipo Eppendorf e colunas de centrifuga\u00e7\u00e3o. O rotor \u00e9 de alum\u00ednio e vem com uma tampa fixa. O fluxo de ar constante ao redor do rotor reduz o risco das amostras se aquecerem em excesso durante o funcionamento.<\/p>\n<p>A seguran\u00e7a do funcionamento est\u00e1 garantida pelos esfor\u00e7os met\u00e1licos da carca\u00e7a e da tampa, a fun\u00e7\u00e3o de desconex\u00e3o autom\u00e1tica em caso de desequil\u00edbrio e o bloqueio da tampa. Um sinal ac\u00fastico indica a termina\u00e7\u00e3o da centrifuga\u00e7\u00e3o.<\/p>\n<p>A fonte de alimenta\u00e7\u00e3o externa permite utilizar a centrifuga Microspin 12 em c\u00e2maras frigor\u00edficas (com uma temperatura ambiente entre +4\u00b0C y +40\u00b0C).<\/p>\n<p>Microspin 12 inclui rotor padr\u00e3o MSR-12 com MSL-SC tampa, adaptadores A-02, A-05 e unidade de fonte de alimenta\u00e7\u00e3o externa.<\/p>\n<div class=\"video-shortcode\"><iframe title=\"Bonsai Advanced |  Microspin 12,  High speed Mini centrifuge\" width=\"1100\" height=\"619\" src=\"https:\/\/www.youtube.com\/embed\/V1DCI6ulNrA?feature=oembed\" frameborder=\"0\" allow=\"accelerometer; autoplay; clipboard-write; encrypted-media; gyroscope; picture-in-picture; web-share\" allowfullscreen><\/iframe><\/div>\n","protected":false},"excerpt":{"rendered":"<ul>\n<li>Mini centr\u00edfuga de Biosan de alta velocidade, de escrit\u00f3rio, compacta e desenhada para laborat\u00f3rios biom\u00e9dicos.<\/li>\n<li>O seu rotor angular est\u00e1 pensado para alojar 12 microtubos tipo Eppendorf e colunas de centrifuga\u00e7\u00e3o.<\/li>\n<\/ul>\n","protected":false},"featured_media":24717,"template":"","meta":{"_bbp_topic_count":0,"_bbp_reply_count":0,"_bbp_total_topic_count":0,"_bbp_total_reply_count":0,"_bbp_voice_count":0,"_bbp_anonymous_reply_count":0,"_bbp_topic_count_hidden":0,"_bbp_reply_count_hidden":0,"_bbp_forum_subforum_count":0,"rs_blank_template":"","rs_page_bg_color":"","slide_template_v7":""},"product_brand":[],"product_cat":[228,152,171,173],"product_tag":[],"class_list":{"0":"post-26230","1":"product","2":"type-product","3":"status-publish","4":"has-post-thumbnail","6":"product_cat-centrifugas","7":"product_cat-extracao-dna-rna-w","8":"product_cat-centrifugacao","9":"product_cat-microcentrifugas-pt-pt","11":"first","12":"instock","13":"shipping-taxable","14":"product-type-simple"},"yoast_head":"<!-- This site is optimized with the Yoast SEO plugin v27.5 - https:\/\/yoast.com\/product\/yoast-seo-wordpress\/ -->\n<title>Microspin 12 - Bonsai Lab<\/title>\n<meta name=\"robots\" content=\"index, follow, max-snippet:-1, max-image-preview:large, max-video-preview:-1\" \/>\n<link rel=\"canonical\" href=\"https:\/\/bonsailab.com\/pt-pt\/producto\/workflow-pt\/extracao-dna-rna-w\/microspin-12\/\" \/>\n<meta property=\"og:locale\" content=\"pt_PT\" \/>\n<meta property=\"og:type\" content=\"article\" \/>\n<meta property=\"og:title\" content=\"Microspin 12 - Bonsai Lab\" \/>\n<meta property=\"og:description\" content=\"Mini centr\u00edfuga de Biosan de alta velocidade, de escrit\u00f3rio, compacta e desenhada para laborat\u00f3rios biom\u00e9dicos.  O seu rotor angular est\u00e1 pensado para alojar 12 microtubos tipo Eppendorf e colunas de centrifuga\u00e7\u00e3o.\" \/>\n<meta property=\"og:url\" content=\"https:\/\/bonsailab.com\/pt-pt\/producto\/workflow-pt\/extracao-dna-rna-w\/microspin-12\/\" \/>\n<meta property=\"og:site_name\" content=\"Bonsai Lab\" \/>\n<meta property=\"article:modified_time\" content=\"2024-12-03T18:41:12+00:00\" \/>\n<meta property=\"og:image\" content=\"https:\/\/bonsailab.com\/wp-content\/uploads\/2018\/07\/microspin12.png\" \/>\n\t<meta property=\"og:image:width\" content=\"700\" \/>\n\t<meta property=\"og:image:height\" content=\"558\" \/>\n\t<meta property=\"og:image:type\" content=\"image\/png\" \/>\n<meta name=\"twitter:card\" content=\"summary_large_image\" \/>\n<meta name=\"twitter:label1\" content=\"Tempo estimado de leitura\" \/>\n\t<meta name=\"twitter:data1\" content=\"2 minutos\" \/>\n<script type=\"application\/ld+json\" class=\"yoast-schema-graph\">{\"@context\":\"https:\\\/\\\/schema.org\",\"@graph\":[{\"@type\":\"WebPage\",\"@id\":\"https:\\\/\\\/bonsailab.com\\\/pt-pt\\\/producto\\\/workflow-pt\\\/extracao-dna-rna-w\\\/microspin-12\\\/\",\"url\":\"https:\\\/\\\/bonsailab.com\\\/pt-pt\\\/producto\\\/workflow-pt\\\/extracao-dna-rna-w\\\/microspin-12\\\/\",\"name\":\"Microspin 12 - Bonsai Lab\",\"isPartOf\":{\"@id\":\"https:\\\/\\\/bonsailab.com\\\/#website\"},\"primaryImageOfPage\":{\"@id\":\"https:\\\/\\\/bonsailab.com\\\/pt-pt\\\/producto\\\/workflow-pt\\\/extracao-dna-rna-w\\\/microspin-12\\\/#primaryimage\"},\"image\":{\"@id\":\"https:\\\/\\\/bonsailab.com\\\/pt-pt\\\/producto\\\/workflow-pt\\\/extracao-dna-rna-w\\\/microspin-12\\\/#primaryimage\"},\"thumbnailUrl\":\"https:\\\/\\\/bonsailab.com\\\/wp-content\\\/uploads\\\/2018\\\/07\\\/microspin12.png\",\"datePublished\":\"2018-07-25T08:03:33+00:00\",\"dateModified\":\"2024-12-03T18:41:12+00:00\",\"breadcrumb\":{\"@id\":\"https:\\\/\\\/bonsailab.com\\\/pt-pt\\\/producto\\\/workflow-pt\\\/extracao-dna-rna-w\\\/microspin-12\\\/#breadcrumb\"},\"inLanguage\":\"pt-PT\",\"potentialAction\":[{\"@type\":\"ReadAction\",\"target\":[\"https:\\\/\\\/bonsailab.com\\\/pt-pt\\\/producto\\\/workflow-pt\\\/extracao-dna-rna-w\\\/microspin-12\\\/\"]}]},{\"@type\":\"ImageObject\",\"inLanguage\":\"pt-PT\",\"@id\":\"https:\\\/\\\/bonsailab.com\\\/pt-pt\\\/producto\\\/workflow-pt\\\/extracao-dna-rna-w\\\/microspin-12\\\/#primaryimage\",\"url\":\"https:\\\/\\\/bonsailab.com\\\/wp-content\\\/uploads\\\/2018\\\/07\\\/microspin12.png\",\"contentUrl\":\"https:\\\/\\\/bonsailab.com\\\/wp-content\\\/uploads\\\/2018\\\/07\\\/microspin12.png\",\"width\":700,\"height\":558},{\"@type\":\"BreadcrumbList\",\"@id\":\"https:\\\/\\\/bonsailab.com\\\/pt-pt\\\/producto\\\/workflow-pt\\\/extracao-dna-rna-w\\\/microspin-12\\\/#breadcrumb\",\"itemListElement\":[{\"@type\":\"ListItem\",\"position\":1,\"name\":\"Portada\",\"item\":\"https:\\\/\\\/bonsailab.com\\\/pt-pt\\\/\"},{\"@type\":\"ListItem\",\"position\":2,\"name\":\"Tienda\",\"item\":\"https:\\\/\\\/bonsailab.com\\\/pt-pt\\\/tienda-2\\\/\"},{\"@type\":\"ListItem\",\"position\":3,\"name\":\"Microspin 12\"}]},{\"@type\":\"WebSite\",\"@id\":\"https:\\\/\\\/bonsailab.com\\\/#website\",\"url\":\"https:\\\/\\\/bonsailab.com\\\/\",\"name\":\"Bonsai Lab\",\"description\":\"\",\"publisher\":{\"@id\":\"https:\\\/\\\/bonsailab.com\\\/#organization\"},\"potentialAction\":[{\"@type\":\"SearchAction\",\"target\":{\"@type\":\"EntryPoint\",\"urlTemplate\":\"https:\\\/\\\/bonsailab.com\\\/?s={search_term_string}\"},\"query-input\":{\"@type\":\"PropertyValueSpecification\",\"valueRequired\":true,\"valueName\":\"search_term_string\"}}],\"inLanguage\":\"pt-PT\"},{\"@type\":\"Organization\",\"@id\":\"https:\\\/\\\/bonsailab.com\\\/#organization\",\"name\":\"BonsaiLab\",\"url\":\"https:\\\/\\\/bonsailab.com\\\/\",\"logo\":{\"@type\":\"ImageObject\",\"inLanguage\":\"pt-PT\",\"@id\":\"https:\\\/\\\/bonsailab.com\\\/#\\\/schema\\\/logo\\\/image\\\/\",\"url\":\"https:\\\/\\\/bonsailab.com\\\/wp-content\\\/uploads\\\/2018\\\/07\\\/logo_bonsailab.png\",\"contentUrl\":\"https:\\\/\\\/bonsailab.com\\\/wp-content\\\/uploads\\\/2018\\\/07\\\/logo_bonsailab.png\",\"width\":280,\"height\":40,\"caption\":\"BonsaiLab\"},\"image\":{\"@id\":\"https:\\\/\\\/bonsailab.com\\\/#\\\/schema\\\/logo\\\/image\\\/\"},\"sameAs\":[\"https:\\\/\\\/www.linkedin.com\\\/company\\\/bonsai-advanced-technologies-s-l-\\\/\",\"https:\\\/\\\/www.youtube.com\\\/channel\\\/UCv7xfNvsrS9NADlz0yQFWGA\"]}]}<\/script>\n<!-- \/ Yoast SEO plugin. -->","yoast_head_json":{"title":"Microspin 12 - Bonsai Lab","robots":{"index":"index","follow":"follow","max-snippet":"max-snippet:-1","max-image-preview":"max-image-preview:large","max-video-preview":"max-video-preview:-1"},"canonical":"https:\/\/bonsailab.com\/pt-pt\/producto\/workflow-pt\/extracao-dna-rna-w\/microspin-12\/","og_locale":"pt_PT","og_type":"article","og_title":"Microspin 12 - Bonsai Lab","og_description":"Mini centr\u00edfuga de Biosan de alta velocidade, de escrit\u00f3rio, compacta e desenhada para laborat\u00f3rios biom\u00e9dicos.  O seu rotor angular est\u00e1 pensado para alojar 12 microtubos tipo Eppendorf e colunas de centrifuga\u00e7\u00e3o.","og_url":"https:\/\/bonsailab.com\/pt-pt\/producto\/workflow-pt\/extracao-dna-rna-w\/microspin-12\/","og_site_name":"Bonsai Lab","article_modified_time":"2024-12-03T18:41:12+00:00","og_image":[{"width":700,"height":558,"url":"https:\/\/bonsailab.com\/wp-content\/uploads\/2018\/07\/microspin12.png","type":"image\/png"}],"twitter_card":"summary_large_image","twitter_misc":{"Tempo estimado de leitura":"2 minutos"},"schema":{"@context":"https:\/\/schema.org","@graph":[{"@type":"WebPage","@id":"https:\/\/bonsailab.com\/pt-pt\/producto\/workflow-pt\/extracao-dna-rna-w\/microspin-12\/","url":"https:\/\/bonsailab.com\/pt-pt\/producto\/workflow-pt\/extracao-dna-rna-w\/microspin-12\/","name":"Microspin 12 - Bonsai Lab","isPartOf":{"@id":"https:\/\/bonsailab.com\/#website"},"primaryImageOfPage":{"@id":"https:\/\/bonsailab.com\/pt-pt\/producto\/workflow-pt\/extracao-dna-rna-w\/microspin-12\/#primaryimage"},"image":{"@id":"https:\/\/bonsailab.com\/pt-pt\/producto\/workflow-pt\/extracao-dna-rna-w\/microspin-12\/#primaryimage"},"thumbnailUrl":"https:\/\/bonsailab.com\/wp-content\/uploads\/2018\/07\/microspin12.png","datePublished":"2018-07-25T08:03:33+00:00","dateModified":"2024-12-03T18:41:12+00:00","breadcrumb":{"@id":"https:\/\/bonsailab.com\/pt-pt\/producto\/workflow-pt\/extracao-dna-rna-w\/microspin-12\/#breadcrumb"},"inLanguage":"pt-PT","potentialAction":[{"@type":"ReadAction","target":["https:\/\/bonsailab.com\/pt-pt\/producto\/workflow-pt\/extracao-dna-rna-w\/microspin-12\/"]}]},{"@type":"ImageObject","inLanguage":"pt-PT","@id":"https:\/\/bonsailab.com\/pt-pt\/producto\/workflow-pt\/extracao-dna-rna-w\/microspin-12\/#primaryimage","url":"https:\/\/bonsailab.com\/wp-content\/uploads\/2018\/07\/microspin12.png","contentUrl":"https:\/\/bonsailab.com\/wp-content\/uploads\/2018\/07\/microspin12.png","width":700,"height":558},{"@type":"BreadcrumbList","@id":"https:\/\/bonsailab.com\/pt-pt\/producto\/workflow-pt\/extracao-dna-rna-w\/microspin-12\/#breadcrumb","itemListElement":[{"@type":"ListItem","position":1,"name":"Portada","item":"https:\/\/bonsailab.com\/pt-pt\/"},{"@type":"ListItem","position":2,"name":"Tienda","item":"https:\/\/bonsailab.com\/pt-pt\/tienda-2\/"},{"@type":"ListItem","position":3,"name":"Microspin 12"}]},{"@type":"WebSite","@id":"https:\/\/bonsailab.com\/#website","url":"https:\/\/bonsailab.com\/","name":"Bonsai Lab","description":"","publisher":{"@id":"https:\/\/bonsailab.com\/#organization"},"potentialAction":[{"@type":"SearchAction","target":{"@type":"EntryPoint","urlTemplate":"https:\/\/bonsailab.com\/?s={search_term_string}"},"query-input":{"@type":"PropertyValueSpecification","valueRequired":true,"valueName":"search_term_string"}}],"inLanguage":"pt-PT"},{"@type":"Organization","@id":"https:\/\/bonsailab.com\/#organization","name":"BonsaiLab","url":"https:\/\/bonsailab.com\/","logo":{"@type":"ImageObject","inLanguage":"pt-PT","@id":"https:\/\/bonsailab.com\/#\/schema\/logo\/image\/","url":"https:\/\/bonsailab.com\/wp-content\/uploads\/2018\/07\/logo_bonsailab.png","contentUrl":"https:\/\/bonsailab.com\/wp-content\/uploads\/2018\/07\/logo_bonsailab.png","width":280,"height":40,"caption":"BonsaiLab"},"image":{"@id":"https:\/\/bonsailab.com\/#\/schema\/logo\/image\/"},"sameAs":["https:\/\/www.linkedin.com\/company\/bonsai-advanced-technologies-s-l-\/","https:\/\/www.youtube.com\/channel\/UCv7xfNvsrS9NADlz0yQFWGA"]}]}},"_links":{"self":[{"href":"https:\/\/bonsailab.com\/pt-pt\/wp-json\/wp\/v2\/product\/26230","targetHints":{"allow":["GET"]}}],"collection":[{"href":"https:\/\/bonsailab.com\/pt-pt\/wp-json\/wp\/v2\/product"}],"about":[{"href":"https:\/\/bonsailab.com\/pt-pt\/wp-json\/wp\/v2\/types\/product"}],"wp:featuredmedia":[{"embeddable":true,"href":"https:\/\/bonsailab.com\/pt-pt\/wp-json\/wp\/v2\/media\/24717"}],"wp:attachment":[{"href":"https:\/\/bonsailab.com\/pt-pt\/wp-json\/wp\/v2\/media?parent=26230"}],"wp:term":[{"taxonomy":"product_brand","embeddable":true,"href":"https:\/\/bonsailab.com\/pt-pt\/wp-json\/wp\/v2\/product_brand?post=26230"},{"taxonomy":"product_cat","embeddable":true,"href":"https:\/\/bonsailab.com\/pt-pt\/wp-json\/wp\/v2\/product_cat?post=26230"},{"taxonomy":"product_tag","embeddable":true,"href":"https:\/\/bonsailab.com\/pt-pt\/wp-json\/wp\/v2\/product_tag?post=26230"}],"curies":[{"name":"wp","href":"https:\/\/api.w.org\/{rel}","templated":true}]}}