{"id":26227,"date":"2018-07-25T09:02:58","date_gmt":"2018-07-25T09:02:58","guid":{"rendered":"https:\/\/bonsailab.com\/?post_type=product&#038;p=26227"},"modified":"2023-03-15T15:53:07","modified_gmt":"2023-03-15T15:53:07","slug":"lmc-3000","status":"publish","type":"product","link":"https:\/\/bonsailab.com\/pt-pt\/producto\/centrifugacao\/centrifugas-de-bancada\/lmc-3000\/","title":{"rendered":"LMC-3000"},"content":{"rendered":"<p>LMC-3000 \u00e9 uma moderna centr\u00edfuga de mesa de baixa velocidade desenhada para funcionar com placas de microan\u00e1lises e tubos de centr\u00edfuga de at\u00e9 50 ml. Utiliza-se principalmente em\u00a0laborat\u00f3rios de perfil biom\u00e9dico.<\/p>\n<p><u>Caracter\u00edsticas principais<\/u>:<\/p>\n<ul>\n<li>Arranque suave e desacelera\u00e7\u00e3o do rotor;<\/li>\n<li>Configura\u00e7\u00e3o f\u00e1cil de usar dos par\u00e2metros de centrifuga\u00e7\u00e3o (velocidade e tempo) e visualiza\u00e7\u00e3o simult\u00e2nea dos valores programados e dos valores reais;<\/li>\n<li>Funcionamento seguro a qualquer velocidade garantida pela c\u00e2mara de prote\u00e7\u00e3o de metal e a cobertura do dispositivo, a paragem autom\u00e1tica em caso de desequil\u00edbrio e um bloqueio que mant\u00e9m tampa fechada enquanto a centr\u00edfuga est\u00e1 em funcionamento;<\/li>\n<li>N\u00edvel de ru\u00eddo baixo;<\/li>\n<li>Sele\u00e7\u00e3o do rotor;<\/li>\n<li>Ajuste da velocidade do rotor em RPM ou RCF;<\/li>\n<li>M\u00faltiplos modos de acelera\u00e7\u00e3o (Slow, Normal, Fast) e desacelera\u00e7\u00e3o (0, Slow, Normal, Fast) e possibilidade de desativar a paragem for\u00e7ada<\/li>\n<li>Ampla elei\u00e7\u00e3o de rotores acess\u00f3rios.<\/li>\n<\/ul>\n<p>&nbsp;<\/p>\n<p><img decoding=\"async\" class=\"aligncenter size-full wp-image-192\" src=\"\/wp-content\/uploads\/2018\/07\/LMC-3000.jpg\" alt=\"\" width=\"480\" height=\"360\" srcset=\"https:\/\/bonsailab.com\/wp-content\/uploads\/2018\/07\/LMC-3000-200x150.jpg 200w, https:\/\/bonsailab.com\/wp-content\/uploads\/2018\/07\/LMC-3000-300x225.jpg 300w, https:\/\/bonsailab.com\/wp-content\/uploads\/2018\/07\/LMC-3000-400x300.jpg 400w, https:\/\/bonsailab.com\/wp-content\/uploads\/2018\/07\/LMC-3000.jpg 480w\" sizes=\"(max-width: 480px) 100vw, 480px\" \/><\/p>\n","protected":false},"excerpt":{"rendered":"<ul>\n<li>Centr\u00edfuga de mesa de baixa velocidade desenhada para funcionar com microplacas e tubos de centr\u00edfuga de at\u00e9 50 ml.<\/li>\n<li>Intervalo de regula\u00e7\u00e3o de velocidade para tubos de centr\u00edfuga: 100-3000 rpm (1610 \u00d7 g)<\/li>\n<li>Intervalo de regula\u00e7\u00e3o de velocidade para placas de microtitula\u00e7\u00e3o: 100-2000 rpm (560 \u00d7 g)<\/li>\n<li>Ajuste de resolu\u00e7\u00e3o: 100 rpm<\/li>\n<\/ul>\n","protected":false},"featured_media":24722,"template":"","meta":{"_bbp_topic_count":0,"_bbp_reply_count":0,"_bbp_total_topic_count":0,"_bbp_total_reply_count":0,"_bbp_voice_count":0,"_bbp_anonymous_reply_count":0,"_bbp_topic_count_hidden":0,"_bbp_reply_count_hidden":0,"_bbp_forum_subforum_count":0,"rs_blank_template":"","rs_page_bg_color":"","slide_template_v7":""},"product_brand":[],"product_cat":[171,172],"product_tag":[],"class_list":{"0":"post-26227","1":"product","2":"type-product","3":"status-publish","4":"has-post-thumbnail","6":"product_cat-centrifugacao","7":"product_cat-centrifugas-de-bancada","9":"first","10":"instock","11":"shipping-taxable","12":"product-type-simple"},"yoast_head":"<!-- This site is optimized with the Yoast SEO plugin v27.5 - https:\/\/yoast.com\/product\/yoast-seo-wordpress\/ -->\n<title>LMC-3000 - Bonsai Lab<\/title>\n<meta name=\"robots\" content=\"index, follow, max-snippet:-1, max-image-preview:large, max-video-preview:-1\" \/>\n<link rel=\"canonical\" href=\"https:\/\/bonsailab.com\/pt-pt\/producto\/preparacao-de-amostras\/centrifugacao\/centrifugas-de-bancada\/lmc-3000\/\" \/>\n<meta property=\"og:locale\" content=\"pt_PT\" \/>\n<meta property=\"og:type\" content=\"article\" \/>\n<meta property=\"og:title\" content=\"LMC-3000 - Bonsai Lab\" \/>\n<meta property=\"og:description\" content=\"Centr\u00edfuga de mesa de baixa velocidade desenhada para funcionar com microplacas e tubos de centr\u00edfuga de at\u00e9 50 ml.  Intervalo de regula\u00e7\u00e3o de velocidade para tubos de centr\u00edfuga: 100-3000 rpm (1610 \u00d7 g)  Intervalo de regula\u00e7\u00e3o de velocidade para placas de microtitula\u00e7\u00e3o: 100-2000 rpm (560 \u00d7 g)  Ajuste de resolu\u00e7\u00e3o: 100 rpm\" \/>\n<meta property=\"og:url\" content=\"https:\/\/bonsailab.com\/pt-pt\/producto\/preparacao-de-amostras\/centrifugacao\/centrifugas-de-bancada\/lmc-3000\/\" \/>\n<meta property=\"og:site_name\" content=\"Bonsai Lab\" \/>\n<meta property=\"article:modified_time\" content=\"2023-03-15T15:53:07+00:00\" \/>\n<meta property=\"og:image\" content=\"https:\/\/bonsailab.com\/wp-content\/uploads\/2018\/07\/lmc-3000_sm.png\" \/>\n\t<meta property=\"og:image:width\" content=\"800\" \/>\n\t<meta property=\"og:image:height\" content=\"591\" \/>\n\t<meta property=\"og:image:type\" content=\"image\/png\" \/>\n<meta name=\"twitter:card\" content=\"summary_large_image\" \/>\n<meta name=\"twitter:label1\" content=\"Tempo estimado de leitura\" \/>\n\t<meta name=\"twitter:data1\" content=\"1 minuto\" \/>\n<script type=\"application\/ld+json\" class=\"yoast-schema-graph\">{\"@context\":\"https:\\\/\\\/schema.org\",\"@graph\":[{\"@type\":\"WebPage\",\"@id\":\"https:\\\/\\\/bonsailab.com\\\/pt-pt\\\/producto\\\/preparacao-de-amostras\\\/centrifugacao\\\/centrifugas-de-bancada\\\/lmc-3000\\\/\",\"url\":\"https:\\\/\\\/bonsailab.com\\\/pt-pt\\\/producto\\\/preparacao-de-amostras\\\/centrifugacao\\\/centrifugas-de-bancada\\\/lmc-3000\\\/\",\"name\":\"LMC-3000 - Bonsai Lab\",\"isPartOf\":{\"@id\":\"https:\\\/\\\/bonsailab.com\\\/#website\"},\"primaryImageOfPage\":{\"@id\":\"https:\\\/\\\/bonsailab.com\\\/pt-pt\\\/producto\\\/preparacao-de-amostras\\\/centrifugacao\\\/centrifugas-de-bancada\\\/lmc-3000\\\/#primaryimage\"},\"image\":{\"@id\":\"https:\\\/\\\/bonsailab.com\\\/pt-pt\\\/producto\\\/preparacao-de-amostras\\\/centrifugacao\\\/centrifugas-de-bancada\\\/lmc-3000\\\/#primaryimage\"},\"thumbnailUrl\":\"https:\\\/\\\/bonsailab.com\\\/wp-content\\\/uploads\\\/2018\\\/07\\\/lmc-3000_sm.png\",\"datePublished\":\"2018-07-25T09:02:58+00:00\",\"dateModified\":\"2023-03-15T15:53:07+00:00\",\"breadcrumb\":{\"@id\":\"https:\\\/\\\/bonsailab.com\\\/pt-pt\\\/producto\\\/preparacao-de-amostras\\\/centrifugacao\\\/centrifugas-de-bancada\\\/lmc-3000\\\/#breadcrumb\"},\"inLanguage\":\"pt-PT\",\"potentialAction\":[{\"@type\":\"ReadAction\",\"target\":[\"https:\\\/\\\/bonsailab.com\\\/pt-pt\\\/producto\\\/preparacao-de-amostras\\\/centrifugacao\\\/centrifugas-de-bancada\\\/lmc-3000\\\/\"]}]},{\"@type\":\"ImageObject\",\"inLanguage\":\"pt-PT\",\"@id\":\"https:\\\/\\\/bonsailab.com\\\/pt-pt\\\/producto\\\/preparacao-de-amostras\\\/centrifugacao\\\/centrifugas-de-bancada\\\/lmc-3000\\\/#primaryimage\",\"url\":\"https:\\\/\\\/bonsailab.com\\\/wp-content\\\/uploads\\\/2018\\\/07\\\/lmc-3000_sm.png\",\"contentUrl\":\"https:\\\/\\\/bonsailab.com\\\/wp-content\\\/uploads\\\/2018\\\/07\\\/lmc-3000_sm.png\",\"width\":800,\"height\":591},{\"@type\":\"BreadcrumbList\",\"@id\":\"https:\\\/\\\/bonsailab.com\\\/pt-pt\\\/producto\\\/preparacao-de-amostras\\\/centrifugacao\\\/centrifugas-de-bancada\\\/lmc-3000\\\/#breadcrumb\",\"itemListElement\":[{\"@type\":\"ListItem\",\"position\":1,\"name\":\"Portada\",\"item\":\"https:\\\/\\\/bonsailab.com\\\/pt-pt\\\/\"},{\"@type\":\"ListItem\",\"position\":2,\"name\":\"Tienda\",\"item\":\"https:\\\/\\\/bonsailab.com\\\/pt-pt\\\/tienda-2\\\/\"},{\"@type\":\"ListItem\",\"position\":3,\"name\":\"LMC-3000\"}]},{\"@type\":\"WebSite\",\"@id\":\"https:\\\/\\\/bonsailab.com\\\/#website\",\"url\":\"https:\\\/\\\/bonsailab.com\\\/\",\"name\":\"Bonsai Lab\",\"description\":\"\",\"publisher\":{\"@id\":\"https:\\\/\\\/bonsailab.com\\\/#organization\"},\"potentialAction\":[{\"@type\":\"SearchAction\",\"target\":{\"@type\":\"EntryPoint\",\"urlTemplate\":\"https:\\\/\\\/bonsailab.com\\\/?s={search_term_string}\"},\"query-input\":{\"@type\":\"PropertyValueSpecification\",\"valueRequired\":true,\"valueName\":\"search_term_string\"}}],\"inLanguage\":\"pt-PT\"},{\"@type\":\"Organization\",\"@id\":\"https:\\\/\\\/bonsailab.com\\\/#organization\",\"name\":\"BonsaiLab\",\"url\":\"https:\\\/\\\/bonsailab.com\\\/\",\"logo\":{\"@type\":\"ImageObject\",\"inLanguage\":\"pt-PT\",\"@id\":\"https:\\\/\\\/bonsailab.com\\\/#\\\/schema\\\/logo\\\/image\\\/\",\"url\":\"https:\\\/\\\/bonsailab.com\\\/wp-content\\\/uploads\\\/2018\\\/07\\\/logo_bonsailab.png\",\"contentUrl\":\"https:\\\/\\\/bonsailab.com\\\/wp-content\\\/uploads\\\/2018\\\/07\\\/logo_bonsailab.png\",\"width\":280,\"height\":40,\"caption\":\"BonsaiLab\"},\"image\":{\"@id\":\"https:\\\/\\\/bonsailab.com\\\/#\\\/schema\\\/logo\\\/image\\\/\"},\"sameAs\":[\"https:\\\/\\\/www.linkedin.com\\\/company\\\/bonsai-advanced-technologies-s-l-\\\/\",\"https:\\\/\\\/www.youtube.com\\\/channel\\\/UCv7xfNvsrS9NADlz0yQFWGA\"]}]}<\/script>\n<!-- \/ Yoast SEO plugin. -->","yoast_head_json":{"title":"LMC-3000 - Bonsai Lab","robots":{"index":"index","follow":"follow","max-snippet":"max-snippet:-1","max-image-preview":"max-image-preview:large","max-video-preview":"max-video-preview:-1"},"canonical":"https:\/\/bonsailab.com\/pt-pt\/producto\/preparacao-de-amostras\/centrifugacao\/centrifugas-de-bancada\/lmc-3000\/","og_locale":"pt_PT","og_type":"article","og_title":"LMC-3000 - Bonsai Lab","og_description":"Centr\u00edfuga de mesa de baixa velocidade desenhada para funcionar com microplacas e tubos de centr\u00edfuga de at\u00e9 50 ml.  Intervalo de regula\u00e7\u00e3o de velocidade para tubos de centr\u00edfuga: 100-3000 rpm (1610 \u00d7 g)  Intervalo de regula\u00e7\u00e3o de velocidade para placas de microtitula\u00e7\u00e3o: 100-2000 rpm (560 \u00d7 g)  Ajuste de resolu\u00e7\u00e3o: 100 rpm","og_url":"https:\/\/bonsailab.com\/pt-pt\/producto\/preparacao-de-amostras\/centrifugacao\/centrifugas-de-bancada\/lmc-3000\/","og_site_name":"Bonsai Lab","article_modified_time":"2023-03-15T15:53:07+00:00","og_image":[{"width":800,"height":591,"url":"https:\/\/bonsailab.com\/wp-content\/uploads\/2018\/07\/lmc-3000_sm.png","type":"image\/png"}],"twitter_card":"summary_large_image","twitter_misc":{"Tempo estimado de leitura":"1 minuto"},"schema":{"@context":"https:\/\/schema.org","@graph":[{"@type":"WebPage","@id":"https:\/\/bonsailab.com\/pt-pt\/producto\/preparacao-de-amostras\/centrifugacao\/centrifugas-de-bancada\/lmc-3000\/","url":"https:\/\/bonsailab.com\/pt-pt\/producto\/preparacao-de-amostras\/centrifugacao\/centrifugas-de-bancada\/lmc-3000\/","name":"LMC-3000 - Bonsai Lab","isPartOf":{"@id":"https:\/\/bonsailab.com\/#website"},"primaryImageOfPage":{"@id":"https:\/\/bonsailab.com\/pt-pt\/producto\/preparacao-de-amostras\/centrifugacao\/centrifugas-de-bancada\/lmc-3000\/#primaryimage"},"image":{"@id":"https:\/\/bonsailab.com\/pt-pt\/producto\/preparacao-de-amostras\/centrifugacao\/centrifugas-de-bancada\/lmc-3000\/#primaryimage"},"thumbnailUrl":"https:\/\/bonsailab.com\/wp-content\/uploads\/2018\/07\/lmc-3000_sm.png","datePublished":"2018-07-25T09:02:58+00:00","dateModified":"2023-03-15T15:53:07+00:00","breadcrumb":{"@id":"https:\/\/bonsailab.com\/pt-pt\/producto\/preparacao-de-amostras\/centrifugacao\/centrifugas-de-bancada\/lmc-3000\/#breadcrumb"},"inLanguage":"pt-PT","potentialAction":[{"@type":"ReadAction","target":["https:\/\/bonsailab.com\/pt-pt\/producto\/preparacao-de-amostras\/centrifugacao\/centrifugas-de-bancada\/lmc-3000\/"]}]},{"@type":"ImageObject","inLanguage":"pt-PT","@id":"https:\/\/bonsailab.com\/pt-pt\/producto\/preparacao-de-amostras\/centrifugacao\/centrifugas-de-bancada\/lmc-3000\/#primaryimage","url":"https:\/\/bonsailab.com\/wp-content\/uploads\/2018\/07\/lmc-3000_sm.png","contentUrl":"https:\/\/bonsailab.com\/wp-content\/uploads\/2018\/07\/lmc-3000_sm.png","width":800,"height":591},{"@type":"BreadcrumbList","@id":"https:\/\/bonsailab.com\/pt-pt\/producto\/preparacao-de-amostras\/centrifugacao\/centrifugas-de-bancada\/lmc-3000\/#breadcrumb","itemListElement":[{"@type":"ListItem","position":1,"name":"Portada","item":"https:\/\/bonsailab.com\/pt-pt\/"},{"@type":"ListItem","position":2,"name":"Tienda","item":"https:\/\/bonsailab.com\/pt-pt\/tienda-2\/"},{"@type":"ListItem","position":3,"name":"LMC-3000"}]},{"@type":"WebSite","@id":"https:\/\/bonsailab.com\/#website","url":"https:\/\/bonsailab.com\/","name":"Bonsai Lab","description":"","publisher":{"@id":"https:\/\/bonsailab.com\/#organization"},"potentialAction":[{"@type":"SearchAction","target":{"@type":"EntryPoint","urlTemplate":"https:\/\/bonsailab.com\/?s={search_term_string}"},"query-input":{"@type":"PropertyValueSpecification","valueRequired":true,"valueName":"search_term_string"}}],"inLanguage":"pt-PT"},{"@type":"Organization","@id":"https:\/\/bonsailab.com\/#organization","name":"BonsaiLab","url":"https:\/\/bonsailab.com\/","logo":{"@type":"ImageObject","inLanguage":"pt-PT","@id":"https:\/\/bonsailab.com\/#\/schema\/logo\/image\/","url":"https:\/\/bonsailab.com\/wp-content\/uploads\/2018\/07\/logo_bonsailab.png","contentUrl":"https:\/\/bonsailab.com\/wp-content\/uploads\/2018\/07\/logo_bonsailab.png","width":280,"height":40,"caption":"BonsaiLab"},"image":{"@id":"https:\/\/bonsailab.com\/#\/schema\/logo\/image\/"},"sameAs":["https:\/\/www.linkedin.com\/company\/bonsai-advanced-technologies-s-l-\/","https:\/\/www.youtube.com\/channel\/UCv7xfNvsrS9NADlz0yQFWGA"]}]}},"_links":{"self":[{"href":"https:\/\/bonsailab.com\/pt-pt\/wp-json\/wp\/v2\/product\/26227","targetHints":{"allow":["GET"]}}],"collection":[{"href":"https:\/\/bonsailab.com\/pt-pt\/wp-json\/wp\/v2\/product"}],"about":[{"href":"https:\/\/bonsailab.com\/pt-pt\/wp-json\/wp\/v2\/types\/product"}],"wp:featuredmedia":[{"embeddable":true,"href":"https:\/\/bonsailab.com\/pt-pt\/wp-json\/wp\/v2\/media\/24722"}],"wp:attachment":[{"href":"https:\/\/bonsailab.com\/pt-pt\/wp-json\/wp\/v2\/media?parent=26227"}],"wp:term":[{"taxonomy":"product_brand","embeddable":true,"href":"https:\/\/bonsailab.com\/pt-pt\/wp-json\/wp\/v2\/product_brand?post=26227"},{"taxonomy":"product_cat","embeddable":true,"href":"https:\/\/bonsailab.com\/pt-pt\/wp-json\/wp\/v2\/product_cat?post=26227"},{"taxonomy":"product_tag","embeddable":true,"href":"https:\/\/bonsailab.com\/pt-pt\/wp-json\/wp\/v2\/product_tag?post=26227"}],"curies":[{"name":"wp","href":"https:\/\/api.w.org\/{rel}","templated":true}]}}