{"id":26215,"date":"2018-07-17T13:51:35","date_gmt":"2018-07-17T13:51:35","guid":{"rendered":"https:\/\/bonsailab.com\/?post_type=product&#038;p=26215"},"modified":"2023-03-15T15:25:56","modified_gmt":"2023-03-15T15:25:56","slug":"agitador-incubador-orbital-es-20-60","status":"publish","type":"product","link":"https:\/\/bonsailab.com\/pt-pt\/producto\/agitacao-e-incubacao\/incubacao\/com-agitacao\/agitador-incubador-orbital-es-20-60\/","title":{"rendered":"Agitador-Incubador Orbital ES-20\/60"},"content":{"rendered":"<p><span lang=\"PT\">Equipamento de categoria profissional desenhado para o cultivo de microorganismos e c\u00e9lulas eucariotas, incluindo c\u00e9lulas de insetos, plantas e animais. O agitador est\u00e1 equipado com um mecanismo de acionamento direto para mover a plataforma. Proporciona um funcionamento est\u00e1vel e fi\u00e1vel para as experi\u00eancias de larga dura\u00e7\u00e3o necess\u00e1rias para a prolifera\u00e7\u00e3o celular. O agitador-incubador orbital ES-20\/60 proporciona uma agita\u00e7\u00e3o suave e intensa em frascos instalados na plataforma.<\/span><\/p>\n<p><span lang=\"PT\">O ventilador integrado sem escovas e termorresistente proporciona uma distribui\u00e7\u00e3o precisa da temperatura no interior da c\u00e2mara (ajust\u00e1vel at\u00e9 +80\u00b0C). A c\u00e1mara interna est\u00e1 fabricada em a\u00e7o inoxid\u00e1vel. O motor vanguardista, os materiais de isolamento t\u00e9rmico mais recentes, o arranque suave do movimento da plataforma e o controlo PID da temperatura diminuem o consumo de energia e convertem o agitador-incubador num elemento de muito baixo consumo, apesar do seu tamanho relativamente grande.<\/span><\/p>\n<p>&nbsp;<\/p>\n<p><img decoding=\"async\" class=\"size-medium wp-image-82 aligncenter\" src=\"\/wp-content\/uploads\/2018\/07\/clamps-3-300x222.png\" alt=\"\" width=\"300\" height=\"222\" srcset=\"https:\/\/bonsailab.com\/wp-content\/uploads\/2018\/07\/clamps-3-200x148.png 200w, https:\/\/bonsailab.com\/wp-content\/uploads\/2018\/07\/clamps-3-300x222.png 300w, https:\/\/bonsailab.com\/wp-content\/uploads\/2018\/07\/clamps-3-400x295.png 400w, https:\/\/bonsailab.com\/wp-content\/uploads\/2018\/07\/clamps-3.png 493w\" sizes=\"(max-width: 300px) 100vw, 300px\" \/><\/p>\n","protected":false},"excerpt":{"rendered":"<ul>\n<li>Agitador-Incubador Orbital de Biosan<\/li>\n<li>Desenhado para o cultivo de microorganismos e c\u00e9lulas eucariotas, incluindo as c\u00e9lulas de insetos, plantas e animais.<\/li>\n<li>Funcionamento est\u00e1vel e fi\u00e1vel de baixo consumo.<\/li>\n<\/ul>\n","protected":false},"featured_media":24687,"template":"","meta":{"_bbp_topic_count":0,"_bbp_reply_count":0,"_bbp_total_topic_count":0,"_bbp_total_reply_count":0,"_bbp_voice_count":0,"_bbp_anonymous_reply_count":0,"_bbp_topic_count_hidden":0,"_bbp_reply_count_hidden":0,"_bbp_forum_subforum_count":0,"rs_blank_template":"","rs_page_bg_color":"","slide_template_v7":""},"product_brand":[],"product_cat":[162,164,169],"product_tag":[],"class_list":{"0":"post-26215","1":"product","2":"type-product","3":"status-publish","4":"has-post-thumbnail","6":"product_cat-agitacao-e-incubacao","7":"product_cat-incubacao","8":"product_cat-com-agitacao","10":"first","11":"instock","12":"shipping-taxable","13":"product-type-simple"},"yoast_head":"<!-- This site is optimized with the Yoast SEO plugin v27.2 - https:\/\/yoast.com\/product\/yoast-seo-wordpress\/ -->\n<title>Agitador-Incubador Orbital ES-20\/60 - Bonsai Lab<\/title>\n<meta name=\"robots\" content=\"index, follow, max-snippet:-1, max-image-preview:large, max-video-preview:-1\" \/>\n<link rel=\"canonical\" href=\"https:\/\/bonsailab.com\/pt-pt\/producto\/preparacao-de-amostras\/agitacao-e-incubacao\/incubacao\/com-agitacao\/agitador-incubador-orbital-es-20-60\/\" \/>\n<meta property=\"og:locale\" content=\"pt_PT\" \/>\n<meta property=\"og:type\" content=\"article\" \/>\n<meta property=\"og:title\" content=\"Agitador-Incubador Orbital ES-20\/60 - Bonsai Lab\" \/>\n<meta property=\"og:description\" content=\"Agitador-Incubador Orbital de Biosan  Desenhado para o cultivo de microorganismos e c\u00e9lulas eucariotas, incluindo as c\u00e9lulas de insetos, plantas e animais.  Funcionamento est\u00e1vel e fi\u00e1vel de baixo consumo.\" \/>\n<meta property=\"og:url\" content=\"https:\/\/bonsailab.com\/pt-pt\/producto\/preparacao-de-amostras\/agitacao-e-incubacao\/incubacao\/com-agitacao\/agitador-incubador-orbital-es-20-60\/\" \/>\n<meta property=\"og:site_name\" content=\"Bonsai Lab\" \/>\n<meta property=\"article:modified_time\" content=\"2023-03-15T15:25:56+00:00\" \/>\n<meta property=\"og:image\" content=\"https:\/\/bonsailab.com\/wp-content\/uploads\/2018\/07\/es-20-60.png\" \/>\n\t<meta property=\"og:image:width\" content=\"700\" \/>\n\t<meta property=\"og:image:height\" content=\"560\" \/>\n\t<meta property=\"og:image:type\" content=\"image\/png\" \/>\n<meta name=\"twitter:card\" content=\"summary_large_image\" \/>\n<meta name=\"twitter:label1\" content=\"Tempo estimado de leitura\" \/>\n\t<meta name=\"twitter:data1\" content=\"1 minuto\" \/>\n<script type=\"application\/ld+json\" class=\"yoast-schema-graph\">{\"@context\":\"https:\/\/schema.org\",\"@graph\":[{\"@type\":\"WebPage\",\"@id\":\"https:\/\/bonsailab.com\/pt-pt\/producto\/preparacao-de-amostras\/agitacao-e-incubacao\/incubacao\/com-agitacao\/agitador-incubador-orbital-es-20-60\/\",\"url\":\"https:\/\/bonsailab.com\/pt-pt\/producto\/preparacao-de-amostras\/agitacao-e-incubacao\/incubacao\/com-agitacao\/agitador-incubador-orbital-es-20-60\/\",\"name\":\"Agitador-Incubador Orbital ES-20\/60 - Bonsai Lab\",\"isPartOf\":{\"@id\":\"https:\/\/bonsailab.com\/#website\"},\"primaryImageOfPage\":{\"@id\":\"https:\/\/bonsailab.com\/pt-pt\/producto\/preparacao-de-amostras\/agitacao-e-incubacao\/incubacao\/com-agitacao\/agitador-incubador-orbital-es-20-60\/#primaryimage\"},\"image\":{\"@id\":\"https:\/\/bonsailab.com\/pt-pt\/producto\/preparacao-de-amostras\/agitacao-e-incubacao\/incubacao\/com-agitacao\/agitador-incubador-orbital-es-20-60\/#primaryimage\"},\"thumbnailUrl\":\"https:\/\/bonsailab.com\/wp-content\/uploads\/2018\/07\/es-20-60.png\",\"datePublished\":\"2018-07-17T13:51:35+00:00\",\"dateModified\":\"2023-03-15T15:25:56+00:00\",\"breadcrumb\":{\"@id\":\"https:\/\/bonsailab.com\/pt-pt\/producto\/preparacao-de-amostras\/agitacao-e-incubacao\/incubacao\/com-agitacao\/agitador-incubador-orbital-es-20-60\/#breadcrumb\"},\"inLanguage\":\"pt-PT\",\"potentialAction\":[{\"@type\":\"ReadAction\",\"target\":[\"https:\/\/bonsailab.com\/pt-pt\/producto\/preparacao-de-amostras\/agitacao-e-incubacao\/incubacao\/com-agitacao\/agitador-incubador-orbital-es-20-60\/\"]}]},{\"@type\":\"ImageObject\",\"inLanguage\":\"pt-PT\",\"@id\":\"https:\/\/bonsailab.com\/pt-pt\/producto\/preparacao-de-amostras\/agitacao-e-incubacao\/incubacao\/com-agitacao\/agitador-incubador-orbital-es-20-60\/#primaryimage\",\"url\":\"https:\/\/bonsailab.com\/wp-content\/uploads\/2018\/07\/es-20-60.png\",\"contentUrl\":\"https:\/\/bonsailab.com\/wp-content\/uploads\/2018\/07\/es-20-60.png\",\"width\":700,\"height\":560},{\"@type\":\"BreadcrumbList\",\"@id\":\"https:\/\/bonsailab.com\/pt-pt\/producto\/preparacao-de-amostras\/agitacao-e-incubacao\/incubacao\/com-agitacao\/agitador-incubador-orbital-es-20-60\/#breadcrumb\",\"itemListElement\":[{\"@type\":\"ListItem\",\"position\":1,\"name\":\"Portada\",\"item\":\"https:\/\/bonsailab.com\/pt-pt\/\"},{\"@type\":\"ListItem\",\"position\":2,\"name\":\"Tienda\",\"item\":\"https:\/\/bonsailab.com\/pt-pt\/tienda-2\/\"},{\"@type\":\"ListItem\",\"position\":3,\"name\":\"Agitador-Incubador Orbital ES-20\/60\"}]},{\"@type\":\"WebSite\",\"@id\":\"https:\/\/bonsailab.com\/#website\",\"url\":\"https:\/\/bonsailab.com\/\",\"name\":\"Bonsai Lab\",\"description\":\"\",\"publisher\":{\"@id\":\"https:\/\/bonsailab.com\/#organization\"},\"potentialAction\":[{\"@type\":\"SearchAction\",\"target\":{\"@type\":\"EntryPoint\",\"urlTemplate\":\"https:\/\/bonsailab.com\/?s={search_term_string}\"},\"query-input\":{\"@type\":\"PropertyValueSpecification\",\"valueRequired\":true,\"valueName\":\"search_term_string\"}}],\"inLanguage\":\"pt-PT\"},{\"@type\":\"Organization\",\"@id\":\"https:\/\/bonsailab.com\/#organization\",\"name\":\"BonsaiLab\",\"url\":\"https:\/\/bonsailab.com\/\",\"logo\":{\"@type\":\"ImageObject\",\"inLanguage\":\"pt-PT\",\"@id\":\"https:\/\/bonsailab.com\/#\/schema\/logo\/image\/\",\"url\":\"https:\/\/bonsailab.com\/wp-content\/uploads\/2018\/07\/logo_bonsailab.png\",\"contentUrl\":\"https:\/\/bonsailab.com\/wp-content\/uploads\/2018\/07\/logo_bonsailab.png\",\"width\":280,\"height\":40,\"caption\":\"BonsaiLab\"},\"image\":{\"@id\":\"https:\/\/bonsailab.com\/#\/schema\/logo\/image\/\"},\"sameAs\":[\"https:\/\/www.linkedin.com\/company\/bonsai-advanced-technologies-s-l-\/\",\"https:\/\/www.youtube.com\/channel\/UCv7xfNvsrS9NADlz0yQFWGA\"]}]}<\/script>\n<!-- \/ Yoast SEO plugin. -->","yoast_head_json":{"title":"Agitador-Incubador Orbital ES-20\/60 - Bonsai Lab","robots":{"index":"index","follow":"follow","max-snippet":"max-snippet:-1","max-image-preview":"max-image-preview:large","max-video-preview":"max-video-preview:-1"},"canonical":"https:\/\/bonsailab.com\/pt-pt\/producto\/preparacao-de-amostras\/agitacao-e-incubacao\/incubacao\/com-agitacao\/agitador-incubador-orbital-es-20-60\/","og_locale":"pt_PT","og_type":"article","og_title":"Agitador-Incubador Orbital ES-20\/60 - Bonsai Lab","og_description":"Agitador-Incubador Orbital de Biosan  Desenhado para o cultivo de microorganismos e c\u00e9lulas eucariotas, incluindo as c\u00e9lulas de insetos, plantas e animais.  Funcionamento est\u00e1vel e fi\u00e1vel de baixo consumo.","og_url":"https:\/\/bonsailab.com\/pt-pt\/producto\/preparacao-de-amostras\/agitacao-e-incubacao\/incubacao\/com-agitacao\/agitador-incubador-orbital-es-20-60\/","og_site_name":"Bonsai Lab","article_modified_time":"2023-03-15T15:25:56+00:00","og_image":[{"width":700,"height":560,"url":"https:\/\/bonsailab.com\/wp-content\/uploads\/2018\/07\/es-20-60.png","type":"image\/png"}],"twitter_card":"summary_large_image","twitter_misc":{"Tempo estimado de leitura":"1 minuto"},"schema":{"@context":"https:\/\/schema.org","@graph":[{"@type":"WebPage","@id":"https:\/\/bonsailab.com\/pt-pt\/producto\/preparacao-de-amostras\/agitacao-e-incubacao\/incubacao\/com-agitacao\/agitador-incubador-orbital-es-20-60\/","url":"https:\/\/bonsailab.com\/pt-pt\/producto\/preparacao-de-amostras\/agitacao-e-incubacao\/incubacao\/com-agitacao\/agitador-incubador-orbital-es-20-60\/","name":"Agitador-Incubador Orbital ES-20\/60 - Bonsai Lab","isPartOf":{"@id":"https:\/\/bonsailab.com\/#website"},"primaryImageOfPage":{"@id":"https:\/\/bonsailab.com\/pt-pt\/producto\/preparacao-de-amostras\/agitacao-e-incubacao\/incubacao\/com-agitacao\/agitador-incubador-orbital-es-20-60\/#primaryimage"},"image":{"@id":"https:\/\/bonsailab.com\/pt-pt\/producto\/preparacao-de-amostras\/agitacao-e-incubacao\/incubacao\/com-agitacao\/agitador-incubador-orbital-es-20-60\/#primaryimage"},"thumbnailUrl":"https:\/\/bonsailab.com\/wp-content\/uploads\/2018\/07\/es-20-60.png","datePublished":"2018-07-17T13:51:35+00:00","dateModified":"2023-03-15T15:25:56+00:00","breadcrumb":{"@id":"https:\/\/bonsailab.com\/pt-pt\/producto\/preparacao-de-amostras\/agitacao-e-incubacao\/incubacao\/com-agitacao\/agitador-incubador-orbital-es-20-60\/#breadcrumb"},"inLanguage":"pt-PT","potentialAction":[{"@type":"ReadAction","target":["https:\/\/bonsailab.com\/pt-pt\/producto\/preparacao-de-amostras\/agitacao-e-incubacao\/incubacao\/com-agitacao\/agitador-incubador-orbital-es-20-60\/"]}]},{"@type":"ImageObject","inLanguage":"pt-PT","@id":"https:\/\/bonsailab.com\/pt-pt\/producto\/preparacao-de-amostras\/agitacao-e-incubacao\/incubacao\/com-agitacao\/agitador-incubador-orbital-es-20-60\/#primaryimage","url":"https:\/\/bonsailab.com\/wp-content\/uploads\/2018\/07\/es-20-60.png","contentUrl":"https:\/\/bonsailab.com\/wp-content\/uploads\/2018\/07\/es-20-60.png","width":700,"height":560},{"@type":"BreadcrumbList","@id":"https:\/\/bonsailab.com\/pt-pt\/producto\/preparacao-de-amostras\/agitacao-e-incubacao\/incubacao\/com-agitacao\/agitador-incubador-orbital-es-20-60\/#breadcrumb","itemListElement":[{"@type":"ListItem","position":1,"name":"Portada","item":"https:\/\/bonsailab.com\/pt-pt\/"},{"@type":"ListItem","position":2,"name":"Tienda","item":"https:\/\/bonsailab.com\/pt-pt\/tienda-2\/"},{"@type":"ListItem","position":3,"name":"Agitador-Incubador Orbital ES-20\/60"}]},{"@type":"WebSite","@id":"https:\/\/bonsailab.com\/#website","url":"https:\/\/bonsailab.com\/","name":"Bonsai Lab","description":"","publisher":{"@id":"https:\/\/bonsailab.com\/#organization"},"potentialAction":[{"@type":"SearchAction","target":{"@type":"EntryPoint","urlTemplate":"https:\/\/bonsailab.com\/?s={search_term_string}"},"query-input":{"@type":"PropertyValueSpecification","valueRequired":true,"valueName":"search_term_string"}}],"inLanguage":"pt-PT"},{"@type":"Organization","@id":"https:\/\/bonsailab.com\/#organization","name":"BonsaiLab","url":"https:\/\/bonsailab.com\/","logo":{"@type":"ImageObject","inLanguage":"pt-PT","@id":"https:\/\/bonsailab.com\/#\/schema\/logo\/image\/","url":"https:\/\/bonsailab.com\/wp-content\/uploads\/2018\/07\/logo_bonsailab.png","contentUrl":"https:\/\/bonsailab.com\/wp-content\/uploads\/2018\/07\/logo_bonsailab.png","width":280,"height":40,"caption":"BonsaiLab"},"image":{"@id":"https:\/\/bonsailab.com\/#\/schema\/logo\/image\/"},"sameAs":["https:\/\/www.linkedin.com\/company\/bonsai-advanced-technologies-s-l-\/","https:\/\/www.youtube.com\/channel\/UCv7xfNvsrS9NADlz0yQFWGA"]}]}},"_links":{"self":[{"href":"https:\/\/bonsailab.com\/pt-pt\/wp-json\/wp\/v2\/product\/26215","targetHints":{"allow":["GET"]}}],"collection":[{"href":"https:\/\/bonsailab.com\/pt-pt\/wp-json\/wp\/v2\/product"}],"about":[{"href":"https:\/\/bonsailab.com\/pt-pt\/wp-json\/wp\/v2\/types\/product"}],"wp:featuredmedia":[{"embeddable":true,"href":"https:\/\/bonsailab.com\/pt-pt\/wp-json\/wp\/v2\/media\/24687"}],"wp:attachment":[{"href":"https:\/\/bonsailab.com\/pt-pt\/wp-json\/wp\/v2\/media?parent=26215"}],"wp:term":[{"taxonomy":"product_brand","embeddable":true,"href":"https:\/\/bonsailab.com\/pt-pt\/wp-json\/wp\/v2\/product_brand?post=26215"},{"taxonomy":"product_cat","embeddable":true,"href":"https:\/\/bonsailab.com\/pt-pt\/wp-json\/wp\/v2\/product_cat?post=26215"},{"taxonomy":"product_tag","embeddable":true,"href":"https:\/\/bonsailab.com\/pt-pt\/wp-json\/wp\/v2\/product_tag?post=26215"}],"curies":[{"name":"wp","href":"https:\/\/api.w.org\/{rel}","templated":true}]}}