{"id":26211,"date":"2020-02-17T09:29:52","date_gmt":"2020-02-17T09:29:52","guid":{"rendered":"https:\/\/bonsailab.com\/?post_type=product&#038;p=26211"},"modified":"2023-03-15T15:19:09","modified_gmt":"2023-03-15T15:19:09","slug":"agitador-incubador-orbital-es-20-80","status":"publish","type":"product","link":"https:\/\/bonsailab.com\/pt-pt\/producto\/agitacao-e-incubacao\/incubacao\/com-agitacao\/agitador-incubador-orbital-es-20-80\/","title":{"rendered":"Agitador-Incubador Orbital ES-20\/80"},"content":{"rendered":"<p style=\"text-align: justify;\"><span lang=\"PT\">O Agitador-Incubador ES-20\/80 para laborat\u00f3rios farmac\u00eauticos e de biotecnologia \u00e9 um equipamento de categoria profissional. As aplica\u00e7\u00f5es t\u00edpicas incluem o cultivo microbiol\u00f3gico e celular, express\u00e3o de prote\u00ednas, estudos de solubilidade, agita\u00e7\u00e3o geral, assim como outras aplica\u00e7\u00f5es nos campos da biologia e qu\u00edmica.<\/span><\/p>\n<h5><span lang=\"PT\">Equipamento<\/span><\/h5>\n<p style=\"text-align: justify;\"><span lang=\"PT\">A unidade est\u00e1 equipada com um novo mecanismo triplo exc\u00eantrico rec\u00e9m desenvolvido para o movimento da plataforma que proporciona melhores caracter\u00edsticas de oscila\u00e7\u00e3o, uma fiabilidade superior e um funcionamento silencioso. A estabilidade conseguida na unidade durante a agita\u00e7\u00e3o en\u00e9rgica permite instalar at\u00e9 3 unidades compiladas, com a conseguinte poupan\u00e7a de espa\u00e7o. O novo ecr\u00e3 e a interface de usu\u00e1rio f\u00e1cil de utilizar proporcionam um controlo claro e intuitivo dos par\u00e2metros e tamb\u00e9m permite o registo, armazenamento e apresenta\u00e7\u00e3o de dados tendo em conta o tempo. Caracter\u00edsticas adicionais como o sensor de desequil\u00edbrio e a dete\u00e7\u00e3o autom\u00e1tica de falha do termostato fazem deste incubador-agitador um produto avan\u00e7ado e seguro. A conetividade Bluetooth a um PC permite a gest\u00e3o dos dados, o registo de dados, o controlo de par\u00e2metros e a cria\u00e7\u00e3o de perfis num software espec\u00edfico.<\/span><\/p>\n<p style=\"text-align: justify;\"><span lang=\"PT\">O ventilador integrado sem escovas e termorresistente proporciona uma distribui\u00e7\u00e3o precisa da temperatura no interior da c\u00e2mara (desde +5 \u00b0C superior \u00e0 temperatura ambiente at\u00e9 +80 \u00b0C). Al\u00e9m do mais, consegue-se uma excelente uniformidade da temperatura da amostra de \u00b10,3 \u00b0C a 37 \u00b0C. A c\u00e2mara interna est\u00e1 fabricada em a\u00e7o inoxid\u00e1vel. A tecnologia de ponta do motor, os materiais de isolamento t\u00e9rmico e o controlador de par\u00e2metros PID reduzem o consumo de energia e convertem o incubador-agitador em um elemento de muito baixo consumo, apesar do seu tamanho relativamente grande.<\/span><\/p>\n<p style=\"text-align: justify;\"><span lang=\"PT\">O pacote padr\u00e3o do Agitador-Incubador Orbital ES-20\/80 inclui o software de funcionamento com pc (n\u00e3o inclui plataformas).<\/span><\/p>\n<p style=\"text-align: justify;\"><span lang=\"PT\">At\u00e9 5 plataformas compat\u00edveis com o incubador, al\u00e9m dos kits de compela\u00e7\u00e3o para 2 e 3 ES-20\/80.<\/span><\/p>\n","protected":false},"excerpt":{"rendered":"<ul>\n<li>Incubador com agita\u00e7\u00e3o orbital de Biosan.<\/li>\n<li>Desenhado para o cultivo microbiol\u00f3gico e celular, express\u00e3o de prote\u00ednas, estudos de solubilidade, agita\u00e7\u00e3o geral\u2026<\/li>\n<li>Equipado com o novo mecanismo triplo exc\u00eantrico que proporciona melhores caracter\u00edsticas de oscila\u00e7\u00e3o, fiabilidade superior e funcionamento silencioso.<\/li>\n<li>Possibilidade de compilar at\u00e9 3 equipamentos na vertical.<\/li>\n<\/ul>\n","protected":false},"featured_media":25057,"template":"","meta":{"_bbp_topic_count":0,"_bbp_reply_count":0,"_bbp_total_topic_count":0,"_bbp_total_reply_count":0,"_bbp_voice_count":0,"_bbp_anonymous_reply_count":0,"_bbp_topic_count_hidden":0,"_bbp_reply_count_hidden":0,"_bbp_forum_subforum_count":0,"rs_blank_template":"","rs_page_bg_color":"","slide_template_v7":""},"product_brand":[],"product_cat":[162,164,169],"product_tag":[],"class_list":{"0":"post-26211","1":"product","2":"type-product","3":"status-publish","4":"has-post-thumbnail","6":"product_cat-agitacao-e-incubacao","7":"product_cat-incubacao","8":"product_cat-com-agitacao","10":"first","11":"instock","12":"shipping-taxable","13":"product-type-simple"},"yoast_head":"<!-- This site is optimized with the Yoast SEO plugin v27.2 - https:\/\/yoast.com\/product\/yoast-seo-wordpress\/ -->\n<title>Agitador-Incubador Orbital ES-20\/80 - Bonsai Lab<\/title>\n<meta name=\"robots\" content=\"index, follow, max-snippet:-1, max-image-preview:large, max-video-preview:-1\" \/>\n<link rel=\"canonical\" href=\"https:\/\/bonsailab.com\/pt-pt\/producto\/preparacao-de-amostras\/agitacao-e-incubacao\/incubacao\/com-agitacao\/agitador-incubador-orbital-es-20-80\/\" \/>\n<meta property=\"og:locale\" content=\"pt_PT\" \/>\n<meta property=\"og:type\" content=\"article\" \/>\n<meta property=\"og:title\" content=\"Agitador-Incubador Orbital ES-20\/80 - Bonsai Lab\" \/>\n<meta property=\"og:description\" content=\"Incubador com agita\u00e7\u00e3o orbital de Biosan.  Desenhado para o cultivo microbiol\u00f3gico e celular, express\u00e3o de prote\u00ednas, estudos de solubilidade, agita\u00e7\u00e3o geral\u2026  Equipado com o novo mecanismo triplo exc\u00eantrico que proporciona melhores caracter\u00edsticas de oscila\u00e7\u00e3o, fiabilidade superior e funcionamento silencioso.  Possibilidade de compilar at\u00e9 3 equipamentos na vertical.\" \/>\n<meta property=\"og:url\" content=\"https:\/\/bonsailab.com\/pt-pt\/producto\/preparacao-de-amostras\/agitacao-e-incubacao\/incubacao\/com-agitacao\/agitador-incubador-orbital-es-20-80\/\" \/>\n<meta property=\"og:site_name\" content=\"Bonsai Lab\" \/>\n<meta property=\"article:modified_time\" content=\"2023-03-15T15:19:09+00:00\" \/>\n<meta property=\"og:image\" content=\"https:\/\/bonsailab.com\/wp-content\/uploads\/2020\/02\/agitador-incubador-es2080.png\" \/>\n\t<meta property=\"og:image:width\" content=\"750\" \/>\n\t<meta property=\"og:image:height\" content=\"600\" \/>\n\t<meta property=\"og:image:type\" content=\"image\/png\" \/>\n<meta name=\"twitter:card\" content=\"summary_large_image\" \/>\n<meta name=\"twitter:label1\" content=\"Tempo estimado de leitura\" \/>\n\t<meta name=\"twitter:data1\" content=\"2 minutos\" \/>\n<script type=\"application\/ld+json\" class=\"yoast-schema-graph\">{\"@context\":\"https:\/\/schema.org\",\"@graph\":[{\"@type\":\"WebPage\",\"@id\":\"https:\/\/bonsailab.com\/pt-pt\/producto\/preparacao-de-amostras\/agitacao-e-incubacao\/incubacao\/com-agitacao\/agitador-incubador-orbital-es-20-80\/\",\"url\":\"https:\/\/bonsailab.com\/pt-pt\/producto\/preparacao-de-amostras\/agitacao-e-incubacao\/incubacao\/com-agitacao\/agitador-incubador-orbital-es-20-80\/\",\"name\":\"Agitador-Incubador Orbital ES-20\/80 - Bonsai Lab\",\"isPartOf\":{\"@id\":\"https:\/\/bonsailab.com\/#website\"},\"primaryImageOfPage\":{\"@id\":\"https:\/\/bonsailab.com\/pt-pt\/producto\/preparacao-de-amostras\/agitacao-e-incubacao\/incubacao\/com-agitacao\/agitador-incubador-orbital-es-20-80\/#primaryimage\"},\"image\":{\"@id\":\"https:\/\/bonsailab.com\/pt-pt\/producto\/preparacao-de-amostras\/agitacao-e-incubacao\/incubacao\/com-agitacao\/agitador-incubador-orbital-es-20-80\/#primaryimage\"},\"thumbnailUrl\":\"https:\/\/bonsailab.com\/wp-content\/uploads\/2020\/02\/agitador-incubador-es2080.png\",\"datePublished\":\"2020-02-17T09:29:52+00:00\",\"dateModified\":\"2023-03-15T15:19:09+00:00\",\"breadcrumb\":{\"@id\":\"https:\/\/bonsailab.com\/pt-pt\/producto\/preparacao-de-amostras\/agitacao-e-incubacao\/incubacao\/com-agitacao\/agitador-incubador-orbital-es-20-80\/#breadcrumb\"},\"inLanguage\":\"pt-PT\",\"potentialAction\":[{\"@type\":\"ReadAction\",\"target\":[\"https:\/\/bonsailab.com\/pt-pt\/producto\/preparacao-de-amostras\/agitacao-e-incubacao\/incubacao\/com-agitacao\/agitador-incubador-orbital-es-20-80\/\"]}]},{\"@type\":\"ImageObject\",\"inLanguage\":\"pt-PT\",\"@id\":\"https:\/\/bonsailab.com\/pt-pt\/producto\/preparacao-de-amostras\/agitacao-e-incubacao\/incubacao\/com-agitacao\/agitador-incubador-orbital-es-20-80\/#primaryimage\",\"url\":\"https:\/\/bonsailab.com\/wp-content\/uploads\/2020\/02\/agitador-incubador-es2080.png\",\"contentUrl\":\"https:\/\/bonsailab.com\/wp-content\/uploads\/2020\/02\/agitador-incubador-es2080.png\",\"width\":750,\"height\":600},{\"@type\":\"BreadcrumbList\",\"@id\":\"https:\/\/bonsailab.com\/pt-pt\/producto\/preparacao-de-amostras\/agitacao-e-incubacao\/incubacao\/com-agitacao\/agitador-incubador-orbital-es-20-80\/#breadcrumb\",\"itemListElement\":[{\"@type\":\"ListItem\",\"position\":1,\"name\":\"Portada\",\"item\":\"https:\/\/bonsailab.com\/pt-pt\/\"},{\"@type\":\"ListItem\",\"position\":2,\"name\":\"Tienda\",\"item\":\"https:\/\/bonsailab.com\/pt-pt\/tienda-2\/\"},{\"@type\":\"ListItem\",\"position\":3,\"name\":\"Agitador-Incubador Orbital ES-20\/80\"}]},{\"@type\":\"WebSite\",\"@id\":\"https:\/\/bonsailab.com\/#website\",\"url\":\"https:\/\/bonsailab.com\/\",\"name\":\"Bonsai Lab\",\"description\":\"\",\"publisher\":{\"@id\":\"https:\/\/bonsailab.com\/#organization\"},\"potentialAction\":[{\"@type\":\"SearchAction\",\"target\":{\"@type\":\"EntryPoint\",\"urlTemplate\":\"https:\/\/bonsailab.com\/?s={search_term_string}\"},\"query-input\":{\"@type\":\"PropertyValueSpecification\",\"valueRequired\":true,\"valueName\":\"search_term_string\"}}],\"inLanguage\":\"pt-PT\"},{\"@type\":\"Organization\",\"@id\":\"https:\/\/bonsailab.com\/#organization\",\"name\":\"BonsaiLab\",\"url\":\"https:\/\/bonsailab.com\/\",\"logo\":{\"@type\":\"ImageObject\",\"inLanguage\":\"pt-PT\",\"@id\":\"https:\/\/bonsailab.com\/#\/schema\/logo\/image\/\",\"url\":\"https:\/\/bonsailab.com\/wp-content\/uploads\/2018\/07\/logo_bonsailab.png\",\"contentUrl\":\"https:\/\/bonsailab.com\/wp-content\/uploads\/2018\/07\/logo_bonsailab.png\",\"width\":280,\"height\":40,\"caption\":\"BonsaiLab\"},\"image\":{\"@id\":\"https:\/\/bonsailab.com\/#\/schema\/logo\/image\/\"},\"sameAs\":[\"https:\/\/www.linkedin.com\/company\/bonsai-advanced-technologies-s-l-\/\",\"https:\/\/www.youtube.com\/channel\/UCv7xfNvsrS9NADlz0yQFWGA\"]}]}<\/script>\n<!-- \/ Yoast SEO plugin. -->","yoast_head_json":{"title":"Agitador-Incubador Orbital ES-20\/80 - Bonsai Lab","robots":{"index":"index","follow":"follow","max-snippet":"max-snippet:-1","max-image-preview":"max-image-preview:large","max-video-preview":"max-video-preview:-1"},"canonical":"https:\/\/bonsailab.com\/pt-pt\/producto\/preparacao-de-amostras\/agitacao-e-incubacao\/incubacao\/com-agitacao\/agitador-incubador-orbital-es-20-80\/","og_locale":"pt_PT","og_type":"article","og_title":"Agitador-Incubador Orbital ES-20\/80 - Bonsai Lab","og_description":"Incubador com agita\u00e7\u00e3o orbital de Biosan.  Desenhado para o cultivo microbiol\u00f3gico e celular, express\u00e3o de prote\u00ednas, estudos de solubilidade, agita\u00e7\u00e3o geral\u2026  Equipado com o novo mecanismo triplo exc\u00eantrico que proporciona melhores caracter\u00edsticas de oscila\u00e7\u00e3o, fiabilidade superior e funcionamento silencioso.  Possibilidade de compilar at\u00e9 3 equipamentos na vertical.","og_url":"https:\/\/bonsailab.com\/pt-pt\/producto\/preparacao-de-amostras\/agitacao-e-incubacao\/incubacao\/com-agitacao\/agitador-incubador-orbital-es-20-80\/","og_site_name":"Bonsai Lab","article_modified_time":"2023-03-15T15:19:09+00:00","og_image":[{"width":750,"height":600,"url":"https:\/\/bonsailab.com\/wp-content\/uploads\/2020\/02\/agitador-incubador-es2080.png","type":"image\/png"}],"twitter_card":"summary_large_image","twitter_misc":{"Tempo estimado de leitura":"2 minutos"},"schema":{"@context":"https:\/\/schema.org","@graph":[{"@type":"WebPage","@id":"https:\/\/bonsailab.com\/pt-pt\/producto\/preparacao-de-amostras\/agitacao-e-incubacao\/incubacao\/com-agitacao\/agitador-incubador-orbital-es-20-80\/","url":"https:\/\/bonsailab.com\/pt-pt\/producto\/preparacao-de-amostras\/agitacao-e-incubacao\/incubacao\/com-agitacao\/agitador-incubador-orbital-es-20-80\/","name":"Agitador-Incubador Orbital ES-20\/80 - Bonsai Lab","isPartOf":{"@id":"https:\/\/bonsailab.com\/#website"},"primaryImageOfPage":{"@id":"https:\/\/bonsailab.com\/pt-pt\/producto\/preparacao-de-amostras\/agitacao-e-incubacao\/incubacao\/com-agitacao\/agitador-incubador-orbital-es-20-80\/#primaryimage"},"image":{"@id":"https:\/\/bonsailab.com\/pt-pt\/producto\/preparacao-de-amostras\/agitacao-e-incubacao\/incubacao\/com-agitacao\/agitador-incubador-orbital-es-20-80\/#primaryimage"},"thumbnailUrl":"https:\/\/bonsailab.com\/wp-content\/uploads\/2020\/02\/agitador-incubador-es2080.png","datePublished":"2020-02-17T09:29:52+00:00","dateModified":"2023-03-15T15:19:09+00:00","breadcrumb":{"@id":"https:\/\/bonsailab.com\/pt-pt\/producto\/preparacao-de-amostras\/agitacao-e-incubacao\/incubacao\/com-agitacao\/agitador-incubador-orbital-es-20-80\/#breadcrumb"},"inLanguage":"pt-PT","potentialAction":[{"@type":"ReadAction","target":["https:\/\/bonsailab.com\/pt-pt\/producto\/preparacao-de-amostras\/agitacao-e-incubacao\/incubacao\/com-agitacao\/agitador-incubador-orbital-es-20-80\/"]}]},{"@type":"ImageObject","inLanguage":"pt-PT","@id":"https:\/\/bonsailab.com\/pt-pt\/producto\/preparacao-de-amostras\/agitacao-e-incubacao\/incubacao\/com-agitacao\/agitador-incubador-orbital-es-20-80\/#primaryimage","url":"https:\/\/bonsailab.com\/wp-content\/uploads\/2020\/02\/agitador-incubador-es2080.png","contentUrl":"https:\/\/bonsailab.com\/wp-content\/uploads\/2020\/02\/agitador-incubador-es2080.png","width":750,"height":600},{"@type":"BreadcrumbList","@id":"https:\/\/bonsailab.com\/pt-pt\/producto\/preparacao-de-amostras\/agitacao-e-incubacao\/incubacao\/com-agitacao\/agitador-incubador-orbital-es-20-80\/#breadcrumb","itemListElement":[{"@type":"ListItem","position":1,"name":"Portada","item":"https:\/\/bonsailab.com\/pt-pt\/"},{"@type":"ListItem","position":2,"name":"Tienda","item":"https:\/\/bonsailab.com\/pt-pt\/tienda-2\/"},{"@type":"ListItem","position":3,"name":"Agitador-Incubador Orbital ES-20\/80"}]},{"@type":"WebSite","@id":"https:\/\/bonsailab.com\/#website","url":"https:\/\/bonsailab.com\/","name":"Bonsai Lab","description":"","publisher":{"@id":"https:\/\/bonsailab.com\/#organization"},"potentialAction":[{"@type":"SearchAction","target":{"@type":"EntryPoint","urlTemplate":"https:\/\/bonsailab.com\/?s={search_term_string}"},"query-input":{"@type":"PropertyValueSpecification","valueRequired":true,"valueName":"search_term_string"}}],"inLanguage":"pt-PT"},{"@type":"Organization","@id":"https:\/\/bonsailab.com\/#organization","name":"BonsaiLab","url":"https:\/\/bonsailab.com\/","logo":{"@type":"ImageObject","inLanguage":"pt-PT","@id":"https:\/\/bonsailab.com\/#\/schema\/logo\/image\/","url":"https:\/\/bonsailab.com\/wp-content\/uploads\/2018\/07\/logo_bonsailab.png","contentUrl":"https:\/\/bonsailab.com\/wp-content\/uploads\/2018\/07\/logo_bonsailab.png","width":280,"height":40,"caption":"BonsaiLab"},"image":{"@id":"https:\/\/bonsailab.com\/#\/schema\/logo\/image\/"},"sameAs":["https:\/\/www.linkedin.com\/company\/bonsai-advanced-technologies-s-l-\/","https:\/\/www.youtube.com\/channel\/UCv7xfNvsrS9NADlz0yQFWGA"]}]}},"_links":{"self":[{"href":"https:\/\/bonsailab.com\/pt-pt\/wp-json\/wp\/v2\/product\/26211","targetHints":{"allow":["GET"]}}],"collection":[{"href":"https:\/\/bonsailab.com\/pt-pt\/wp-json\/wp\/v2\/product"}],"about":[{"href":"https:\/\/bonsailab.com\/pt-pt\/wp-json\/wp\/v2\/types\/product"}],"wp:featuredmedia":[{"embeddable":true,"href":"https:\/\/bonsailab.com\/pt-pt\/wp-json\/wp\/v2\/media\/25057"}],"wp:attachment":[{"href":"https:\/\/bonsailab.com\/pt-pt\/wp-json\/wp\/v2\/media?parent=26211"}],"wp:term":[{"taxonomy":"product_brand","embeddable":true,"href":"https:\/\/bonsailab.com\/pt-pt\/wp-json\/wp\/v2\/product_brand?post=26211"},{"taxonomy":"product_cat","embeddable":true,"href":"https:\/\/bonsailab.com\/pt-pt\/wp-json\/wp\/v2\/product_cat?post=26211"},{"taxonomy":"product_tag","embeddable":true,"href":"https:\/\/bonsailab.com\/pt-pt\/wp-json\/wp\/v2\/product_tag?post=26211"}],"curies":[{"name":"wp","href":"https:\/\/api.w.org\/{rel}","templated":true}]}}