{"id":26206,"date":"2018-07-17T11:51:48","date_gmt":"2018-07-17T11:51:48","guid":{"rendered":"https:\/\/bonsailab.com\/?post_type=product&#038;p=26206"},"modified":"2023-03-15T15:12:42","modified_gmt":"2023-03-15T15:12:42","slug":"agitador-termico-ts-100-c","status":"publish","type":"product","link":"https:\/\/bonsailab.com\/pt-pt\/producto\/workflow-pt\/extracao-dna-rna-w\/agitador-termico-ts-100-c\/","title":{"rendered":"Agitador T\u00e9rmico TS-100 C"},"content":{"rendered":"<p>O agitador t\u00e9rmico TS-100C proporciona uma agita\u00e7\u00e3o intensa e controlo de temperatura de amostras em tubos de microan\u00e1lises ou placas PCR. Este modelo de agitador t\u00e9rmico diferencia-se do TS-100 pela possibilidade de refrigerar amostras at\u00e9 +4\u00b0C.<\/p>\n<p>As fun\u00e7\u00f5es do TS-100C satisfazem as exigentes expetativas dos usu\u00e1rios em rela\u00e7\u00e3o a muitos par\u00e2metros:<\/p>\n<ul>\n<li>Alcance r\u00e1pido da temperatura de agita\u00e7\u00e3o especificada e manuten\u00e7\u00e3o de uma \u00fanica amplitude de rota\u00e7\u00e3o em todo o bloco do agitador t\u00e9rmico.<\/li>\n<li>Estabilidade na manuten\u00e7\u00e3o da temperatura preestabelecida num amplo intervalo em toda a superf\u00edcie do bloco do agitador t\u00e9rmico.<\/li>\n<li>O ecr\u00e3 LCD indica os valores reais e preestabelecidos de temperatura, velocidade e tempo de funcionamento.<\/li>\n<li>Funcionamento silencioso do motor, tamanho compacto e vida \u00fatil prolongada.<\/li>\n<li>As fun\u00e7\u00f5es de aquecimento e agita\u00e7\u00e3o podem-se realizar de modo simult\u00e2neo ou independente.<\/li>\n<\/ul>\n<p>Existem cinco blocos de refrigera\u00e7\u00e3o e aquecimento dispon\u00edveis, incluindo um bloco com uma tampa de pl\u00e1stico para as placas PCR. Todos os blocos s\u00e3o mutuamente intercambi\u00e1veis e podem-se instalar facilmente no agitador t\u00e9rmico.<\/p>\n<p>Aplica\u00e7\u00f5es principais:<\/p>\n<ul>\n<li>An\u00e1lises gen\u00e9ticas: para a extra\u00e7\u00e3o de ADN, ARN e outras prepara\u00e7\u00f5es de amostras;<\/li>\n<li>Estudo bioqu\u00edmico de processos e rea\u00e7\u00f5es enzim\u00e1ticas;<\/li>\n<li>Extra\u00e7\u00e3o de metabolitos de material celular.<\/li>\n<\/ul>\n<p>Fun\u00e7\u00e3o de calibra\u00e7\u00e3o de temperatura. Gra\u00e7as \u00e0 fun\u00e7\u00e3o de calibra\u00e7\u00e3o de temperatura, o usu\u00e1rio pode calibrar a unidade aproximadamente \u00b16% da temperatura selecionada para compensar as diferen\u00e7as no comportamento t\u00e9rmico dos tubos de diferentes fabricantes.<\/p>\n<p><img decoding=\"async\" class=\"wp-image-70 size-full aligncenter\" src=\"\/wp-content\/uploads\/2018\/07\/ts100c_1.jpg\" alt=\"\" width=\"480\" height=\"360\" srcset=\"https:\/\/bonsailab.com\/wp-content\/uploads\/2018\/07\/ts100c_1-200x150.jpg 200w, https:\/\/bonsailab.com\/wp-content\/uploads\/2018\/07\/ts100c_1-300x225.jpg 300w, https:\/\/bonsailab.com\/wp-content\/uploads\/2018\/07\/ts100c_1-400x300.jpg 400w, https:\/\/bonsailab.com\/wp-content\/uploads\/2018\/07\/ts100c_1.jpg 480w\" sizes=\"(max-width: 480px) 100vw, 480px\" \/><\/p>\n<p><img decoding=\"async\" class=\"wp-image-71 size-full aligncenter\" src=\"\/wp-content\/uploads\/2018\/07\/ts100c_2.jpg\" alt=\"\" width=\"480\" height=\"360\" srcset=\"https:\/\/bonsailab.com\/wp-content\/uploads\/2018\/07\/ts100c_2-200x150.jpg 200w, https:\/\/bonsailab.com\/wp-content\/uploads\/2018\/07\/ts100c_2-300x225.jpg 300w, https:\/\/bonsailab.com\/wp-content\/uploads\/2018\/07\/ts100c_2-400x300.jpg 400w, https:\/\/bonsailab.com\/wp-content\/uploads\/2018\/07\/ts100c_2.jpg 480w\" sizes=\"(max-width: 480px) 100vw, 480px\" \/><\/p>\n","protected":false},"excerpt":{"rendered":"<ul>\n<li>Agitador t\u00e9rmico com refrigera\u00e7\u00e3o para microtubos e placas PCR de Biosan<\/li>\n<li>Possibilidade de refrigerar amostras at\u00e9 +4\u00b0C.<\/li>\n<li>Alcance r\u00e1pido da temperatura com agita\u00e7\u00e3o especificada e manuten\u00e7\u00e3o de uma \u00fanica amplitude de rota\u00e7\u00e3o em todo o bloco do agitador t\u00e9rmico.<\/li>\n<li>Estabilidade na manuten\u00e7\u00e3o da temperatura preestabelecida num amplo intervalo em toda a superf\u00edcie do bloco do agitador t\u00e9rmico.<\/li>\n<\/ul>\n","protected":false},"featured_media":24683,"template":"","meta":{"_bbp_topic_count":0,"_bbp_reply_count":0,"_bbp_total_topic_count":0,"_bbp_total_reply_count":0,"_bbp_voice_count":0,"_bbp_anonymous_reply_count":0,"_bbp_topic_count_hidden":0,"_bbp_reply_count_hidden":0,"_bbp_forum_subforum_count":0,"rs_blank_template":"","rs_page_bg_color":"","slide_template_v7":""},"product_brand":[],"product_cat":[168,152],"product_tag":[],"class_list":{"0":"post-26206","1":"product","2":"type-product","3":"status-publish","4":"has-post-thumbnail","6":"product_cat-bloco-seco","7":"product_cat-extracao-dna-rna-w","9":"first","10":"instock","11":"shipping-taxable","12":"product-type-simple"},"yoast_head":"<!-- This site is optimized with the Yoast SEO plugin v27.5 - https:\/\/yoast.com\/product\/yoast-seo-wordpress\/ -->\n<title>Agitador T\u00e9rmico TS-100 C - Bonsai Lab<\/title>\n<meta name=\"robots\" content=\"index, follow, max-snippet:-1, max-image-preview:large, max-video-preview:-1\" \/>\n<link rel=\"canonical\" href=\"https:\/\/bonsailab.com\/pt-pt\/producto\/workflow-pt\/extracao-dna-rna-w\/agitador-termico-ts-100-c\/\" \/>\n<meta property=\"og:locale\" content=\"pt_PT\" \/>\n<meta property=\"og:type\" content=\"article\" \/>\n<meta property=\"og:title\" content=\"Agitador T\u00e9rmico TS-100 C - Bonsai Lab\" \/>\n<meta property=\"og:description\" content=\"Agitador t\u00e9rmico com refrigera\u00e7\u00e3o para microtubos e placas PCR de Biosan  Possibilidade de refrigerar amostras at\u00e9 +4\u00b0C.  Alcance r\u00e1pido da temperatura com agita\u00e7\u00e3o especificada e manuten\u00e7\u00e3o de uma \u00fanica amplitude de rota\u00e7\u00e3o em todo o bloco do agitador t\u00e9rmico.  Estabilidade na manuten\u00e7\u00e3o da temperatura preestabelecida num amplo intervalo em toda a superf\u00edcie do bloco do agitador t\u00e9rmico.\" \/>\n<meta property=\"og:url\" content=\"https:\/\/bonsailab.com\/pt-pt\/producto\/workflow-pt\/extracao-dna-rna-w\/agitador-termico-ts-100-c\/\" \/>\n<meta property=\"og:site_name\" content=\"Bonsai Lab\" \/>\n<meta property=\"article:modified_time\" content=\"2023-03-15T15:12:42+00:00\" \/>\n<meta property=\"og:image\" content=\"https:\/\/bonsailab.com\/wp-content\/uploads\/2018\/07\/ts-100c.png\" \/>\n\t<meta property=\"og:image:width\" content=\"700\" \/>\n\t<meta property=\"og:image:height\" content=\"560\" \/>\n\t<meta property=\"og:image:type\" content=\"image\/png\" \/>\n<meta name=\"twitter:card\" content=\"summary_large_image\" \/>\n<meta name=\"twitter:label1\" content=\"Tempo estimado de leitura\" \/>\n\t<meta name=\"twitter:data1\" content=\"2 minutos\" \/>\n<script type=\"application\/ld+json\" class=\"yoast-schema-graph\">{\"@context\":\"https:\\\/\\\/schema.org\",\"@graph\":[{\"@type\":\"WebPage\",\"@id\":\"https:\\\/\\\/bonsailab.com\\\/pt-pt\\\/producto\\\/workflow-pt\\\/extracao-dna-rna-w\\\/agitador-termico-ts-100-c\\\/\",\"url\":\"https:\\\/\\\/bonsailab.com\\\/pt-pt\\\/producto\\\/workflow-pt\\\/extracao-dna-rna-w\\\/agitador-termico-ts-100-c\\\/\",\"name\":\"Agitador T\u00e9rmico TS-100 C - Bonsai Lab\",\"isPartOf\":{\"@id\":\"https:\\\/\\\/bonsailab.com\\\/#website\"},\"primaryImageOfPage\":{\"@id\":\"https:\\\/\\\/bonsailab.com\\\/pt-pt\\\/producto\\\/workflow-pt\\\/extracao-dna-rna-w\\\/agitador-termico-ts-100-c\\\/#primaryimage\"},\"image\":{\"@id\":\"https:\\\/\\\/bonsailab.com\\\/pt-pt\\\/producto\\\/workflow-pt\\\/extracao-dna-rna-w\\\/agitador-termico-ts-100-c\\\/#primaryimage\"},\"thumbnailUrl\":\"https:\\\/\\\/bonsailab.com\\\/wp-content\\\/uploads\\\/2018\\\/07\\\/ts-100c.png\",\"datePublished\":\"2018-07-17T11:51:48+00:00\",\"dateModified\":\"2023-03-15T15:12:42+00:00\",\"breadcrumb\":{\"@id\":\"https:\\\/\\\/bonsailab.com\\\/pt-pt\\\/producto\\\/workflow-pt\\\/extracao-dna-rna-w\\\/agitador-termico-ts-100-c\\\/#breadcrumb\"},\"inLanguage\":\"pt-PT\",\"potentialAction\":[{\"@type\":\"ReadAction\",\"target\":[\"https:\\\/\\\/bonsailab.com\\\/pt-pt\\\/producto\\\/workflow-pt\\\/extracao-dna-rna-w\\\/agitador-termico-ts-100-c\\\/\"]}]},{\"@type\":\"ImageObject\",\"inLanguage\":\"pt-PT\",\"@id\":\"https:\\\/\\\/bonsailab.com\\\/pt-pt\\\/producto\\\/workflow-pt\\\/extracao-dna-rna-w\\\/agitador-termico-ts-100-c\\\/#primaryimage\",\"url\":\"https:\\\/\\\/bonsailab.com\\\/wp-content\\\/uploads\\\/2018\\\/07\\\/ts-100c.png\",\"contentUrl\":\"https:\\\/\\\/bonsailab.com\\\/wp-content\\\/uploads\\\/2018\\\/07\\\/ts-100c.png\",\"width\":700,\"height\":560},{\"@type\":\"BreadcrumbList\",\"@id\":\"https:\\\/\\\/bonsailab.com\\\/pt-pt\\\/producto\\\/workflow-pt\\\/extracao-dna-rna-w\\\/agitador-termico-ts-100-c\\\/#breadcrumb\",\"itemListElement\":[{\"@type\":\"ListItem\",\"position\":1,\"name\":\"Portada\",\"item\":\"https:\\\/\\\/bonsailab.com\\\/pt-pt\\\/\"},{\"@type\":\"ListItem\",\"position\":2,\"name\":\"Tienda\",\"item\":\"https:\\\/\\\/bonsailab.com\\\/pt-pt\\\/tienda-2\\\/\"},{\"@type\":\"ListItem\",\"position\":3,\"name\":\"Agitador T\u00e9rmico TS-100 C\"}]},{\"@type\":\"WebSite\",\"@id\":\"https:\\\/\\\/bonsailab.com\\\/#website\",\"url\":\"https:\\\/\\\/bonsailab.com\\\/\",\"name\":\"Bonsai Lab\",\"description\":\"\",\"publisher\":{\"@id\":\"https:\\\/\\\/bonsailab.com\\\/#organization\"},\"potentialAction\":[{\"@type\":\"SearchAction\",\"target\":{\"@type\":\"EntryPoint\",\"urlTemplate\":\"https:\\\/\\\/bonsailab.com\\\/?s={search_term_string}\"},\"query-input\":{\"@type\":\"PropertyValueSpecification\",\"valueRequired\":true,\"valueName\":\"search_term_string\"}}],\"inLanguage\":\"pt-PT\"},{\"@type\":\"Organization\",\"@id\":\"https:\\\/\\\/bonsailab.com\\\/#organization\",\"name\":\"BonsaiLab\",\"url\":\"https:\\\/\\\/bonsailab.com\\\/\",\"logo\":{\"@type\":\"ImageObject\",\"inLanguage\":\"pt-PT\",\"@id\":\"https:\\\/\\\/bonsailab.com\\\/#\\\/schema\\\/logo\\\/image\\\/\",\"url\":\"https:\\\/\\\/bonsailab.com\\\/wp-content\\\/uploads\\\/2018\\\/07\\\/logo_bonsailab.png\",\"contentUrl\":\"https:\\\/\\\/bonsailab.com\\\/wp-content\\\/uploads\\\/2018\\\/07\\\/logo_bonsailab.png\",\"width\":280,\"height\":40,\"caption\":\"BonsaiLab\"},\"image\":{\"@id\":\"https:\\\/\\\/bonsailab.com\\\/#\\\/schema\\\/logo\\\/image\\\/\"},\"sameAs\":[\"https:\\\/\\\/www.linkedin.com\\\/company\\\/bonsai-advanced-technologies-s-l-\\\/\",\"https:\\\/\\\/www.youtube.com\\\/channel\\\/UCv7xfNvsrS9NADlz0yQFWGA\"]}]}<\/script>\n<!-- \/ Yoast SEO plugin. -->","yoast_head_json":{"title":"Agitador T\u00e9rmico TS-100 C - Bonsai Lab","robots":{"index":"index","follow":"follow","max-snippet":"max-snippet:-1","max-image-preview":"max-image-preview:large","max-video-preview":"max-video-preview:-1"},"canonical":"https:\/\/bonsailab.com\/pt-pt\/producto\/workflow-pt\/extracao-dna-rna-w\/agitador-termico-ts-100-c\/","og_locale":"pt_PT","og_type":"article","og_title":"Agitador T\u00e9rmico TS-100 C - Bonsai Lab","og_description":"Agitador t\u00e9rmico com refrigera\u00e7\u00e3o para microtubos e placas PCR de Biosan  Possibilidade de refrigerar amostras at\u00e9 +4\u00b0C.  Alcance r\u00e1pido da temperatura com agita\u00e7\u00e3o especificada e manuten\u00e7\u00e3o de uma \u00fanica amplitude de rota\u00e7\u00e3o em todo o bloco do agitador t\u00e9rmico.  Estabilidade na manuten\u00e7\u00e3o da temperatura preestabelecida num amplo intervalo em toda a superf\u00edcie do bloco do agitador t\u00e9rmico.","og_url":"https:\/\/bonsailab.com\/pt-pt\/producto\/workflow-pt\/extracao-dna-rna-w\/agitador-termico-ts-100-c\/","og_site_name":"Bonsai Lab","article_modified_time":"2023-03-15T15:12:42+00:00","og_image":[{"width":700,"height":560,"url":"https:\/\/bonsailab.com\/wp-content\/uploads\/2018\/07\/ts-100c.png","type":"image\/png"}],"twitter_card":"summary_large_image","twitter_misc":{"Tempo estimado de leitura":"2 minutos"},"schema":{"@context":"https:\/\/schema.org","@graph":[{"@type":"WebPage","@id":"https:\/\/bonsailab.com\/pt-pt\/producto\/workflow-pt\/extracao-dna-rna-w\/agitador-termico-ts-100-c\/","url":"https:\/\/bonsailab.com\/pt-pt\/producto\/workflow-pt\/extracao-dna-rna-w\/agitador-termico-ts-100-c\/","name":"Agitador T\u00e9rmico TS-100 C - Bonsai Lab","isPartOf":{"@id":"https:\/\/bonsailab.com\/#website"},"primaryImageOfPage":{"@id":"https:\/\/bonsailab.com\/pt-pt\/producto\/workflow-pt\/extracao-dna-rna-w\/agitador-termico-ts-100-c\/#primaryimage"},"image":{"@id":"https:\/\/bonsailab.com\/pt-pt\/producto\/workflow-pt\/extracao-dna-rna-w\/agitador-termico-ts-100-c\/#primaryimage"},"thumbnailUrl":"https:\/\/bonsailab.com\/wp-content\/uploads\/2018\/07\/ts-100c.png","datePublished":"2018-07-17T11:51:48+00:00","dateModified":"2023-03-15T15:12:42+00:00","breadcrumb":{"@id":"https:\/\/bonsailab.com\/pt-pt\/producto\/workflow-pt\/extracao-dna-rna-w\/agitador-termico-ts-100-c\/#breadcrumb"},"inLanguage":"pt-PT","potentialAction":[{"@type":"ReadAction","target":["https:\/\/bonsailab.com\/pt-pt\/producto\/workflow-pt\/extracao-dna-rna-w\/agitador-termico-ts-100-c\/"]}]},{"@type":"ImageObject","inLanguage":"pt-PT","@id":"https:\/\/bonsailab.com\/pt-pt\/producto\/workflow-pt\/extracao-dna-rna-w\/agitador-termico-ts-100-c\/#primaryimage","url":"https:\/\/bonsailab.com\/wp-content\/uploads\/2018\/07\/ts-100c.png","contentUrl":"https:\/\/bonsailab.com\/wp-content\/uploads\/2018\/07\/ts-100c.png","width":700,"height":560},{"@type":"BreadcrumbList","@id":"https:\/\/bonsailab.com\/pt-pt\/producto\/workflow-pt\/extracao-dna-rna-w\/agitador-termico-ts-100-c\/#breadcrumb","itemListElement":[{"@type":"ListItem","position":1,"name":"Portada","item":"https:\/\/bonsailab.com\/pt-pt\/"},{"@type":"ListItem","position":2,"name":"Tienda","item":"https:\/\/bonsailab.com\/pt-pt\/tienda-2\/"},{"@type":"ListItem","position":3,"name":"Agitador T\u00e9rmico TS-100 C"}]},{"@type":"WebSite","@id":"https:\/\/bonsailab.com\/#website","url":"https:\/\/bonsailab.com\/","name":"Bonsai Lab","description":"","publisher":{"@id":"https:\/\/bonsailab.com\/#organization"},"potentialAction":[{"@type":"SearchAction","target":{"@type":"EntryPoint","urlTemplate":"https:\/\/bonsailab.com\/?s={search_term_string}"},"query-input":{"@type":"PropertyValueSpecification","valueRequired":true,"valueName":"search_term_string"}}],"inLanguage":"pt-PT"},{"@type":"Organization","@id":"https:\/\/bonsailab.com\/#organization","name":"BonsaiLab","url":"https:\/\/bonsailab.com\/","logo":{"@type":"ImageObject","inLanguage":"pt-PT","@id":"https:\/\/bonsailab.com\/#\/schema\/logo\/image\/","url":"https:\/\/bonsailab.com\/wp-content\/uploads\/2018\/07\/logo_bonsailab.png","contentUrl":"https:\/\/bonsailab.com\/wp-content\/uploads\/2018\/07\/logo_bonsailab.png","width":280,"height":40,"caption":"BonsaiLab"},"image":{"@id":"https:\/\/bonsailab.com\/#\/schema\/logo\/image\/"},"sameAs":["https:\/\/www.linkedin.com\/company\/bonsai-advanced-technologies-s-l-\/","https:\/\/www.youtube.com\/channel\/UCv7xfNvsrS9NADlz0yQFWGA"]}]}},"_links":{"self":[{"href":"https:\/\/bonsailab.com\/pt-pt\/wp-json\/wp\/v2\/product\/26206","targetHints":{"allow":["GET"]}}],"collection":[{"href":"https:\/\/bonsailab.com\/pt-pt\/wp-json\/wp\/v2\/product"}],"about":[{"href":"https:\/\/bonsailab.com\/pt-pt\/wp-json\/wp\/v2\/types\/product"}],"wp:featuredmedia":[{"embeddable":true,"href":"https:\/\/bonsailab.com\/pt-pt\/wp-json\/wp\/v2\/media\/24683"}],"wp:attachment":[{"href":"https:\/\/bonsailab.com\/pt-pt\/wp-json\/wp\/v2\/media?parent=26206"}],"wp:term":[{"taxonomy":"product_brand","embeddable":true,"href":"https:\/\/bonsailab.com\/pt-pt\/wp-json\/wp\/v2\/product_brand?post=26206"},{"taxonomy":"product_cat","embeddable":true,"href":"https:\/\/bonsailab.com\/pt-pt\/wp-json\/wp\/v2\/product_cat?post=26206"},{"taxonomy":"product_tag","embeddable":true,"href":"https:\/\/bonsailab.com\/pt-pt\/wp-json\/wp\/v2\/product_tag?post=26206"}],"curies":[{"name":"wp","href":"https:\/\/api.w.org\/{rel}","templated":true}]}}