{"id":26199,"date":"2018-07-18T10:59:07","date_gmt":"2018-07-18T10:59:07","guid":{"rendered":"https:\/\/bonsailab.com\/?post_type=product&#038;p=26199"},"modified":"2023-03-15T14:55:32","modified_gmt":"2023-03-15T14:55:32","slug":"agitador-orbital-psu-20-i","status":"publish","type":"product","link":"https:\/\/bonsailab.com\/pt-pt\/producto\/agitacao-e-incubacao\/agitacao\/orbital-pt-pt\/agitador-orbital-psu-20-i\/","title":{"rendered":"Agitador Orbital PSU 20 i"},"content":{"rendered":"<p>Desenhado para o uso em pequenos laborat\u00f3rios especializados e em laborat\u00f3rios multidisciplinares grandes: a elei\u00e7\u00e3o de nove plataformas diferentes intercambi\u00e1veis proporciona a possibilidade de realizar diversos procedimentos e t\u00e9cnicas. Deve-se prestar especial aten\u00e7\u00e3o a uma plataforma de n\u00edveis m\u00faltiplos, que permite alojar um grande n\u00famero de microplacas diferentes, placas de Petri, bolsas de cultura e outros recipientes de perfil baixo.<\/p>\n<p>O PSU-20 i \u00e9 um instrumento ideal para diferentes laborat\u00f3rios de perfil biom\u00e9dico e biofarmac\u00eautico.<\/p>\n<p>O funcionamento do instrumento \u00e9 silencioso e fi\u00e1vel. O agitador oscilante pode proporcionar uma mistura est\u00e1vel cont\u00ednua durante um m\u00e1ximo de 7 dias gra\u00e7as a um sistema de acionamento direto e a um motor sem escovas com uma vida \u00fatil de at\u00e9 35.000 horas.<\/p>\n<p>O agitador oscilante PSU-20i forma parte de uma gama de dispositivos multifuncionais de Biosan. O agitador oscilante proporciona tr\u00eas tipos de movimento, que se podem realizar por separado, por pares e em ciclos repetidos sequencialmente. A descri\u00e7\u00e3o dos modos de funcionamento encontra-se na tabela<\/p>\n<p><img decoding=\"async\" class=\"wp-image-125 size-large aligncenter\" src=\"\/wp-content\/uploads\/2018\/07\/psu-20i_table-1024x264.png\" alt=\"\" width=\"1024\" height=\"264\" srcset=\"https:\/\/bonsailab.com\/wp-content\/uploads\/2018\/07\/psu-20i_table-200x52.png 200w, https:\/\/bonsailab.com\/wp-content\/uploads\/2018\/07\/psu-20i_table-300x77.png 300w, https:\/\/bonsailab.com\/wp-content\/uploads\/2018\/07\/psu-20i_table-400x103.png 400w, https:\/\/bonsailab.com\/wp-content\/uploads\/2018\/07\/psu-20i_table-600x155.png 600w, https:\/\/bonsailab.com\/wp-content\/uploads\/2018\/07\/psu-20i_table-768x198.png 768w, https:\/\/bonsailab.com\/wp-content\/uploads\/2018\/07\/psu-20i_table-800x206.png 800w, https:\/\/bonsailab.com\/wp-content\/uploads\/2018\/07\/psu-20i_table.png 1024w\" sizes=\"(max-width: 1024px) 100vw, 1024px\" \/><\/p>\n<p><span lang=\"PT\">No inclui plataforma (ver acess\u00f3rios)<\/span><\/p>\n","protected":false},"excerpt":{"rendered":"<ul>\n<li>Agitador orbital de Biosan<\/li>\n<li>Desenhado para o uso em pequenos laborat\u00f3rios especializados e em laborat\u00f3rios multidisciplinares grandes.<\/li>\n<li>Com nove plataformas diferentes intercambi\u00e1veis<\/li>\n<li>Inclui plataforma de n\u00edveis m\u00faltiplos, que permite alojar um grande n\u00famero de microplacas diferentes, placas de Petri, bolsas de cultura e outros recipientes de perfil baixo.<\/li>\n<\/ul>\n","protected":false},"featured_media":24698,"template":"","meta":{"_bbp_topic_count":0,"_bbp_reply_count":0,"_bbp_total_topic_count":0,"_bbp_total_reply_count":0,"_bbp_voice_count":0,"_bbp_anonymous_reply_count":0,"_bbp_topic_count_hidden":0,"_bbp_reply_count_hidden":0,"_bbp_forum_subforum_count":0,"rs_blank_template":"","rs_page_bg_color":"","slide_template_v7":""},"product_brand":[],"product_cat":[162,163,167],"product_tag":[],"class_list":{"0":"post-26199","1":"product","2":"type-product","3":"status-publish","4":"has-post-thumbnail","6":"product_cat-agitacao-e-incubacao","7":"product_cat-agitacao","8":"product_cat-orbital-pt-pt","10":"first","11":"instock","12":"shipping-taxable","13":"product-type-simple"},"yoast_head":"<!-- This site is optimized with the Yoast SEO plugin v27.2 - https:\/\/yoast.com\/product\/yoast-seo-wordpress\/ -->\n<title>Agitador Orbital PSU 20 i - Bonsai Lab<\/title>\n<meta name=\"robots\" content=\"index, follow, max-snippet:-1, max-image-preview:large, max-video-preview:-1\" \/>\n<link rel=\"canonical\" href=\"https:\/\/bonsailab.com\/pt-pt\/producto\/preparacao-de-amostras\/agitacao-e-incubacao\/agitacao\/orbital-pt-pt\/agitador-orbital-psu-20-i\/\" \/>\n<meta property=\"og:locale\" content=\"pt_PT\" \/>\n<meta property=\"og:type\" content=\"article\" \/>\n<meta property=\"og:title\" content=\"Agitador Orbital PSU 20 i - Bonsai Lab\" \/>\n<meta property=\"og:description\" content=\"Agitador orbital de Biosan  Desenhado para o uso em pequenos laborat\u00f3rios especializados e em laborat\u00f3rios multidisciplinares grandes.  Com nove plataformas diferentes intercambi\u00e1veis  Inclui plataforma de n\u00edveis m\u00faltiplos, que permite alojar um grande n\u00famero de microplacas diferentes, placas de Petri, bolsas de cultura e outros recipientes de perfil baixo.\" \/>\n<meta property=\"og:url\" content=\"https:\/\/bonsailab.com\/pt-pt\/producto\/preparacao-de-amostras\/agitacao-e-incubacao\/agitacao\/orbital-pt-pt\/agitador-orbital-psu-20-i\/\" \/>\n<meta property=\"og:site_name\" content=\"Bonsai Lab\" \/>\n<meta property=\"article:modified_time\" content=\"2023-03-15T14:55:32+00:00\" \/>\n<meta property=\"og:image\" content=\"https:\/\/bonsailab.com\/wp-content\/uploads\/2018\/07\/psu-20i.png\" \/>\n\t<meta property=\"og:image:width\" content=\"700\" \/>\n\t<meta property=\"og:image:height\" content=\"562\" \/>\n\t<meta property=\"og:image:type\" content=\"image\/png\" \/>\n<meta name=\"twitter:card\" content=\"summary_large_image\" \/>\n<meta name=\"twitter:label1\" content=\"Tempo estimado de leitura\" \/>\n\t<meta name=\"twitter:data1\" content=\"1 minuto\" \/>\n<script type=\"application\/ld+json\" class=\"yoast-schema-graph\">{\"@context\":\"https:\/\/schema.org\",\"@graph\":[{\"@type\":\"WebPage\",\"@id\":\"https:\/\/bonsailab.com\/pt-pt\/producto\/preparacao-de-amostras\/agitacao-e-incubacao\/agitacao\/orbital-pt-pt\/agitador-orbital-psu-20-i\/\",\"url\":\"https:\/\/bonsailab.com\/pt-pt\/producto\/preparacao-de-amostras\/agitacao-e-incubacao\/agitacao\/orbital-pt-pt\/agitador-orbital-psu-20-i\/\",\"name\":\"Agitador Orbital PSU 20 i - Bonsai Lab\",\"isPartOf\":{\"@id\":\"https:\/\/bonsailab.com\/#website\"},\"primaryImageOfPage\":{\"@id\":\"https:\/\/bonsailab.com\/pt-pt\/producto\/preparacao-de-amostras\/agitacao-e-incubacao\/agitacao\/orbital-pt-pt\/agitador-orbital-psu-20-i\/#primaryimage\"},\"image\":{\"@id\":\"https:\/\/bonsailab.com\/pt-pt\/producto\/preparacao-de-amostras\/agitacao-e-incubacao\/agitacao\/orbital-pt-pt\/agitador-orbital-psu-20-i\/#primaryimage\"},\"thumbnailUrl\":\"https:\/\/bonsailab.com\/wp-content\/uploads\/2018\/07\/psu-20i.png\",\"datePublished\":\"2018-07-18T10:59:07+00:00\",\"dateModified\":\"2023-03-15T14:55:32+00:00\",\"breadcrumb\":{\"@id\":\"https:\/\/bonsailab.com\/pt-pt\/producto\/preparacao-de-amostras\/agitacao-e-incubacao\/agitacao\/orbital-pt-pt\/agitador-orbital-psu-20-i\/#breadcrumb\"},\"inLanguage\":\"pt-PT\",\"potentialAction\":[{\"@type\":\"ReadAction\",\"target\":[\"https:\/\/bonsailab.com\/pt-pt\/producto\/preparacao-de-amostras\/agitacao-e-incubacao\/agitacao\/orbital-pt-pt\/agitador-orbital-psu-20-i\/\"]}]},{\"@type\":\"ImageObject\",\"inLanguage\":\"pt-PT\",\"@id\":\"https:\/\/bonsailab.com\/pt-pt\/producto\/preparacao-de-amostras\/agitacao-e-incubacao\/agitacao\/orbital-pt-pt\/agitador-orbital-psu-20-i\/#primaryimage\",\"url\":\"https:\/\/bonsailab.com\/wp-content\/uploads\/2018\/07\/psu-20i.png\",\"contentUrl\":\"https:\/\/bonsailab.com\/wp-content\/uploads\/2018\/07\/psu-20i.png\",\"width\":700,\"height\":562},{\"@type\":\"BreadcrumbList\",\"@id\":\"https:\/\/bonsailab.com\/pt-pt\/producto\/preparacao-de-amostras\/agitacao-e-incubacao\/agitacao\/orbital-pt-pt\/agitador-orbital-psu-20-i\/#breadcrumb\",\"itemListElement\":[{\"@type\":\"ListItem\",\"position\":1,\"name\":\"Portada\",\"item\":\"https:\/\/bonsailab.com\/pt-pt\/\"},{\"@type\":\"ListItem\",\"position\":2,\"name\":\"Tienda\",\"item\":\"https:\/\/bonsailab.com\/pt-pt\/tienda-2\/\"},{\"@type\":\"ListItem\",\"position\":3,\"name\":\"Agitador Orbital PSU 20 i\"}]},{\"@type\":\"WebSite\",\"@id\":\"https:\/\/bonsailab.com\/#website\",\"url\":\"https:\/\/bonsailab.com\/\",\"name\":\"Bonsai Lab\",\"description\":\"\",\"publisher\":{\"@id\":\"https:\/\/bonsailab.com\/#organization\"},\"potentialAction\":[{\"@type\":\"SearchAction\",\"target\":{\"@type\":\"EntryPoint\",\"urlTemplate\":\"https:\/\/bonsailab.com\/?s={search_term_string}\"},\"query-input\":{\"@type\":\"PropertyValueSpecification\",\"valueRequired\":true,\"valueName\":\"search_term_string\"}}],\"inLanguage\":\"pt-PT\"},{\"@type\":\"Organization\",\"@id\":\"https:\/\/bonsailab.com\/#organization\",\"name\":\"BonsaiLab\",\"url\":\"https:\/\/bonsailab.com\/\",\"logo\":{\"@type\":\"ImageObject\",\"inLanguage\":\"pt-PT\",\"@id\":\"https:\/\/bonsailab.com\/#\/schema\/logo\/image\/\",\"url\":\"https:\/\/bonsailab.com\/wp-content\/uploads\/2018\/07\/logo_bonsailab.png\",\"contentUrl\":\"https:\/\/bonsailab.com\/wp-content\/uploads\/2018\/07\/logo_bonsailab.png\",\"width\":280,\"height\":40,\"caption\":\"BonsaiLab\"},\"image\":{\"@id\":\"https:\/\/bonsailab.com\/#\/schema\/logo\/image\/\"},\"sameAs\":[\"https:\/\/www.linkedin.com\/company\/bonsai-advanced-technologies-s-l-\/\",\"https:\/\/www.youtube.com\/channel\/UCv7xfNvsrS9NADlz0yQFWGA\"]}]}<\/script>\n<!-- \/ Yoast SEO plugin. -->","yoast_head_json":{"title":"Agitador Orbital PSU 20 i - Bonsai Lab","robots":{"index":"index","follow":"follow","max-snippet":"max-snippet:-1","max-image-preview":"max-image-preview:large","max-video-preview":"max-video-preview:-1"},"canonical":"https:\/\/bonsailab.com\/pt-pt\/producto\/preparacao-de-amostras\/agitacao-e-incubacao\/agitacao\/orbital-pt-pt\/agitador-orbital-psu-20-i\/","og_locale":"pt_PT","og_type":"article","og_title":"Agitador Orbital PSU 20 i - Bonsai Lab","og_description":"Agitador orbital de Biosan  Desenhado para o uso em pequenos laborat\u00f3rios especializados e em laborat\u00f3rios multidisciplinares grandes.  Com nove plataformas diferentes intercambi\u00e1veis  Inclui plataforma de n\u00edveis m\u00faltiplos, que permite alojar um grande n\u00famero de microplacas diferentes, placas de Petri, bolsas de cultura e outros recipientes de perfil baixo.","og_url":"https:\/\/bonsailab.com\/pt-pt\/producto\/preparacao-de-amostras\/agitacao-e-incubacao\/agitacao\/orbital-pt-pt\/agitador-orbital-psu-20-i\/","og_site_name":"Bonsai Lab","article_modified_time":"2023-03-15T14:55:32+00:00","og_image":[{"width":700,"height":562,"url":"https:\/\/bonsailab.com\/wp-content\/uploads\/2018\/07\/psu-20i.png","type":"image\/png"}],"twitter_card":"summary_large_image","twitter_misc":{"Tempo estimado de leitura":"1 minuto"},"schema":{"@context":"https:\/\/schema.org","@graph":[{"@type":"WebPage","@id":"https:\/\/bonsailab.com\/pt-pt\/producto\/preparacao-de-amostras\/agitacao-e-incubacao\/agitacao\/orbital-pt-pt\/agitador-orbital-psu-20-i\/","url":"https:\/\/bonsailab.com\/pt-pt\/producto\/preparacao-de-amostras\/agitacao-e-incubacao\/agitacao\/orbital-pt-pt\/agitador-orbital-psu-20-i\/","name":"Agitador Orbital PSU 20 i - Bonsai Lab","isPartOf":{"@id":"https:\/\/bonsailab.com\/#website"},"primaryImageOfPage":{"@id":"https:\/\/bonsailab.com\/pt-pt\/producto\/preparacao-de-amostras\/agitacao-e-incubacao\/agitacao\/orbital-pt-pt\/agitador-orbital-psu-20-i\/#primaryimage"},"image":{"@id":"https:\/\/bonsailab.com\/pt-pt\/producto\/preparacao-de-amostras\/agitacao-e-incubacao\/agitacao\/orbital-pt-pt\/agitador-orbital-psu-20-i\/#primaryimage"},"thumbnailUrl":"https:\/\/bonsailab.com\/wp-content\/uploads\/2018\/07\/psu-20i.png","datePublished":"2018-07-18T10:59:07+00:00","dateModified":"2023-03-15T14:55:32+00:00","breadcrumb":{"@id":"https:\/\/bonsailab.com\/pt-pt\/producto\/preparacao-de-amostras\/agitacao-e-incubacao\/agitacao\/orbital-pt-pt\/agitador-orbital-psu-20-i\/#breadcrumb"},"inLanguage":"pt-PT","potentialAction":[{"@type":"ReadAction","target":["https:\/\/bonsailab.com\/pt-pt\/producto\/preparacao-de-amostras\/agitacao-e-incubacao\/agitacao\/orbital-pt-pt\/agitador-orbital-psu-20-i\/"]}]},{"@type":"ImageObject","inLanguage":"pt-PT","@id":"https:\/\/bonsailab.com\/pt-pt\/producto\/preparacao-de-amostras\/agitacao-e-incubacao\/agitacao\/orbital-pt-pt\/agitador-orbital-psu-20-i\/#primaryimage","url":"https:\/\/bonsailab.com\/wp-content\/uploads\/2018\/07\/psu-20i.png","contentUrl":"https:\/\/bonsailab.com\/wp-content\/uploads\/2018\/07\/psu-20i.png","width":700,"height":562},{"@type":"BreadcrumbList","@id":"https:\/\/bonsailab.com\/pt-pt\/producto\/preparacao-de-amostras\/agitacao-e-incubacao\/agitacao\/orbital-pt-pt\/agitador-orbital-psu-20-i\/#breadcrumb","itemListElement":[{"@type":"ListItem","position":1,"name":"Portada","item":"https:\/\/bonsailab.com\/pt-pt\/"},{"@type":"ListItem","position":2,"name":"Tienda","item":"https:\/\/bonsailab.com\/pt-pt\/tienda-2\/"},{"@type":"ListItem","position":3,"name":"Agitador Orbital PSU 20 i"}]},{"@type":"WebSite","@id":"https:\/\/bonsailab.com\/#website","url":"https:\/\/bonsailab.com\/","name":"Bonsai Lab","description":"","publisher":{"@id":"https:\/\/bonsailab.com\/#organization"},"potentialAction":[{"@type":"SearchAction","target":{"@type":"EntryPoint","urlTemplate":"https:\/\/bonsailab.com\/?s={search_term_string}"},"query-input":{"@type":"PropertyValueSpecification","valueRequired":true,"valueName":"search_term_string"}}],"inLanguage":"pt-PT"},{"@type":"Organization","@id":"https:\/\/bonsailab.com\/#organization","name":"BonsaiLab","url":"https:\/\/bonsailab.com\/","logo":{"@type":"ImageObject","inLanguage":"pt-PT","@id":"https:\/\/bonsailab.com\/#\/schema\/logo\/image\/","url":"https:\/\/bonsailab.com\/wp-content\/uploads\/2018\/07\/logo_bonsailab.png","contentUrl":"https:\/\/bonsailab.com\/wp-content\/uploads\/2018\/07\/logo_bonsailab.png","width":280,"height":40,"caption":"BonsaiLab"},"image":{"@id":"https:\/\/bonsailab.com\/#\/schema\/logo\/image\/"},"sameAs":["https:\/\/www.linkedin.com\/company\/bonsai-advanced-technologies-s-l-\/","https:\/\/www.youtube.com\/channel\/UCv7xfNvsrS9NADlz0yQFWGA"]}]}},"_links":{"self":[{"href":"https:\/\/bonsailab.com\/pt-pt\/wp-json\/wp\/v2\/product\/26199","targetHints":{"allow":["GET"]}}],"collection":[{"href":"https:\/\/bonsailab.com\/pt-pt\/wp-json\/wp\/v2\/product"}],"about":[{"href":"https:\/\/bonsailab.com\/pt-pt\/wp-json\/wp\/v2\/types\/product"}],"wp:featuredmedia":[{"embeddable":true,"href":"https:\/\/bonsailab.com\/pt-pt\/wp-json\/wp\/v2\/media\/24698"}],"wp:attachment":[{"href":"https:\/\/bonsailab.com\/pt-pt\/wp-json\/wp\/v2\/media?parent=26199"}],"wp:term":[{"taxonomy":"product_brand","embeddable":true,"href":"https:\/\/bonsailab.com\/pt-pt\/wp-json\/wp\/v2\/product_brand?post=26199"},{"taxonomy":"product_cat","embeddable":true,"href":"https:\/\/bonsailab.com\/pt-pt\/wp-json\/wp\/v2\/product_cat?post=26199"},{"taxonomy":"product_tag","embeddable":true,"href":"https:\/\/bonsailab.com\/pt-pt\/wp-json\/wp\/v2\/product_tag?post=26199"}],"curies":[{"name":"wp","href":"https:\/\/api.w.org\/{rel}","templated":true}]}}