{"id":26196,"date":"2018-07-18T12:31:40","date_gmt":"2018-07-18T12:31:40","guid":{"rendered":"https:\/\/bonsailab.com\/?post_type=product&#038;p=26196"},"modified":"2023-03-15T14:27:15","modified_gmt":"2023-03-15T14:27:15","slug":"agitador-magnetico-intelli-stirrer-msh-300i","status":"publish","type":"product","link":"https:\/\/bonsailab.com\/pt-pt\/producto\/agitacao-e-incubacao\/agitacao\/magnetica\/agitador-magnetico-intelli-stirrer-msh-300i\/","title":{"rendered":"Agitador magn\u00e9tico Intelli-Stirrer MSH-300i"},"content":{"rendered":"<p><span lang=\"PT\">\u00c9 um agitador magn\u00e9tico de nova gera\u00e7\u00e3o. As estruturas dos agitadores est\u00e3o fabricadas em metal pintado com esmalte em p\u00f3, que \u00e9 quimicamente resistente a \u00e1cidos e bases. Os agitadores est\u00e3o equipados com um suporte remov\u00edvel para segurar v\u00e1rios sensores (temperatura, pH e outros) no l\u00edquido agitado.<\/span><\/p>\n<p><span lang=\"PT\">Os agitadores vendem-se com uma barra de agita\u00e7\u00e3o magn\u00e9tica com forma de cilindro (6 \u00d7 25 mm) para uso universal coberta com teflon.<\/span><\/p>\n<p><span lang=\"PT\">As unidades est\u00e3o equipadas com prote\u00e7\u00e3o de sobreaquecimento e disp\u00f5e de um desligamento autom\u00e1tico do dispositivo quando ocorre sobreaquecimento devido a uma diferen\u00e7a da temperatura programada. <\/span><\/p>\n<p><span lang=\"PT\">Os agitadores magn\u00e9ticos com aquecimento podem-se utilizar para opera\u00e7\u00f5es de laborat\u00f3rio, como por exemplo, a s\u00edntese org\u00e2nica, a extra\u00e7\u00e3o, a an\u00e1lise de produtos derivados do petr\u00f3leo, as medi\u00e7\u00f5es de pH, a di\u00e1lise, os agentes de suspens\u00e3o de sujidade, a prepara\u00e7\u00e3o de solu\u00e7\u00f5es tamp\u00e3o, etc.<\/span><\/p>\n<p><span lang=\"PT\">Uma prote\u00e7\u00e3o adicional desativa o aquecimento se a temperatura da placa superar a temperatura definida de 30\u00b0C.<\/span><\/p>\n<p><span lang=\"PT\">O intervalo de temperatura de funcionamento \u00e9 de +4\u00b0\u0421 a +40\u00b0\u0421 (de c\u00e2maras frigor\u00edficas a incubadoras) com uma humidade relativa m\u00e1xima de 80%.<\/span><\/p>\n<p><span lang=\"PT\">Intelli-Stirrer MSH-300i \u00e9 uma vers\u00e3o digital do agitador magn\u00e9tico com aquecimento e est\u00e1 desenhado para laborat\u00f3rios muito exigentes. Apresenta um ajuste e controlo digital da temperatura e velocidade de rota\u00e7\u00e3o.<\/span><\/p>\n<p><span lang=\"PT\">Um \u00edman potente permite misturar as solu\u00e7\u00f5es com n\u00edvel de viscosidade da glicerina. O volume m\u00e1ximo de l\u00edquido (\u00e1gua) agitado \u00e9 de 20 litros.<\/span><\/p>\n<p><span lang=\"PT\">Uma sonda externa proporciona controlo direto da temperatura dos l\u00edquidos agitados.<\/span><\/p>\n<p>&nbsp;<\/p>\n<p><img decoding=\"async\" class=\"wp-image-134 size-400 aligncenter\" src=\"\/wp-content\/uploads\/2018\/07\/msh_clamp_en-1-400x293.png\" alt=\"\" width=\"400\" height=\"293\" srcset=\"https:\/\/bonsailab.com\/wp-content\/uploads\/2018\/07\/msh_clamp_en-1-200x147.png 200w, https:\/\/bonsailab.com\/wp-content\/uploads\/2018\/07\/msh_clamp_en-1-300x220.png 300w, https:\/\/bonsailab.com\/wp-content\/uploads\/2018\/07\/msh_clamp_en-1-400x293.png 400w, https:\/\/bonsailab.com\/wp-content\/uploads\/2018\/07\/msh_clamp_en-1-600x440.png 600w, https:\/\/bonsailab.com\/wp-content\/uploads\/2018\/07\/msh_clamp_en-1.png 766w\" sizes=\"(max-width: 400px) 100vw, 400px\" \/><\/p>\n<p>&nbsp;<\/p>\n<div style=\"text-align: center;\"><iframe src=\"https:\/\/www.youtube.com\/embed\/mK3kaURZ3Lc?rel=0\" width=\"560\" height=\"315\" frameborder=\"0\" allowfullscreen=\"allowfullscreen\" data-mce-fragment=\"1\"><\/iframe><\/div>\n","protected":false},"excerpt":{"rendered":"<ul>\n<li>Agitador Magn\u00e9tico com placa aquecida de Biosan<\/li>\n<li>Equipados com um suporte remov\u00edvel para segurar v\u00e1rios sensores (temperatura, pH e outros) no l\u00edquido agitado.<\/li>\n<li>Barra de agita\u00e7\u00e3o magn\u00e9tica com forma de cilindro (6 \u00d7 25 mm) para uso universal coberta com teflon<\/li>\n<li>Prote\u00e7\u00e3o de sobreaquecimento e com desligamento autom\u00e1tico do dispositivo.<\/li>\n<li>O intervalo de temperatura de funcionamento \u00e9 de +4\u00b0\u0421 a +40\u00b0\u0421<\/li>\n<\/ul>\n","protected":false},"featured_media":24700,"template":"","meta":{"_bbp_topic_count":0,"_bbp_reply_count":0,"_bbp_total_topic_count":0,"_bbp_total_reply_count":0,"_bbp_voice_count":0,"_bbp_anonymous_reply_count":0,"_bbp_topic_count_hidden":0,"_bbp_reply_count_hidden":0,"_bbp_forum_subforum_count":0,"rs_blank_template":"","rs_page_bg_color":"","slide_template_v7":""},"product_brand":[],"product_cat":[166],"product_tag":[],"class_list":{"0":"post-26196","1":"product","2":"type-product","3":"status-publish","4":"has-post-thumbnail","6":"product_cat-magnetica","8":"first","9":"instock","10":"shipping-taxable","11":"product-type-simple"},"yoast_head":"<!-- This site is optimized with the Yoast SEO plugin v27.2 - https:\/\/yoast.com\/product\/yoast-seo-wordpress\/ -->\n<title>Agitador magn\u00e9tico Intelli-Stirrer MSH-300i - Bonsai Lab<\/title>\n<meta name=\"robots\" content=\"index, follow, max-snippet:-1, max-image-preview:large, max-video-preview:-1\" \/>\n<link rel=\"canonical\" href=\"https:\/\/bonsailab.com\/pt-pt\/producto\/preparacao-de-amostras\/agitacao-e-incubacao\/agitacao\/magnetica\/agitador-magnetico-intelli-stirrer-msh-300i\/\" \/>\n<meta property=\"og:locale\" content=\"pt_PT\" \/>\n<meta property=\"og:type\" content=\"article\" \/>\n<meta property=\"og:title\" content=\"Agitador magn\u00e9tico Intelli-Stirrer MSH-300i - Bonsai Lab\" \/>\n<meta property=\"og:description\" content=\"Agitador Magn\u00e9tico com placa aquecida de Biosan  Equipados com um suporte remov\u00edvel para segurar v\u00e1rios sensores (temperatura, pH e outros) no l\u00edquido agitado.  Barra de agita\u00e7\u00e3o magn\u00e9tica com forma de cilindro (6 \u00d7 25 mm) para uso universal coberta com teflon  Prote\u00e7\u00e3o de sobreaquecimento e com desligamento autom\u00e1tico do dispositivo.  O intervalo de temperatura de funcionamento \u00e9 de +4\u00b0\u0421 a +40\u00b0\u0421\" \/>\n<meta property=\"og:url\" content=\"https:\/\/bonsailab.com\/pt-pt\/producto\/preparacao-de-amostras\/agitacao-e-incubacao\/agitacao\/magnetica\/agitador-magnetico-intelli-stirrer-msh-300i\/\" \/>\n<meta property=\"og:site_name\" content=\"Bonsai Lab\" \/>\n<meta property=\"article:modified_time\" content=\"2023-03-15T14:27:15+00:00\" \/>\n<meta property=\"og:image\" content=\"https:\/\/bonsailab.com\/wp-content\/uploads\/2018\/07\/msh_300i-close-up.jpg\" \/>\n\t<meta property=\"og:image:width\" content=\"700\" \/>\n\t<meta property=\"og:image:height\" content=\"518\" \/>\n\t<meta property=\"og:image:type\" content=\"image\/jpeg\" \/>\n<meta name=\"twitter:card\" content=\"summary_large_image\" \/>\n<meta name=\"twitter:label1\" content=\"Tempo estimado de leitura\" \/>\n\t<meta name=\"twitter:data1\" content=\"2 minutos\" \/>\n<script type=\"application\/ld+json\" class=\"yoast-schema-graph\">{\"@context\":\"https:\/\/schema.org\",\"@graph\":[{\"@type\":\"WebPage\",\"@id\":\"https:\/\/bonsailab.com\/pt-pt\/producto\/preparacao-de-amostras\/agitacao-e-incubacao\/agitacao\/magnetica\/agitador-magnetico-intelli-stirrer-msh-300i\/\",\"url\":\"https:\/\/bonsailab.com\/pt-pt\/producto\/preparacao-de-amostras\/agitacao-e-incubacao\/agitacao\/magnetica\/agitador-magnetico-intelli-stirrer-msh-300i\/\",\"name\":\"Agitador magn\u00e9tico Intelli-Stirrer MSH-300i - Bonsai Lab\",\"isPartOf\":{\"@id\":\"https:\/\/bonsailab.com\/#website\"},\"primaryImageOfPage\":{\"@id\":\"https:\/\/bonsailab.com\/pt-pt\/producto\/preparacao-de-amostras\/agitacao-e-incubacao\/agitacao\/magnetica\/agitador-magnetico-intelli-stirrer-msh-300i\/#primaryimage\"},\"image\":{\"@id\":\"https:\/\/bonsailab.com\/pt-pt\/producto\/preparacao-de-amostras\/agitacao-e-incubacao\/agitacao\/magnetica\/agitador-magnetico-intelli-stirrer-msh-300i\/#primaryimage\"},\"thumbnailUrl\":\"https:\/\/bonsailab.com\/wp-content\/uploads\/2018\/07\/msh_300i-close-up.jpg\",\"datePublished\":\"2018-07-18T12:31:40+00:00\",\"dateModified\":\"2023-03-15T14:27:15+00:00\",\"breadcrumb\":{\"@id\":\"https:\/\/bonsailab.com\/pt-pt\/producto\/preparacao-de-amostras\/agitacao-e-incubacao\/agitacao\/magnetica\/agitador-magnetico-intelli-stirrer-msh-300i\/#breadcrumb\"},\"inLanguage\":\"pt-PT\",\"potentialAction\":[{\"@type\":\"ReadAction\",\"target\":[\"https:\/\/bonsailab.com\/pt-pt\/producto\/preparacao-de-amostras\/agitacao-e-incubacao\/agitacao\/magnetica\/agitador-magnetico-intelli-stirrer-msh-300i\/\"]}]},{\"@type\":\"ImageObject\",\"inLanguage\":\"pt-PT\",\"@id\":\"https:\/\/bonsailab.com\/pt-pt\/producto\/preparacao-de-amostras\/agitacao-e-incubacao\/agitacao\/magnetica\/agitador-magnetico-intelli-stirrer-msh-300i\/#primaryimage\",\"url\":\"https:\/\/bonsailab.com\/wp-content\/uploads\/2018\/07\/msh_300i-close-up.jpg\",\"contentUrl\":\"https:\/\/bonsailab.com\/wp-content\/uploads\/2018\/07\/msh_300i-close-up.jpg\",\"width\":700,\"height\":518},{\"@type\":\"BreadcrumbList\",\"@id\":\"https:\/\/bonsailab.com\/pt-pt\/producto\/preparacao-de-amostras\/agitacao-e-incubacao\/agitacao\/magnetica\/agitador-magnetico-intelli-stirrer-msh-300i\/#breadcrumb\",\"itemListElement\":[{\"@type\":\"ListItem\",\"position\":1,\"name\":\"Portada\",\"item\":\"https:\/\/bonsailab.com\/pt-pt\/\"},{\"@type\":\"ListItem\",\"position\":2,\"name\":\"Tienda\",\"item\":\"https:\/\/bonsailab.com\/pt-pt\/tienda-2\/\"},{\"@type\":\"ListItem\",\"position\":3,\"name\":\"Agitador magn\u00e9tico Intelli-Stirrer MSH-300i\"}]},{\"@type\":\"WebSite\",\"@id\":\"https:\/\/bonsailab.com\/#website\",\"url\":\"https:\/\/bonsailab.com\/\",\"name\":\"Bonsai Lab\",\"description\":\"\",\"publisher\":{\"@id\":\"https:\/\/bonsailab.com\/#organization\"},\"potentialAction\":[{\"@type\":\"SearchAction\",\"target\":{\"@type\":\"EntryPoint\",\"urlTemplate\":\"https:\/\/bonsailab.com\/?s={search_term_string}\"},\"query-input\":{\"@type\":\"PropertyValueSpecification\",\"valueRequired\":true,\"valueName\":\"search_term_string\"}}],\"inLanguage\":\"pt-PT\"},{\"@type\":\"Organization\",\"@id\":\"https:\/\/bonsailab.com\/#organization\",\"name\":\"BonsaiLab\",\"url\":\"https:\/\/bonsailab.com\/\",\"logo\":{\"@type\":\"ImageObject\",\"inLanguage\":\"pt-PT\",\"@id\":\"https:\/\/bonsailab.com\/#\/schema\/logo\/image\/\",\"url\":\"https:\/\/bonsailab.com\/wp-content\/uploads\/2018\/07\/logo_bonsailab.png\",\"contentUrl\":\"https:\/\/bonsailab.com\/wp-content\/uploads\/2018\/07\/logo_bonsailab.png\",\"width\":280,\"height\":40,\"caption\":\"BonsaiLab\"},\"image\":{\"@id\":\"https:\/\/bonsailab.com\/#\/schema\/logo\/image\/\"},\"sameAs\":[\"https:\/\/www.linkedin.com\/company\/bonsai-advanced-technologies-s-l-\/\",\"https:\/\/www.youtube.com\/channel\/UCv7xfNvsrS9NADlz0yQFWGA\"]}]}<\/script>\n<!-- \/ Yoast SEO plugin. -->","yoast_head_json":{"title":"Agitador magn\u00e9tico Intelli-Stirrer MSH-300i - Bonsai Lab","robots":{"index":"index","follow":"follow","max-snippet":"max-snippet:-1","max-image-preview":"max-image-preview:large","max-video-preview":"max-video-preview:-1"},"canonical":"https:\/\/bonsailab.com\/pt-pt\/producto\/preparacao-de-amostras\/agitacao-e-incubacao\/agitacao\/magnetica\/agitador-magnetico-intelli-stirrer-msh-300i\/","og_locale":"pt_PT","og_type":"article","og_title":"Agitador magn\u00e9tico Intelli-Stirrer MSH-300i - Bonsai Lab","og_description":"Agitador Magn\u00e9tico com placa aquecida de Biosan  Equipados com um suporte remov\u00edvel para segurar v\u00e1rios sensores (temperatura, pH e outros) no l\u00edquido agitado.  Barra de agita\u00e7\u00e3o magn\u00e9tica com forma de cilindro (6 \u00d7 25 mm) para uso universal coberta com teflon  Prote\u00e7\u00e3o de sobreaquecimento e com desligamento autom\u00e1tico do dispositivo.  O intervalo de temperatura de funcionamento \u00e9 de +4\u00b0\u0421 a +40\u00b0\u0421","og_url":"https:\/\/bonsailab.com\/pt-pt\/producto\/preparacao-de-amostras\/agitacao-e-incubacao\/agitacao\/magnetica\/agitador-magnetico-intelli-stirrer-msh-300i\/","og_site_name":"Bonsai Lab","article_modified_time":"2023-03-15T14:27:15+00:00","og_image":[{"width":700,"height":518,"url":"https:\/\/bonsailab.com\/wp-content\/uploads\/2018\/07\/msh_300i-close-up.jpg","type":"image\/jpeg"}],"twitter_card":"summary_large_image","twitter_misc":{"Tempo estimado de leitura":"2 minutos"},"schema":{"@context":"https:\/\/schema.org","@graph":[{"@type":"WebPage","@id":"https:\/\/bonsailab.com\/pt-pt\/producto\/preparacao-de-amostras\/agitacao-e-incubacao\/agitacao\/magnetica\/agitador-magnetico-intelli-stirrer-msh-300i\/","url":"https:\/\/bonsailab.com\/pt-pt\/producto\/preparacao-de-amostras\/agitacao-e-incubacao\/agitacao\/magnetica\/agitador-magnetico-intelli-stirrer-msh-300i\/","name":"Agitador magn\u00e9tico Intelli-Stirrer MSH-300i - Bonsai Lab","isPartOf":{"@id":"https:\/\/bonsailab.com\/#website"},"primaryImageOfPage":{"@id":"https:\/\/bonsailab.com\/pt-pt\/producto\/preparacao-de-amostras\/agitacao-e-incubacao\/agitacao\/magnetica\/agitador-magnetico-intelli-stirrer-msh-300i\/#primaryimage"},"image":{"@id":"https:\/\/bonsailab.com\/pt-pt\/producto\/preparacao-de-amostras\/agitacao-e-incubacao\/agitacao\/magnetica\/agitador-magnetico-intelli-stirrer-msh-300i\/#primaryimage"},"thumbnailUrl":"https:\/\/bonsailab.com\/wp-content\/uploads\/2018\/07\/msh_300i-close-up.jpg","datePublished":"2018-07-18T12:31:40+00:00","dateModified":"2023-03-15T14:27:15+00:00","breadcrumb":{"@id":"https:\/\/bonsailab.com\/pt-pt\/producto\/preparacao-de-amostras\/agitacao-e-incubacao\/agitacao\/magnetica\/agitador-magnetico-intelli-stirrer-msh-300i\/#breadcrumb"},"inLanguage":"pt-PT","potentialAction":[{"@type":"ReadAction","target":["https:\/\/bonsailab.com\/pt-pt\/producto\/preparacao-de-amostras\/agitacao-e-incubacao\/agitacao\/magnetica\/agitador-magnetico-intelli-stirrer-msh-300i\/"]}]},{"@type":"ImageObject","inLanguage":"pt-PT","@id":"https:\/\/bonsailab.com\/pt-pt\/producto\/preparacao-de-amostras\/agitacao-e-incubacao\/agitacao\/magnetica\/agitador-magnetico-intelli-stirrer-msh-300i\/#primaryimage","url":"https:\/\/bonsailab.com\/wp-content\/uploads\/2018\/07\/msh_300i-close-up.jpg","contentUrl":"https:\/\/bonsailab.com\/wp-content\/uploads\/2018\/07\/msh_300i-close-up.jpg","width":700,"height":518},{"@type":"BreadcrumbList","@id":"https:\/\/bonsailab.com\/pt-pt\/producto\/preparacao-de-amostras\/agitacao-e-incubacao\/agitacao\/magnetica\/agitador-magnetico-intelli-stirrer-msh-300i\/#breadcrumb","itemListElement":[{"@type":"ListItem","position":1,"name":"Portada","item":"https:\/\/bonsailab.com\/pt-pt\/"},{"@type":"ListItem","position":2,"name":"Tienda","item":"https:\/\/bonsailab.com\/pt-pt\/tienda-2\/"},{"@type":"ListItem","position":3,"name":"Agitador magn\u00e9tico Intelli-Stirrer MSH-300i"}]},{"@type":"WebSite","@id":"https:\/\/bonsailab.com\/#website","url":"https:\/\/bonsailab.com\/","name":"Bonsai Lab","description":"","publisher":{"@id":"https:\/\/bonsailab.com\/#organization"},"potentialAction":[{"@type":"SearchAction","target":{"@type":"EntryPoint","urlTemplate":"https:\/\/bonsailab.com\/?s={search_term_string}"},"query-input":{"@type":"PropertyValueSpecification","valueRequired":true,"valueName":"search_term_string"}}],"inLanguage":"pt-PT"},{"@type":"Organization","@id":"https:\/\/bonsailab.com\/#organization","name":"BonsaiLab","url":"https:\/\/bonsailab.com\/","logo":{"@type":"ImageObject","inLanguage":"pt-PT","@id":"https:\/\/bonsailab.com\/#\/schema\/logo\/image\/","url":"https:\/\/bonsailab.com\/wp-content\/uploads\/2018\/07\/logo_bonsailab.png","contentUrl":"https:\/\/bonsailab.com\/wp-content\/uploads\/2018\/07\/logo_bonsailab.png","width":280,"height":40,"caption":"BonsaiLab"},"image":{"@id":"https:\/\/bonsailab.com\/#\/schema\/logo\/image\/"},"sameAs":["https:\/\/www.linkedin.com\/company\/bonsai-advanced-technologies-s-l-\/","https:\/\/www.youtube.com\/channel\/UCv7xfNvsrS9NADlz0yQFWGA"]}]}},"_links":{"self":[{"href":"https:\/\/bonsailab.com\/pt-pt\/wp-json\/wp\/v2\/product\/26196","targetHints":{"allow":["GET"]}}],"collection":[{"href":"https:\/\/bonsailab.com\/pt-pt\/wp-json\/wp\/v2\/product"}],"about":[{"href":"https:\/\/bonsailab.com\/pt-pt\/wp-json\/wp\/v2\/types\/product"}],"wp:featuredmedia":[{"embeddable":true,"href":"https:\/\/bonsailab.com\/pt-pt\/wp-json\/wp\/v2\/media\/24700"}],"wp:attachment":[{"href":"https:\/\/bonsailab.com\/pt-pt\/wp-json\/wp\/v2\/media?parent=26196"}],"wp:term":[{"taxonomy":"product_brand","embeddable":true,"href":"https:\/\/bonsailab.com\/pt-pt\/wp-json\/wp\/v2\/product_brand?post=26196"},{"taxonomy":"product_cat","embeddable":true,"href":"https:\/\/bonsailab.com\/pt-pt\/wp-json\/wp\/v2\/product_cat?post=26196"},{"taxonomy":"product_tag","embeddable":true,"href":"https:\/\/bonsailab.com\/pt-pt\/wp-json\/wp\/v2\/product_tag?post=26196"}],"curies":[{"name":"wp","href":"https:\/\/api.w.org\/{rel}","templated":true}]}}