{"id":26192,"date":"2019-03-11T12:29:19","date_gmt":"2019-03-11T12:29:19","guid":{"rendered":"https:\/\/bonsailab.com\/?post_type=product&#038;p=26192"},"modified":"2024-12-03T18:53:18","modified_gmt":"2024-12-03T18:53:18","slug":"celldrop-cell-counters","status":"publish","type":"product","link":"https:\/\/bonsailab.com\/pt-pt\/producto\/workflow-pt\/suspencao-celular\/celldrop-cell-counters\/","title":{"rendered":"CellDrop Cell Counters"},"content":{"rendered":"<p>O contador de c\u00e9lulas CellDrop Cell Counters da DeNovix \u00e9 o \u00fanico que conta com a tecnologia DirectPipette<sup>TM<\/sup>. Gra\u00e7as a esta tecnologia, elimina-se a necessidade de utilizar os slides de pl\u00e1stico e o hemocit\u00f3metro de cristal necess\u00e1rios para a contagem de c\u00e9lulas. A \u00f3tica dual de campo brilhante e fluorescente junto com a possibilidade de variar a altura da c\u00e2mara das amostras fazem do CellDrop<sup>TM<\/sup> um contador de c\u00e9lulas r\u00e1pido e eficaz, que al\u00e9m disso permite avaliar tanto a viabilidade como a efici\u00eancia da transfe\u00e7\u00e3o das amostras.<\/p>\n<h4><strong>Tecnologia DirectPipette\u2122<\/strong><\/h4>\n<p>A s\u00e9rie CellDrop de DeNovix apresenta a mesma rotina de trabalho dos seus espectrofot\u00f3metros: carregar, medir e limpar. Os tradicionais slides de pl\u00e1stico e hemocit\u00f3metros de cristal s\u00e3o substitu\u00eddos por duas superf\u00edcies fixas de safira. Estas est\u00e3o colocadas paralelamente formando uma c\u00e2mara de uma definida e precisa altura. Trata-se de um mecanismo altamente preciso e sem necessidade de calibra\u00e7\u00f5es.<\/p>\n<p>Basta apenas carregar 10\u00b5L da suspens\u00e3o celular, analisar e retirar a amostra simplesmente limpando com papel seco.<\/p>\n<h4><strong>Precis\u00e3o na determina\u00e7\u00e3o do tamanho e densidade celular. <\/strong><\/h4>\n<p>Os m\u00e9todos tradicionais de contagem requerem de passos extra para concentrar ou diluir as amostras em caso de que a densidade celular n\u00e3o seja \u00f3tima. O CellDrop<sup>TM<\/sup> ajusta a altura da c\u00e2mara automaticamente oferecendo a contagem mais precisa dentro do intervalo de concentra\u00e7\u00f5es mais amplo: 7 x 10<sup>2<\/sup>\u00a0to 4 x 10<sup>7<\/sup>. A altura da c\u00e2mara tamb\u00e9m pode ser ajustada para acomodar qualquer c\u00e9lula com um tamanho de 4 a 400 \u00b5m.<\/p>\n<h4><strong>F\u00e1cil de usar. <\/strong><\/h4>\n<p>Desenhado por cient\u00edficos, o software EasyApps\u00ae de CellDrop Cell Counters\u00a0supera os softwares dos contadores de c\u00e9lulas de alto custo ao mesmo tempo que oferece a facilidade do uso de sistemas mais simples. EasyApps combina-se com uma interface de janela t\u00e1til de 7 \u201cde alta-defini\u00e7\u00e3o para permitir um funcionamento livre de erros desde o carregamento da amostra at\u00e9 \u00e0 exporta\u00e7\u00e3o dos dados. Cont\u00e9m uma s\u00e9rie de programas pre.instalados para levar a cabo as aplica\u00e7\u00f5es mais frequentes como Brightfield, Trypan blue, AO \/ PI, GFP e Leveduras. Tamb\u00e9m permite criar m\u00e9todos personalizados.<\/p>\n<div class=\"video-shortcode\"><iframe title=\"DeNovix Pink CellDrop Giveaway\" width=\"1100\" height=\"619\" src=\"https:\/\/www.youtube.com\/embed\/pPMv-adDIlQ?feature=oembed\" frameborder=\"0\" allow=\"accelerometer; autoplay; clipboard-write; encrypted-media; gyroscope; picture-in-picture; web-share\" allowfullscreen><\/iframe><\/div>\n<p>&nbsp;<\/p>\n","protected":false},"excerpt":{"rendered":"<p>Contador de c\u00e9lulas desenhado por DeNovix que apresenta:<\/p>\n<ul>\n<li>Tecnologia DirectPipette\u2122<\/li>\n<li>Precis\u00e3o na determina\u00e7\u00e3o do tamanho e densidade celular.<\/li>\n<li>F\u00e1cil de usar.<\/li>\n<\/ul>\n","protected":false},"featured_media":24934,"template":"","meta":{"_bbp_topic_count":0,"_bbp_reply_count":0,"_bbp_total_topic_count":0,"_bbp_total_reply_count":0,"_bbp_voice_count":0,"_bbp_anonymous_reply_count":0,"_bbp_topic_count_hidden":0,"_bbp_reply_count_hidden":0,"_bbp_forum_subforum_count":0,"rs_blank_template":"","rs_page_bg_color":"","slide_template_v7":""},"product_brand":[],"product_cat":[229],"product_tag":[],"class_list":{"0":"post-26192","1":"product","2":"type-product","3":"status-publish","4":"has-post-thumbnail","6":"product_cat-suspencao-celular","8":"first","9":"instock","10":"shipping-taxable","11":"product-type-simple"},"yoast_head":"<!-- This site is optimized with the Yoast SEO plugin v27.2 - https:\/\/yoast.com\/product\/yoast-seo-wordpress\/ -->\n<title>CellDrop Cell Counters - Bonsai Lab<\/title>\n<meta name=\"robots\" content=\"index, follow, max-snippet:-1, max-image-preview:large, max-video-preview:-1\" \/>\n<link rel=\"canonical\" href=\"https:\/\/bonsailab.com\/pt-pt\/producto\/workflow-pt\/suspencao-celular\/celldrop-cell-counters\/\" \/>\n<meta property=\"og:locale\" content=\"pt_PT\" \/>\n<meta property=\"og:type\" content=\"article\" \/>\n<meta property=\"og:title\" content=\"CellDrop Cell Counters - Bonsai Lab\" \/>\n<meta property=\"og:description\" content=\"Contador de c\u00e9lulas desenhado por DeNovix que apresenta:   Tecnologia DirectPipette\u2122  Precis\u00e3o na determina\u00e7\u00e3o do tamanho e densidade celular.  F\u00e1cil de usar.\" \/>\n<meta property=\"og:url\" content=\"https:\/\/bonsailab.com\/pt-pt\/producto\/workflow-pt\/suspencao-celular\/celldrop-cell-counters\/\" \/>\n<meta property=\"og:site_name\" content=\"Bonsai Lab\" \/>\n<meta property=\"article:modified_time\" content=\"2024-12-03T18:53:18+00:00\" \/>\n<meta property=\"og:image\" content=\"https:\/\/bonsailab.com\/wp-content\/uploads\/2019\/03\/celldrop-straight.jpg\" \/>\n\t<meta property=\"og:image:width\" content=\"1250\" \/>\n\t<meta property=\"og:image:height\" content=\"1250\" \/>\n\t<meta property=\"og:image:type\" content=\"image\/jpeg\" \/>\n<meta name=\"twitter:card\" content=\"summary_large_image\" \/>\n<meta name=\"twitter:label1\" content=\"Tempo estimado de leitura\" \/>\n\t<meta name=\"twitter:data1\" content=\"2 minutos\" \/>\n<script type=\"application\/ld+json\" class=\"yoast-schema-graph\">{\"@context\":\"https:\/\/schema.org\",\"@graph\":[{\"@type\":\"WebPage\",\"@id\":\"https:\/\/bonsailab.com\/pt-pt\/producto\/workflow-pt\/suspencao-celular\/celldrop-cell-counters\/\",\"url\":\"https:\/\/bonsailab.com\/pt-pt\/producto\/workflow-pt\/suspencao-celular\/celldrop-cell-counters\/\",\"name\":\"CellDrop Cell Counters - Bonsai Lab\",\"isPartOf\":{\"@id\":\"https:\/\/bonsailab.com\/#website\"},\"primaryImageOfPage\":{\"@id\":\"https:\/\/bonsailab.com\/pt-pt\/producto\/workflow-pt\/suspencao-celular\/celldrop-cell-counters\/#primaryimage\"},\"image\":{\"@id\":\"https:\/\/bonsailab.com\/pt-pt\/producto\/workflow-pt\/suspencao-celular\/celldrop-cell-counters\/#primaryimage\"},\"thumbnailUrl\":\"https:\/\/bonsailab.com\/wp-content\/uploads\/2019\/03\/celldrop-straight.jpg\",\"datePublished\":\"2019-03-11T12:29:19+00:00\",\"dateModified\":\"2024-12-03T18:53:18+00:00\",\"breadcrumb\":{\"@id\":\"https:\/\/bonsailab.com\/pt-pt\/producto\/workflow-pt\/suspencao-celular\/celldrop-cell-counters\/#breadcrumb\"},\"inLanguage\":\"pt-PT\",\"potentialAction\":[{\"@type\":\"ReadAction\",\"target\":[\"https:\/\/bonsailab.com\/pt-pt\/producto\/workflow-pt\/suspencao-celular\/celldrop-cell-counters\/\"]}]},{\"@type\":\"ImageObject\",\"inLanguage\":\"pt-PT\",\"@id\":\"https:\/\/bonsailab.com\/pt-pt\/producto\/workflow-pt\/suspencao-celular\/celldrop-cell-counters\/#primaryimage\",\"url\":\"https:\/\/bonsailab.com\/wp-content\/uploads\/2019\/03\/celldrop-straight.jpg\",\"contentUrl\":\"https:\/\/bonsailab.com\/wp-content\/uploads\/2019\/03\/celldrop-straight.jpg\",\"width\":1250,\"height\":1250},{\"@type\":\"BreadcrumbList\",\"@id\":\"https:\/\/bonsailab.com\/pt-pt\/producto\/workflow-pt\/suspencao-celular\/celldrop-cell-counters\/#breadcrumb\",\"itemListElement\":[{\"@type\":\"ListItem\",\"position\":1,\"name\":\"Portada\",\"item\":\"https:\/\/bonsailab.com\/pt-pt\/\"},{\"@type\":\"ListItem\",\"position\":2,\"name\":\"Tienda\",\"item\":\"https:\/\/bonsailab.com\/pt-pt\/tienda-2\/\"},{\"@type\":\"ListItem\",\"position\":3,\"name\":\"CellDrop Cell Counters\"}]},{\"@type\":\"WebSite\",\"@id\":\"https:\/\/bonsailab.com\/#website\",\"url\":\"https:\/\/bonsailab.com\/\",\"name\":\"Bonsai Lab\",\"description\":\"\",\"publisher\":{\"@id\":\"https:\/\/bonsailab.com\/#organization\"},\"potentialAction\":[{\"@type\":\"SearchAction\",\"target\":{\"@type\":\"EntryPoint\",\"urlTemplate\":\"https:\/\/bonsailab.com\/?s={search_term_string}\"},\"query-input\":{\"@type\":\"PropertyValueSpecification\",\"valueRequired\":true,\"valueName\":\"search_term_string\"}}],\"inLanguage\":\"pt-PT\"},{\"@type\":\"Organization\",\"@id\":\"https:\/\/bonsailab.com\/#organization\",\"name\":\"BonsaiLab\",\"url\":\"https:\/\/bonsailab.com\/\",\"logo\":{\"@type\":\"ImageObject\",\"inLanguage\":\"pt-PT\",\"@id\":\"https:\/\/bonsailab.com\/#\/schema\/logo\/image\/\",\"url\":\"https:\/\/bonsailab.com\/wp-content\/uploads\/2018\/07\/logo_bonsailab.png\",\"contentUrl\":\"https:\/\/bonsailab.com\/wp-content\/uploads\/2018\/07\/logo_bonsailab.png\",\"width\":280,\"height\":40,\"caption\":\"BonsaiLab\"},\"image\":{\"@id\":\"https:\/\/bonsailab.com\/#\/schema\/logo\/image\/\"},\"sameAs\":[\"https:\/\/www.linkedin.com\/company\/bonsai-advanced-technologies-s-l-\/\",\"https:\/\/www.youtube.com\/channel\/UCv7xfNvsrS9NADlz0yQFWGA\"]}]}<\/script>\n<!-- \/ Yoast SEO plugin. -->","yoast_head_json":{"title":"CellDrop Cell Counters - Bonsai Lab","robots":{"index":"index","follow":"follow","max-snippet":"max-snippet:-1","max-image-preview":"max-image-preview:large","max-video-preview":"max-video-preview:-1"},"canonical":"https:\/\/bonsailab.com\/pt-pt\/producto\/workflow-pt\/suspencao-celular\/celldrop-cell-counters\/","og_locale":"pt_PT","og_type":"article","og_title":"CellDrop Cell Counters - Bonsai Lab","og_description":"Contador de c\u00e9lulas desenhado por DeNovix que apresenta:   Tecnologia DirectPipette\u2122  Precis\u00e3o na determina\u00e7\u00e3o do tamanho e densidade celular.  F\u00e1cil de usar.","og_url":"https:\/\/bonsailab.com\/pt-pt\/producto\/workflow-pt\/suspencao-celular\/celldrop-cell-counters\/","og_site_name":"Bonsai Lab","article_modified_time":"2024-12-03T18:53:18+00:00","og_image":[{"width":1250,"height":1250,"url":"https:\/\/bonsailab.com\/wp-content\/uploads\/2019\/03\/celldrop-straight.jpg","type":"image\/jpeg"}],"twitter_card":"summary_large_image","twitter_misc":{"Tempo estimado de leitura":"2 minutos"},"schema":{"@context":"https:\/\/schema.org","@graph":[{"@type":"WebPage","@id":"https:\/\/bonsailab.com\/pt-pt\/producto\/workflow-pt\/suspencao-celular\/celldrop-cell-counters\/","url":"https:\/\/bonsailab.com\/pt-pt\/producto\/workflow-pt\/suspencao-celular\/celldrop-cell-counters\/","name":"CellDrop Cell Counters - Bonsai Lab","isPartOf":{"@id":"https:\/\/bonsailab.com\/#website"},"primaryImageOfPage":{"@id":"https:\/\/bonsailab.com\/pt-pt\/producto\/workflow-pt\/suspencao-celular\/celldrop-cell-counters\/#primaryimage"},"image":{"@id":"https:\/\/bonsailab.com\/pt-pt\/producto\/workflow-pt\/suspencao-celular\/celldrop-cell-counters\/#primaryimage"},"thumbnailUrl":"https:\/\/bonsailab.com\/wp-content\/uploads\/2019\/03\/celldrop-straight.jpg","datePublished":"2019-03-11T12:29:19+00:00","dateModified":"2024-12-03T18:53:18+00:00","breadcrumb":{"@id":"https:\/\/bonsailab.com\/pt-pt\/producto\/workflow-pt\/suspencao-celular\/celldrop-cell-counters\/#breadcrumb"},"inLanguage":"pt-PT","potentialAction":[{"@type":"ReadAction","target":["https:\/\/bonsailab.com\/pt-pt\/producto\/workflow-pt\/suspencao-celular\/celldrop-cell-counters\/"]}]},{"@type":"ImageObject","inLanguage":"pt-PT","@id":"https:\/\/bonsailab.com\/pt-pt\/producto\/workflow-pt\/suspencao-celular\/celldrop-cell-counters\/#primaryimage","url":"https:\/\/bonsailab.com\/wp-content\/uploads\/2019\/03\/celldrop-straight.jpg","contentUrl":"https:\/\/bonsailab.com\/wp-content\/uploads\/2019\/03\/celldrop-straight.jpg","width":1250,"height":1250},{"@type":"BreadcrumbList","@id":"https:\/\/bonsailab.com\/pt-pt\/producto\/workflow-pt\/suspencao-celular\/celldrop-cell-counters\/#breadcrumb","itemListElement":[{"@type":"ListItem","position":1,"name":"Portada","item":"https:\/\/bonsailab.com\/pt-pt\/"},{"@type":"ListItem","position":2,"name":"Tienda","item":"https:\/\/bonsailab.com\/pt-pt\/tienda-2\/"},{"@type":"ListItem","position":3,"name":"CellDrop Cell Counters"}]},{"@type":"WebSite","@id":"https:\/\/bonsailab.com\/#website","url":"https:\/\/bonsailab.com\/","name":"Bonsai Lab","description":"","publisher":{"@id":"https:\/\/bonsailab.com\/#organization"},"potentialAction":[{"@type":"SearchAction","target":{"@type":"EntryPoint","urlTemplate":"https:\/\/bonsailab.com\/?s={search_term_string}"},"query-input":{"@type":"PropertyValueSpecification","valueRequired":true,"valueName":"search_term_string"}}],"inLanguage":"pt-PT"},{"@type":"Organization","@id":"https:\/\/bonsailab.com\/#organization","name":"BonsaiLab","url":"https:\/\/bonsailab.com\/","logo":{"@type":"ImageObject","inLanguage":"pt-PT","@id":"https:\/\/bonsailab.com\/#\/schema\/logo\/image\/","url":"https:\/\/bonsailab.com\/wp-content\/uploads\/2018\/07\/logo_bonsailab.png","contentUrl":"https:\/\/bonsailab.com\/wp-content\/uploads\/2018\/07\/logo_bonsailab.png","width":280,"height":40,"caption":"BonsaiLab"},"image":{"@id":"https:\/\/bonsailab.com\/#\/schema\/logo\/image\/"},"sameAs":["https:\/\/www.linkedin.com\/company\/bonsai-advanced-technologies-s-l-\/","https:\/\/www.youtube.com\/channel\/UCv7xfNvsrS9NADlz0yQFWGA"]}]}},"_links":{"self":[{"href":"https:\/\/bonsailab.com\/pt-pt\/wp-json\/wp\/v2\/product\/26192","targetHints":{"allow":["GET"]}}],"collection":[{"href":"https:\/\/bonsailab.com\/pt-pt\/wp-json\/wp\/v2\/product"}],"about":[{"href":"https:\/\/bonsailab.com\/pt-pt\/wp-json\/wp\/v2\/types\/product"}],"wp:featuredmedia":[{"embeddable":true,"href":"https:\/\/bonsailab.com\/pt-pt\/wp-json\/wp\/v2\/media\/24934"}],"wp:attachment":[{"href":"https:\/\/bonsailab.com\/pt-pt\/wp-json\/wp\/v2\/media?parent=26192"}],"wp:term":[{"taxonomy":"product_brand","embeddable":true,"href":"https:\/\/bonsailab.com\/pt-pt\/wp-json\/wp\/v2\/product_brand?post=26192"},{"taxonomy":"product_cat","embeddable":true,"href":"https:\/\/bonsailab.com\/pt-pt\/wp-json\/wp\/v2\/product_cat?post=26192"},{"taxonomy":"product_tag","embeddable":true,"href":"https:\/\/bonsailab.com\/pt-pt\/wp-json\/wp\/v2\/product_tag?post=26192"}],"curies":[{"name":"wp","href":"https:\/\/api.w.org\/{rel}","templated":true}]}}