{"id":26132,"date":"2022-07-06T11:52:48","date_gmt":"2022-07-06T11:52:48","guid":{"rendered":"https:\/\/bonsailab.com\/?post_type=product&#038;p=26132"},"modified":"2024-11-12T10:18:38","modified_gmt":"2024-11-12T10:18:38","slug":"cabinas-de-uv-para-pcr","status":"publish","type":"product","link":"https:\/\/bonsailab.com\/pt-pt\/producto\/genomica-pt-pt-2\/pcr-pt-pt\/cabinas-de-uv-para-pcr\/","title":{"rendered":"Cabines de UV para PCR"},"content":{"rendered":"<h3>As cabinas de limpieza atrav\u00e9s de UV com AR recirculador-purificador bactericida s\u00e3o uma solu\u00e7\u00e3o patenteada de Biosan. Est\u00e3o equipadas com:<\/h3>\n<ul>\n<li>Uma\u00a0<strong>l\u00e2mpada UV aberta\u00a0<\/strong>instalada na c\u00e2mara superior. A irradia\u00e7\u00e3o UV das l\u00e2mpadas abertas desinfeta a \u00e1rea de trabalho inativando os fragmentos de ADN\/ARN durante a exposi\u00e7\u00e3o de 15\u201330 minutos. Um temporizador digital controla a dura\u00e7\u00e3o da irradia\u00e7\u00e3o UV direta. A l\u00e2mpada de luz diurna proporciona uma ilumina\u00e7\u00e3o adequada da superf\u00edcie de trabalho.<\/li>\n<li><strong>AR recirculador-purificador<\/strong>\u00a0mediante UV bactericida de tipo fluxo que proporciona uma descontamina\u00e7\u00e3o constante na cabina durante o funcionamento. S\u00e3o recomendadas para as opera\u00e7\u00f5es com aplica\u00e7\u00f5es de ADN\/ARN.<\/li>\n<\/ul>\n<p>Est\u00e1 formado por uma l\u00e2mpada de UV, um ventilador e filtros contra o p\u00f3 organizados numa estrutura especial, de modo que o usu\u00e1rio est\u00e1 protegido contra a luz UV enquanto trabalha numa cabina de limpeza mediante UV.<\/p>\n<p>O recirculador aumenta a densidade m\u00e1xima da luz UV, de modo que seja suficientemente efetiva para a inativa\u00e7\u00e3o de ADN\/ARN. O recirculador UV processa 100 volumes de cabinas de limpeza por hora, criando permanentemente condi\u00e7\u00f5es ass\u00e9pticas para o funcionamento dentro da cabina de limpeza mediante UV.<\/p>\n<p>Quatro modelos dispon\u00edveis:<\/p>\n<ul>\n<li><strong>UVC\/T-AR<\/strong>, Cabina PCR para DNA\/RNA com limpeza UV e entrada para cabos<\/li>\n<li><strong>UVT-B-AR<\/strong>, Cabina PCR para DNA\/RNA com limpeza UV com entrada para cabos e tomada interne<\/li>\n<li><strong>UVC\/T-M-AR<\/strong>, Cabina PCR para DNA\/RNA com limpeza UV com entrada para cabos e tomada interna<\/li>\n<li><strong>UVT-S-AR<\/strong>, Cabina PCR para DNA\/RNA com limpeza UV e tomadas internas<\/li>\n<\/ul>\n<p>&nbsp;<\/p>\n<div style=\"text-align: center;\"><iframe src=\"https:\/\/www.youtube.com\/embed\/GPa5GATlqgI?rel=0\" width=\"560\" height=\"315\" frameborder=\"0\" allowfullscreen=\"allowfullscreen\" data-mce-fragment=\"1\"><\/iframe><\/div>\n","protected":false},"excerpt":{"rendered":"<p>As cabinas de limpeza atrav\u00e9s de UV com AR recirculador-purificador bactericida s\u00e3o uma solu\u00e7\u00e3o patenteada de Biosan.<\/p>\n<p>Apresenta uma l\u00e2mpada de UV, um ventilador e filtros contra o p\u00f3 organizados numa estrutura especial, de modo que o usu\u00e1rio est\u00e1 protegido contra aa luz UV enquanto trabalha numa cabine de limpeza mediante UV.<\/p>\n<p>O recirculador aumenta a densidade m\u00e1xima da luz UV, de modo que seja suficientemente efetiva para a inativa\u00e7\u00e3o de ADN\/ARN. O recirculador UV processa 100 volumes de cabinas de limpeza por hora, criando permanentemente condi\u00e7\u00f5es ass\u00e9pticas para o funcionamento dentro da cabina de limpeza mediante UV.<\/p>\n<p>Quatro modelos dispon\u00edveis:<\/p>\n<ul>\n<li><strong>UVC\/T-AR<\/strong>, Cabina PCR para DNA\/RNA com limpeza UV e entrada para cabos<\/li>\n<li><strong>UVT-B-AR<\/strong>, Cabina PCR para DNA\/RNA com limpeza UV com entrada para cabos e tomada interne<\/li>\n<li><strong>UVC\/T-M-AR<\/strong>, Cabina PCR para DNA\/RNA com limpeza UV com entrada para cabos e tomada interna<\/li>\n<li><strong>UVT-S-AR<\/strong>, Cabina PCR para DNA\/RNA com limpeza UV e tomadas internas<\/li>\n<\/ul>\n","protected":false},"featured_media":24694,"template":"","meta":{"_bbp_topic_count":0,"_bbp_reply_count":0,"_bbp_total_topic_count":0,"_bbp_total_reply_count":0,"_bbp_voice_count":0,"_bbp_anonymous_reply_count":0,"_bbp_topic_count_hidden":0,"_bbp_reply_count_hidden":0,"_bbp_forum_subforum_count":0,"rs_blank_template":"","rs_page_bg_color":"","slide_template_v7":""},"product_brand":[],"product_cat":[170,153],"product_tag":[],"class_list":{"0":"post-26132","1":"product","2":"type-product","3":"status-publish","4":"has-post-thumbnail","6":"product_cat-bioseguranca","7":"product_cat-pcr-pt-pt","9":"first","10":"instock","11":"shipping-taxable","12":"product-type-simple"},"yoast_head":"<!-- This site is optimized with the Yoast SEO plugin v27.2 - https:\/\/yoast.com\/product\/yoast-seo-wordpress\/ -->\n<title>Cabines de UV para PCR - Bonsai Lab<\/title>\n<meta name=\"robots\" content=\"index, follow, max-snippet:-1, max-image-preview:large, max-video-preview:-1\" \/>\n<link rel=\"canonical\" href=\"https:\/\/bonsailab.com\/pt-pt\/producto\/preparacao-de-amostras\/bioseguranca\/cabinas-de-uv-para-pcr\/\" \/>\n<meta property=\"og:locale\" content=\"pt_PT\" \/>\n<meta property=\"og:type\" content=\"article\" \/>\n<meta property=\"og:title\" content=\"Cabines de UV para PCR - Bonsai Lab\" \/>\n<meta property=\"og:description\" content=\"As cabinas de limpeza atrav\u00e9s de UV com AR recirculador-purificador bactericida s\u00e3o uma solu\u00e7\u00e3o patenteada de Biosan.  Apresenta uma l\u00e2mpada de UV, um ventilador e filtros contra o p\u00f3 organizados numa estrutura especial, de modo que o usu\u00e1rio est\u00e1 protegido contra aa luz UV enquanto trabalha numa cabine de limpeza mediante UV.  O recirculador aumenta a densidade m\u00e1xima da luz UV, de modo que seja suficientemente efetiva para a inativa\u00e7\u00e3o de ADN\/ARN. O recirculador UV processa 100 volumes de cabinas de limpeza por hora, criando permanentemente condi\u00e7\u00f5es ass\u00e9pticas para o funcionamento dentro da cabina de limpeza mediante UV.  Quatro modelos dispon\u00edveis:   UVC\/T-AR, Cabina PCR para DNA\/RNA com limpeza UV e entrada para cabos  UVT-B-AR, Cabina PCR para DNA\/RNA com limpeza UV com entrada para cabos e tomada interne  UVC\/T-M-AR, Cabina PCR para DNA\/RNA com limpeza UV com entrada para cabos e tomada interna  UVT-S-AR, Cabina PCR para DNA\/RNA com limpeza UV e tomadas internas\" \/>\n<meta property=\"og:url\" content=\"https:\/\/bonsailab.com\/pt-pt\/producto\/preparacao-de-amostras\/bioseguranca\/cabinas-de-uv-para-pcr\/\" \/>\n<meta property=\"og:site_name\" content=\"Bonsai Lab\" \/>\n<meta property=\"article:modified_time\" content=\"2024-11-12T10:18:38+00:00\" \/>\n<meta property=\"og:image\" content=\"https:\/\/bonsailab.com\/wp-content\/uploads\/2018\/07\/uvct-m-ar.png\" \/>\n\t<meta property=\"og:image:width\" content=\"700\" \/>\n\t<meta property=\"og:image:height\" content=\"557\" \/>\n\t<meta property=\"og:image:type\" content=\"image\/png\" \/>\n<meta name=\"twitter:card\" content=\"summary_large_image\" \/>\n<meta name=\"twitter:label1\" content=\"Tempo estimado de leitura\" \/>\n\t<meta name=\"twitter:data1\" content=\"2 minutos\" \/>\n<script type=\"application\/ld+json\" class=\"yoast-schema-graph\">{\"@context\":\"https:\/\/schema.org\",\"@graph\":[{\"@type\":\"WebPage\",\"@id\":\"https:\/\/bonsailab.com\/pt-pt\/producto\/preparacao-de-amostras\/bioseguranca\/cabinas-de-uv-para-pcr\/\",\"url\":\"https:\/\/bonsailab.com\/pt-pt\/producto\/preparacao-de-amostras\/bioseguranca\/cabinas-de-uv-para-pcr\/\",\"name\":\"Cabines de UV para PCR - Bonsai Lab\",\"isPartOf\":{\"@id\":\"https:\/\/bonsailab.com\/#website\"},\"primaryImageOfPage\":{\"@id\":\"https:\/\/bonsailab.com\/pt-pt\/producto\/preparacao-de-amostras\/bioseguranca\/cabinas-de-uv-para-pcr\/#primaryimage\"},\"image\":{\"@id\":\"https:\/\/bonsailab.com\/pt-pt\/producto\/preparacao-de-amostras\/bioseguranca\/cabinas-de-uv-para-pcr\/#primaryimage\"},\"thumbnailUrl\":\"https:\/\/bonsailab.com\/wp-content\/uploads\/2018\/07\/uvct-m-ar.png\",\"datePublished\":\"2022-07-06T11:52:48+00:00\",\"dateModified\":\"2024-11-12T10:18:38+00:00\",\"breadcrumb\":{\"@id\":\"https:\/\/bonsailab.com\/pt-pt\/producto\/preparacao-de-amostras\/bioseguranca\/cabinas-de-uv-para-pcr\/#breadcrumb\"},\"inLanguage\":\"pt-PT\",\"potentialAction\":[{\"@type\":\"ReadAction\",\"target\":[\"https:\/\/bonsailab.com\/pt-pt\/producto\/preparacao-de-amostras\/bioseguranca\/cabinas-de-uv-para-pcr\/\"]}]},{\"@type\":\"ImageObject\",\"inLanguage\":\"pt-PT\",\"@id\":\"https:\/\/bonsailab.com\/pt-pt\/producto\/preparacao-de-amostras\/bioseguranca\/cabinas-de-uv-para-pcr\/#primaryimage\",\"url\":\"https:\/\/bonsailab.com\/wp-content\/uploads\/2018\/07\/uvct-m-ar.png\",\"contentUrl\":\"https:\/\/bonsailab.com\/wp-content\/uploads\/2018\/07\/uvct-m-ar.png\",\"width\":700,\"height\":557},{\"@type\":\"BreadcrumbList\",\"@id\":\"https:\/\/bonsailab.com\/pt-pt\/producto\/preparacao-de-amostras\/bioseguranca\/cabinas-de-uv-para-pcr\/#breadcrumb\",\"itemListElement\":[{\"@type\":\"ListItem\",\"position\":1,\"name\":\"Portada\",\"item\":\"https:\/\/bonsailab.com\/pt-pt\/\"},{\"@type\":\"ListItem\",\"position\":2,\"name\":\"Tienda\",\"item\":\"https:\/\/bonsailab.com\/pt-pt\/tienda-2\/\"},{\"@type\":\"ListItem\",\"position\":3,\"name\":\"Cabines de UV para PCR\"}]},{\"@type\":\"WebSite\",\"@id\":\"https:\/\/bonsailab.com\/#website\",\"url\":\"https:\/\/bonsailab.com\/\",\"name\":\"Bonsai Lab\",\"description\":\"\",\"publisher\":{\"@id\":\"https:\/\/bonsailab.com\/#organization\"},\"potentialAction\":[{\"@type\":\"SearchAction\",\"target\":{\"@type\":\"EntryPoint\",\"urlTemplate\":\"https:\/\/bonsailab.com\/?s={search_term_string}\"},\"query-input\":{\"@type\":\"PropertyValueSpecification\",\"valueRequired\":true,\"valueName\":\"search_term_string\"}}],\"inLanguage\":\"pt-PT\"},{\"@type\":\"Organization\",\"@id\":\"https:\/\/bonsailab.com\/#organization\",\"name\":\"BonsaiLab\",\"url\":\"https:\/\/bonsailab.com\/\",\"logo\":{\"@type\":\"ImageObject\",\"inLanguage\":\"pt-PT\",\"@id\":\"https:\/\/bonsailab.com\/#\/schema\/logo\/image\/\",\"url\":\"https:\/\/bonsailab.com\/wp-content\/uploads\/2018\/07\/logo_bonsailab.png\",\"contentUrl\":\"https:\/\/bonsailab.com\/wp-content\/uploads\/2018\/07\/logo_bonsailab.png\",\"width\":280,\"height\":40,\"caption\":\"BonsaiLab\"},\"image\":{\"@id\":\"https:\/\/bonsailab.com\/#\/schema\/logo\/image\/\"},\"sameAs\":[\"https:\/\/www.linkedin.com\/company\/bonsai-advanced-technologies-s-l-\/\",\"https:\/\/www.youtube.com\/channel\/UCv7xfNvsrS9NADlz0yQFWGA\"]}]}<\/script>\n<!-- \/ Yoast SEO plugin. -->","yoast_head_json":{"title":"Cabines de UV para PCR - Bonsai Lab","robots":{"index":"index","follow":"follow","max-snippet":"max-snippet:-1","max-image-preview":"max-image-preview:large","max-video-preview":"max-video-preview:-1"},"canonical":"https:\/\/bonsailab.com\/pt-pt\/producto\/preparacao-de-amostras\/bioseguranca\/cabinas-de-uv-para-pcr\/","og_locale":"pt_PT","og_type":"article","og_title":"Cabines de UV para PCR - Bonsai Lab","og_description":"As cabinas de limpeza atrav\u00e9s de UV com AR recirculador-purificador bactericida s\u00e3o uma solu\u00e7\u00e3o patenteada de Biosan.  Apresenta uma l\u00e2mpada de UV, um ventilador e filtros contra o p\u00f3 organizados numa estrutura especial, de modo que o usu\u00e1rio est\u00e1 protegido contra aa luz UV enquanto trabalha numa cabine de limpeza mediante UV.  O recirculador aumenta a densidade m\u00e1xima da luz UV, de modo que seja suficientemente efetiva para a inativa\u00e7\u00e3o de ADN\/ARN. O recirculador UV processa 100 volumes de cabinas de limpeza por hora, criando permanentemente condi\u00e7\u00f5es ass\u00e9pticas para o funcionamento dentro da cabina de limpeza mediante UV.  Quatro modelos dispon\u00edveis:   UVC\/T-AR, Cabina PCR para DNA\/RNA com limpeza UV e entrada para cabos  UVT-B-AR, Cabina PCR para DNA\/RNA com limpeza UV com entrada para cabos e tomada interne  UVC\/T-M-AR, Cabina PCR para DNA\/RNA com limpeza UV com entrada para cabos e tomada interna  UVT-S-AR, Cabina PCR para DNA\/RNA com limpeza UV e tomadas internas","og_url":"https:\/\/bonsailab.com\/pt-pt\/producto\/preparacao-de-amostras\/bioseguranca\/cabinas-de-uv-para-pcr\/","og_site_name":"Bonsai Lab","article_modified_time":"2024-11-12T10:18:38+00:00","og_image":[{"width":700,"height":557,"url":"https:\/\/bonsailab.com\/wp-content\/uploads\/2018\/07\/uvct-m-ar.png","type":"image\/png"}],"twitter_card":"summary_large_image","twitter_misc":{"Tempo estimado de leitura":"2 minutos"},"schema":{"@context":"https:\/\/schema.org","@graph":[{"@type":"WebPage","@id":"https:\/\/bonsailab.com\/pt-pt\/producto\/preparacao-de-amostras\/bioseguranca\/cabinas-de-uv-para-pcr\/","url":"https:\/\/bonsailab.com\/pt-pt\/producto\/preparacao-de-amostras\/bioseguranca\/cabinas-de-uv-para-pcr\/","name":"Cabines de UV para PCR - Bonsai Lab","isPartOf":{"@id":"https:\/\/bonsailab.com\/#website"},"primaryImageOfPage":{"@id":"https:\/\/bonsailab.com\/pt-pt\/producto\/preparacao-de-amostras\/bioseguranca\/cabinas-de-uv-para-pcr\/#primaryimage"},"image":{"@id":"https:\/\/bonsailab.com\/pt-pt\/producto\/preparacao-de-amostras\/bioseguranca\/cabinas-de-uv-para-pcr\/#primaryimage"},"thumbnailUrl":"https:\/\/bonsailab.com\/wp-content\/uploads\/2018\/07\/uvct-m-ar.png","datePublished":"2022-07-06T11:52:48+00:00","dateModified":"2024-11-12T10:18:38+00:00","breadcrumb":{"@id":"https:\/\/bonsailab.com\/pt-pt\/producto\/preparacao-de-amostras\/bioseguranca\/cabinas-de-uv-para-pcr\/#breadcrumb"},"inLanguage":"pt-PT","potentialAction":[{"@type":"ReadAction","target":["https:\/\/bonsailab.com\/pt-pt\/producto\/preparacao-de-amostras\/bioseguranca\/cabinas-de-uv-para-pcr\/"]}]},{"@type":"ImageObject","inLanguage":"pt-PT","@id":"https:\/\/bonsailab.com\/pt-pt\/producto\/preparacao-de-amostras\/bioseguranca\/cabinas-de-uv-para-pcr\/#primaryimage","url":"https:\/\/bonsailab.com\/wp-content\/uploads\/2018\/07\/uvct-m-ar.png","contentUrl":"https:\/\/bonsailab.com\/wp-content\/uploads\/2018\/07\/uvct-m-ar.png","width":700,"height":557},{"@type":"BreadcrumbList","@id":"https:\/\/bonsailab.com\/pt-pt\/producto\/preparacao-de-amostras\/bioseguranca\/cabinas-de-uv-para-pcr\/#breadcrumb","itemListElement":[{"@type":"ListItem","position":1,"name":"Portada","item":"https:\/\/bonsailab.com\/pt-pt\/"},{"@type":"ListItem","position":2,"name":"Tienda","item":"https:\/\/bonsailab.com\/pt-pt\/tienda-2\/"},{"@type":"ListItem","position":3,"name":"Cabines de UV para PCR"}]},{"@type":"WebSite","@id":"https:\/\/bonsailab.com\/#website","url":"https:\/\/bonsailab.com\/","name":"Bonsai Lab","description":"","publisher":{"@id":"https:\/\/bonsailab.com\/#organization"},"potentialAction":[{"@type":"SearchAction","target":{"@type":"EntryPoint","urlTemplate":"https:\/\/bonsailab.com\/?s={search_term_string}"},"query-input":{"@type":"PropertyValueSpecification","valueRequired":true,"valueName":"search_term_string"}}],"inLanguage":"pt-PT"},{"@type":"Organization","@id":"https:\/\/bonsailab.com\/#organization","name":"BonsaiLab","url":"https:\/\/bonsailab.com\/","logo":{"@type":"ImageObject","inLanguage":"pt-PT","@id":"https:\/\/bonsailab.com\/#\/schema\/logo\/image\/","url":"https:\/\/bonsailab.com\/wp-content\/uploads\/2018\/07\/logo_bonsailab.png","contentUrl":"https:\/\/bonsailab.com\/wp-content\/uploads\/2018\/07\/logo_bonsailab.png","width":280,"height":40,"caption":"BonsaiLab"},"image":{"@id":"https:\/\/bonsailab.com\/#\/schema\/logo\/image\/"},"sameAs":["https:\/\/www.linkedin.com\/company\/bonsai-advanced-technologies-s-l-\/","https:\/\/www.youtube.com\/channel\/UCv7xfNvsrS9NADlz0yQFWGA"]}]}},"_links":{"self":[{"href":"https:\/\/bonsailab.com\/pt-pt\/wp-json\/wp\/v2\/product\/26132","targetHints":{"allow":["GET"]}}],"collection":[{"href":"https:\/\/bonsailab.com\/pt-pt\/wp-json\/wp\/v2\/product"}],"about":[{"href":"https:\/\/bonsailab.com\/pt-pt\/wp-json\/wp\/v2\/types\/product"}],"wp:featuredmedia":[{"embeddable":true,"href":"https:\/\/bonsailab.com\/pt-pt\/wp-json\/wp\/v2\/media\/24694"}],"wp:attachment":[{"href":"https:\/\/bonsailab.com\/pt-pt\/wp-json\/wp\/v2\/media?parent=26132"}],"wp:term":[{"taxonomy":"product_brand","embeddable":true,"href":"https:\/\/bonsailab.com\/pt-pt\/wp-json\/wp\/v2\/product_brand?post=26132"},{"taxonomy":"product_cat","embeddable":true,"href":"https:\/\/bonsailab.com\/pt-pt\/wp-json\/wp\/v2\/product_cat?post=26132"},{"taxonomy":"product_tag","embeddable":true,"href":"https:\/\/bonsailab.com\/pt-pt\/wp-json\/wp\/v2\/product_tag?post=26132"}],"curies":[{"name":"wp","href":"https:\/\/api.w.org\/{rel}","templated":true}]}}