{"id":26126,"date":"2018-07-05T10:53:30","date_gmt":"2018-07-05T10:53:30","guid":{"rendered":"https:\/\/bonsailab.com\/?post_type=product&#038;p=26126"},"modified":"2024-12-03T19:00:58","modified_gmt":"2024-12-03T19:00:58","slug":"mic-qpcr","status":"publish","type":"product","link":"https:\/\/bonsailab.com\/pt-pt\/producto\/genomica-pt-pt-2\/pcr-pt-pt\/mic-qpcr\/","title":{"rendered":"MIC qPCR"},"content":{"rendered":"<p><span lang=\"PT\">\u00danico PCR em tempo real com base numa tecnologia de indu\u00e7\u00e3o magn\u00e9tica patenteada para conseguir o aquecimento e fluxos de ar for\u00e7ados para o esfriamento. Gra\u00e7as a esta tecnologia, os tempos de varia\u00e7\u00e3o de temperatura reduzem-se pelo que se consegue completar 35 ciclos em menos de 25 minutos.<\/span><\/p>\n<p><span lang=\"PT\">Surpreendente precis\u00e3o e uniformidade da temperatura gra\u00e7as ao rotor de alum\u00ednio.<\/span><\/p>\n<p><span lang=\"PT\">Sistema \u00f3tico robusto. \u00c9 capaz de ler 4 canais simultaneamente. Fonte de excita\u00e7\u00e3o LED, filtros e detetores separados para cada canal. N\u00e3o necessita de calibra\u00e7\u00e3o. Equipamentos dispon\u00edveis em 2 ou 4 canais.<\/span><\/p>\n<p><span lang=\"PT\">Pesa apenas 2Kg, \u00e9 o equipamento qPCR mais compacto que h\u00e1 no mercado.<\/span><\/p>\n<p><span lang=\"PT\">Podem-se conectar at\u00e9 dez equipamentos a um computador via Bluetooth ou cabo USB. Isto significa que se pode analisar ao mesmo tempo um total de 480 mostras.<\/span><\/p>\n<div class=\"video-shortcode\"><iframe title=\"Detecci\u00f3n del COVID-19 con Mic\" width=\"1100\" height=\"619\" src=\"https:\/\/www.youtube.com\/embed\/qAxwcYtkMR8?feature=oembed\" frameborder=\"0\" allow=\"accelerometer; autoplay; clipboard-write; encrypted-media; gyroscope; picture-in-picture; web-share\" allowfullscreen><\/iframe><\/div>\n","protected":false},"excerpt":{"rendered":"<p>Termociclador qPCR r\u00e1pido, preciso e compacto que utiliza tecnologia de indu\u00e7\u00e3o magn\u00e9tica para realizar os ciclos de aquecimento\/esfriamento.<\/p>\n<ul>\n<li>Grande precis\u00e3o na quantifica\u00e7\u00e3o.<\/li>\n<li>Intervalo din\u00e2mico amplo<\/li>\n<li>Alta reprodutibilidade<\/li>\n<li>Grande velocidade ao realizar os ciclos<\/li>\n<\/ul>\n","protected":false},"featured_media":24803,"template":"","meta":{"_bbp_topic_count":0,"_bbp_reply_count":0,"_bbp_total_topic_count":0,"_bbp_total_reply_count":0,"_bbp_voice_count":0,"_bbp_anonymous_reply_count":0,"_bbp_topic_count_hidden":0,"_bbp_reply_count_hidden":0,"_bbp_forum_subforum_count":0,"rs_blank_template":"","rs_page_bg_color":"","slide_template_v7":""},"product_brand":[],"product_cat":[230,153],"product_tag":[],"class_list":{"0":"post-26126","1":"product","2":"type-product","3":"status-publish","4":"has-post-thumbnail","6":"product_cat-analise-e-quantificacao","7":"product_cat-pcr-pt-pt","9":"first","10":"instock","11":"shipping-taxable","12":"product-type-simple"},"yoast_head":"<!-- This site is optimized with the Yoast SEO plugin v27.2 - https:\/\/yoast.com\/product\/yoast-seo-wordpress\/ -->\n<title>MIC qPCR - Bonsai Lab<\/title>\n<meta name=\"robots\" content=\"index, follow, max-snippet:-1, max-image-preview:large, max-video-preview:-1\" \/>\n<link rel=\"canonical\" href=\"https:\/\/bonsailab.com\/pt-pt\/producto\/workflow-pt\/analise-e-quantificacao\/mic-qpcr\/\" \/>\n<meta property=\"og:locale\" content=\"pt_PT\" \/>\n<meta property=\"og:type\" content=\"article\" \/>\n<meta property=\"og:title\" content=\"MIC qPCR - Bonsai Lab\" \/>\n<meta property=\"og:description\" content=\"Termociclador qPCR r\u00e1pido, preciso e compacto que utiliza tecnologia de indu\u00e7\u00e3o magn\u00e9tica para realizar os ciclos de aquecimento\/esfriamento.   Grande precis\u00e3o na quantifica\u00e7\u00e3o.  Intervalo din\u00e2mico amplo  Alta reprodutibilidade  Grande velocidade ao realizar os ciclos\" \/>\n<meta property=\"og:url\" content=\"https:\/\/bonsailab.com\/pt-pt\/producto\/workflow-pt\/analise-e-quantificacao\/mic-qpcr\/\" \/>\n<meta property=\"og:site_name\" content=\"Bonsai Lab\" \/>\n<meta property=\"article:modified_time\" content=\"2024-12-03T19:00:58+00:00\" \/>\n<meta property=\"og:image\" content=\"https:\/\/bonsailab.com\/wp-content\/uploads\/2018\/10\/MIC4.jpg\" \/>\n\t<meta property=\"og:image:width\" content=\"3600\" \/>\n\t<meta property=\"og:image:height\" content=\"2400\" \/>\n\t<meta property=\"og:image:type\" content=\"image\/jpeg\" \/>\n<meta name=\"twitter:card\" content=\"summary_large_image\" \/>\n<meta name=\"twitter:label1\" content=\"Tempo estimado de leitura\" \/>\n\t<meta name=\"twitter:data1\" content=\"1 minuto\" \/>\n<script type=\"application\/ld+json\" class=\"yoast-schema-graph\">{\"@context\":\"https:\/\/schema.org\",\"@graph\":[{\"@type\":\"WebPage\",\"@id\":\"https:\/\/bonsailab.com\/pt-pt\/producto\/workflow-pt\/analise-e-quantificacao\/mic-qpcr\/\",\"url\":\"https:\/\/bonsailab.com\/pt-pt\/producto\/workflow-pt\/analise-e-quantificacao\/mic-qpcr\/\",\"name\":\"MIC qPCR - Bonsai Lab\",\"isPartOf\":{\"@id\":\"https:\/\/bonsailab.com\/#website\"},\"primaryImageOfPage\":{\"@id\":\"https:\/\/bonsailab.com\/pt-pt\/producto\/workflow-pt\/analise-e-quantificacao\/mic-qpcr\/#primaryimage\"},\"image\":{\"@id\":\"https:\/\/bonsailab.com\/pt-pt\/producto\/workflow-pt\/analise-e-quantificacao\/mic-qpcr\/#primaryimage\"},\"thumbnailUrl\":\"https:\/\/bonsailab.com\/wp-content\/uploads\/2018\/10\/MIC4.jpg\",\"datePublished\":\"2018-07-05T10:53:30+00:00\",\"dateModified\":\"2024-12-03T19:00:58+00:00\",\"breadcrumb\":{\"@id\":\"https:\/\/bonsailab.com\/pt-pt\/producto\/workflow-pt\/analise-e-quantificacao\/mic-qpcr\/#breadcrumb\"},\"inLanguage\":\"pt-PT\",\"potentialAction\":[{\"@type\":\"ReadAction\",\"target\":[\"https:\/\/bonsailab.com\/pt-pt\/producto\/workflow-pt\/analise-e-quantificacao\/mic-qpcr\/\"]}]},{\"@type\":\"ImageObject\",\"inLanguage\":\"pt-PT\",\"@id\":\"https:\/\/bonsailab.com\/pt-pt\/producto\/workflow-pt\/analise-e-quantificacao\/mic-qpcr\/#primaryimage\",\"url\":\"https:\/\/bonsailab.com\/wp-content\/uploads\/2018\/10\/MIC4.jpg\",\"contentUrl\":\"https:\/\/bonsailab.com\/wp-content\/uploads\/2018\/10\/MIC4.jpg\",\"width\":3600,\"height\":2400},{\"@type\":\"BreadcrumbList\",\"@id\":\"https:\/\/bonsailab.com\/pt-pt\/producto\/workflow-pt\/analise-e-quantificacao\/mic-qpcr\/#breadcrumb\",\"itemListElement\":[{\"@type\":\"ListItem\",\"position\":1,\"name\":\"Portada\",\"item\":\"https:\/\/bonsailab.com\/pt-pt\/\"},{\"@type\":\"ListItem\",\"position\":2,\"name\":\"Tienda\",\"item\":\"https:\/\/bonsailab.com\/pt-pt\/tienda-2\/\"},{\"@type\":\"ListItem\",\"position\":3,\"name\":\"MIC qPCR\"}]},{\"@type\":\"WebSite\",\"@id\":\"https:\/\/bonsailab.com\/#website\",\"url\":\"https:\/\/bonsailab.com\/\",\"name\":\"Bonsai Lab\",\"description\":\"\",\"publisher\":{\"@id\":\"https:\/\/bonsailab.com\/#organization\"},\"potentialAction\":[{\"@type\":\"SearchAction\",\"target\":{\"@type\":\"EntryPoint\",\"urlTemplate\":\"https:\/\/bonsailab.com\/?s={search_term_string}\"},\"query-input\":{\"@type\":\"PropertyValueSpecification\",\"valueRequired\":true,\"valueName\":\"search_term_string\"}}],\"inLanguage\":\"pt-PT\"},{\"@type\":\"Organization\",\"@id\":\"https:\/\/bonsailab.com\/#organization\",\"name\":\"BonsaiLab\",\"url\":\"https:\/\/bonsailab.com\/\",\"logo\":{\"@type\":\"ImageObject\",\"inLanguage\":\"pt-PT\",\"@id\":\"https:\/\/bonsailab.com\/#\/schema\/logo\/image\/\",\"url\":\"https:\/\/bonsailab.com\/wp-content\/uploads\/2018\/07\/logo_bonsailab.png\",\"contentUrl\":\"https:\/\/bonsailab.com\/wp-content\/uploads\/2018\/07\/logo_bonsailab.png\",\"width\":280,\"height\":40,\"caption\":\"BonsaiLab\"},\"image\":{\"@id\":\"https:\/\/bonsailab.com\/#\/schema\/logo\/image\/\"},\"sameAs\":[\"https:\/\/www.linkedin.com\/company\/bonsai-advanced-technologies-s-l-\/\",\"https:\/\/www.youtube.com\/channel\/UCv7xfNvsrS9NADlz0yQFWGA\"]}]}<\/script>\n<!-- \/ Yoast SEO plugin. -->","yoast_head_json":{"title":"MIC qPCR - Bonsai Lab","robots":{"index":"index","follow":"follow","max-snippet":"max-snippet:-1","max-image-preview":"max-image-preview:large","max-video-preview":"max-video-preview:-1"},"canonical":"https:\/\/bonsailab.com\/pt-pt\/producto\/workflow-pt\/analise-e-quantificacao\/mic-qpcr\/","og_locale":"pt_PT","og_type":"article","og_title":"MIC qPCR - Bonsai Lab","og_description":"Termociclador qPCR r\u00e1pido, preciso e compacto que utiliza tecnologia de indu\u00e7\u00e3o magn\u00e9tica para realizar os ciclos de aquecimento\/esfriamento.   Grande precis\u00e3o na quantifica\u00e7\u00e3o.  Intervalo din\u00e2mico amplo  Alta reprodutibilidade  Grande velocidade ao realizar os ciclos","og_url":"https:\/\/bonsailab.com\/pt-pt\/producto\/workflow-pt\/analise-e-quantificacao\/mic-qpcr\/","og_site_name":"Bonsai Lab","article_modified_time":"2024-12-03T19:00:58+00:00","og_image":[{"width":3600,"height":2400,"url":"https:\/\/bonsailab.com\/wp-content\/uploads\/2018\/10\/MIC4.jpg","type":"image\/jpeg"}],"twitter_card":"summary_large_image","twitter_misc":{"Tempo estimado de leitura":"1 minuto"},"schema":{"@context":"https:\/\/schema.org","@graph":[{"@type":"WebPage","@id":"https:\/\/bonsailab.com\/pt-pt\/producto\/workflow-pt\/analise-e-quantificacao\/mic-qpcr\/","url":"https:\/\/bonsailab.com\/pt-pt\/producto\/workflow-pt\/analise-e-quantificacao\/mic-qpcr\/","name":"MIC qPCR - Bonsai Lab","isPartOf":{"@id":"https:\/\/bonsailab.com\/#website"},"primaryImageOfPage":{"@id":"https:\/\/bonsailab.com\/pt-pt\/producto\/workflow-pt\/analise-e-quantificacao\/mic-qpcr\/#primaryimage"},"image":{"@id":"https:\/\/bonsailab.com\/pt-pt\/producto\/workflow-pt\/analise-e-quantificacao\/mic-qpcr\/#primaryimage"},"thumbnailUrl":"https:\/\/bonsailab.com\/wp-content\/uploads\/2018\/10\/MIC4.jpg","datePublished":"2018-07-05T10:53:30+00:00","dateModified":"2024-12-03T19:00:58+00:00","breadcrumb":{"@id":"https:\/\/bonsailab.com\/pt-pt\/producto\/workflow-pt\/analise-e-quantificacao\/mic-qpcr\/#breadcrumb"},"inLanguage":"pt-PT","potentialAction":[{"@type":"ReadAction","target":["https:\/\/bonsailab.com\/pt-pt\/producto\/workflow-pt\/analise-e-quantificacao\/mic-qpcr\/"]}]},{"@type":"ImageObject","inLanguage":"pt-PT","@id":"https:\/\/bonsailab.com\/pt-pt\/producto\/workflow-pt\/analise-e-quantificacao\/mic-qpcr\/#primaryimage","url":"https:\/\/bonsailab.com\/wp-content\/uploads\/2018\/10\/MIC4.jpg","contentUrl":"https:\/\/bonsailab.com\/wp-content\/uploads\/2018\/10\/MIC4.jpg","width":3600,"height":2400},{"@type":"BreadcrumbList","@id":"https:\/\/bonsailab.com\/pt-pt\/producto\/workflow-pt\/analise-e-quantificacao\/mic-qpcr\/#breadcrumb","itemListElement":[{"@type":"ListItem","position":1,"name":"Portada","item":"https:\/\/bonsailab.com\/pt-pt\/"},{"@type":"ListItem","position":2,"name":"Tienda","item":"https:\/\/bonsailab.com\/pt-pt\/tienda-2\/"},{"@type":"ListItem","position":3,"name":"MIC qPCR"}]},{"@type":"WebSite","@id":"https:\/\/bonsailab.com\/#website","url":"https:\/\/bonsailab.com\/","name":"Bonsai Lab","description":"","publisher":{"@id":"https:\/\/bonsailab.com\/#organization"},"potentialAction":[{"@type":"SearchAction","target":{"@type":"EntryPoint","urlTemplate":"https:\/\/bonsailab.com\/?s={search_term_string}"},"query-input":{"@type":"PropertyValueSpecification","valueRequired":true,"valueName":"search_term_string"}}],"inLanguage":"pt-PT"},{"@type":"Organization","@id":"https:\/\/bonsailab.com\/#organization","name":"BonsaiLab","url":"https:\/\/bonsailab.com\/","logo":{"@type":"ImageObject","inLanguage":"pt-PT","@id":"https:\/\/bonsailab.com\/#\/schema\/logo\/image\/","url":"https:\/\/bonsailab.com\/wp-content\/uploads\/2018\/07\/logo_bonsailab.png","contentUrl":"https:\/\/bonsailab.com\/wp-content\/uploads\/2018\/07\/logo_bonsailab.png","width":280,"height":40,"caption":"BonsaiLab"},"image":{"@id":"https:\/\/bonsailab.com\/#\/schema\/logo\/image\/"},"sameAs":["https:\/\/www.linkedin.com\/company\/bonsai-advanced-technologies-s-l-\/","https:\/\/www.youtube.com\/channel\/UCv7xfNvsrS9NADlz0yQFWGA"]}]}},"_links":{"self":[{"href":"https:\/\/bonsailab.com\/pt-pt\/wp-json\/wp\/v2\/product\/26126","targetHints":{"allow":["GET"]}}],"collection":[{"href":"https:\/\/bonsailab.com\/pt-pt\/wp-json\/wp\/v2\/product"}],"about":[{"href":"https:\/\/bonsailab.com\/pt-pt\/wp-json\/wp\/v2\/types\/product"}],"wp:featuredmedia":[{"embeddable":true,"href":"https:\/\/bonsailab.com\/pt-pt\/wp-json\/wp\/v2\/media\/24803"}],"wp:attachment":[{"href":"https:\/\/bonsailab.com\/pt-pt\/wp-json\/wp\/v2\/media?parent=26126"}],"wp:term":[{"taxonomy":"product_brand","embeddable":true,"href":"https:\/\/bonsailab.com\/pt-pt\/wp-json\/wp\/v2\/product_brand?post=26126"},{"taxonomy":"product_cat","embeddable":true,"href":"https:\/\/bonsailab.com\/pt-pt\/wp-json\/wp\/v2\/product_cat?post=26126"},{"taxonomy":"product_tag","embeddable":true,"href":"https:\/\/bonsailab.com\/pt-pt\/wp-json\/wp\/v2\/product_tag?post=26126"}],"curies":[{"name":"wp","href":"https:\/\/api.w.org\/{rel}","templated":true}]}}