{"id":26050,"date":"2019-10-23T15:10:47","date_gmt":"2019-10-23T15:10:47","guid":{"rendered":"https:\/\/bonsailab.com\/?page_id=26050"},"modified":"2023-03-15T08:15:14","modified_gmt":"2023-03-15T08:15:14","slug":"solucao-immune-profiling","status":"publish","type":"page","link":"https:\/\/bonsailab.com\/pt-pt\/solucao-immune-profiling\/","title":{"rendered":"Solu\u00e7\u00e3o Immune Profiling"},"content":{"rendered":"<p><div class=\"fusion-fullwidth fullwidth-box fusion-builder-row-1 has-pattern-background has-mask-background nonhundred-percent-fullwidth non-hundred-percent-height-scrolling\" style=\"--awb-border-radius-top-left:0px;--awb-border-radius-top-right:0px;--awb-border-radius-bottom-right:0px;--awb-border-radius-bottom-left:0px;--awb-padding-top:25px;--awb-padding-bottom:25px;--awb-margin-top:0px;--awb-margin-bottom:12px;--awb-background-image:linear-gradient(180deg, #003372 30%,#00bbff 100%);--awb-flex-wrap:wrap;\" ><div class=\"fusion-builder-row fusion-row\"><div class=\"fusion-layout-column fusion_builder_column fusion-builder-column-0 fusion_builder_column_2_3 2_3 fusion-two-third fusion-column-first\" style=\"--awb-bg-blend:overlay;--awb-bg-size:cover;width:66.666666666667%;width:calc(66.666666666667% - ( ( 4% ) * 0.66666666666667 ) );margin-right: 4%;\"><div class=\"fusion-column-wrapper fusion-column-has-shadow fusion-flex-column-wrapper-legacy\"><div class=\"fusion-text fusion-text-1\"><h1>\u00a0<img decoding=\"async\" class=\"alignleft wp-image-24085\" src=\"https:\/\/bonsailab.com\/wp-content\/uploads\/2023\/01\/10xGenomics-Logo-inline.png\" alt=\"\" width=\"150\" height=\"36\" srcset=\"https:\/\/bonsailab.com\/wp-content\/uploads\/2023\/01\/10xGenomics-Logo-inline-200x48.png 200w, https:\/\/bonsailab.com\/wp-content\/uploads\/2023\/01\/10xGenomics-Logo-inline.png 288w\" sizes=\"(max-width: 150px) 100vw, 150px\" \/><\/h1>\n<h1 style=\"text-align: left; color: #eeeeee; font-weight: bold;\">Solu\u00e7\u00e3o Immune Profiling<\/h1>\n<h2 style=\"text-align: left; color: #eeeeee; font-size: 25px; line-height: 38px;\" data-fusion-font=\"true\">Uma abordagem integral para examinar o contexto celular da resposta imune adaptativa e os repert\u00f3rios imunes de dezenas de milhares de c\u00e9lulas<\/h2>\n<\/div><div class=\"fusion-clearfix\"><\/div><\/div><\/div><div class=\"fusion-layout-column fusion_builder_column fusion-builder-column-1 fusion_builder_column_1_3 1_3 fusion-one-third fusion-column-last\" style=\"--awb-bg-position:center center;--awb-bg-size:cover;--awb-margin-bottom:0px;width:33.333333333333%;width:calc(33.333333333333% - ( ( 4% ) * 0.33333333333333 ) );\"><div class=\"fusion-column-wrapper fusion-column-has-shadow fusion-flex-column-wrapper-legacy\"><div class=\"fusion-image-element in-legacy-container\" style=\"--awb-caption-title-font-family:var(--h2_typography-font-family);--awb-caption-title-font-weight:var(--h2_typography-font-weight);--awb-caption-title-font-style:var(--h2_typography-font-style);--awb-caption-title-size:var(--h2_typography-font-size);--awb-caption-title-transform:var(--h2_typography-text-transform);--awb-caption-title-line-height:var(--h2_typography-line-height);--awb-caption-title-letter-spacing:var(--h2_typography-letter-spacing);\"><span class=\" fusion-imageframe imageframe-none imageframe-1 hover-type-none\"><img decoding=\"async\" width=\"1053\" height=\"700\" title=\"single cell gene expression (1053\u00a0\u00d7\u00a0700\u00a0px)\" src=\"https:\/\/bonsailab.com\/wp-content\/uploads\/2023\/01\/single-cell-gene-expression-1053-\u00d7-700-px.png\" alt class=\"img-responsive wp-image-25357\" srcset=\"https:\/\/bonsailab.com\/wp-content\/uploads\/2023\/01\/single-cell-gene-expression-1053-\u00d7-700-px-200x133.png 200w, https:\/\/bonsailab.com\/wp-content\/uploads\/2023\/01\/single-cell-gene-expression-1053-\u00d7-700-px-400x266.png 400w, https:\/\/bonsailab.com\/wp-content\/uploads\/2023\/01\/single-cell-gene-expression-1053-\u00d7-700-px-600x399.png 600w, https:\/\/bonsailab.com\/wp-content\/uploads\/2023\/01\/single-cell-gene-expression-1053-\u00d7-700-px-800x532.png 800w, https:\/\/bonsailab.com\/wp-content\/uploads\/2023\/01\/single-cell-gene-expression-1053-\u00d7-700-px.png 1053w\" sizes=\"(max-width: 800px) 100vw, 400px\" \/><\/span><\/div><div class=\"fusion-clearfix\"><\/div><\/div><\/div><\/div><\/div><div class=\"fusion-fullwidth fullwidth-box fusion-builder-row-2 has-pattern-background has-mask-background nonhundred-percent-fullwidth non-hundred-percent-height-scrolling\" style=\"--awb-border-radius-top-left:0px;--awb-border-radius-top-right:0px;--awb-border-radius-bottom-right:0px;--awb-border-radius-bottom-left:0px;--awb-margin-top:50px;--awb-margin-bottom:50px;--awb-flex-wrap:wrap;\" ><div class=\"fusion-builder-row fusion-row\"><div class=\"fusion-layout-column fusion_builder_column fusion-builder-column-2 fusion_builder_column_1_1 1_1 fusion-one-full fusion-column-first fusion-column-last\" style=\"--awb-bg-size:cover;\"><div class=\"fusion-column-wrapper fusion-column-has-shadow fusion-flex-column-wrapper-legacy\"><div class=\"fusion-text fusion-text-2\"><p>A solu\u00e7\u00e3o Single Cell Immune Profiling \u00e9 uma abordagem integral para examinar simultaneamente o contexto celular da resposta imune adaptativa e os repert\u00f3rios imunes de centenas a dezenas de milhares de c\u00e9lulas T e B tanto em humanos como em ratos. Com a incorpora\u00e7\u00e3o da tecnologia Feature Barcoding, tamb\u00e9m se pode detetar e analisar os marcadores de superf\u00edcie celular e a especificidade de antig\u00e9nio, para melhorar o fen\u00f3tipo das c\u00e9lulas imunes e estudar as intera\u00e7\u00f5es din\u00e2micas entre os linf\u00f3citos e as c\u00e9lulas alvo.<\/p>\n<p>Consegue uma an\u00e1lise de uma \u00fanica c\u00e9lula gra\u00e7as ao sistema <a href=\"https:\/\/bonsailab.com\/producto\/genomica\/expresion-genica-y-secuenciacion\/chromium-controller\/\"><strong>Chromium Controller.<\/strong><\/a><strong>\u00a0\u00a0<\/strong><\/p>\n<ul>\n<li>Sensibilidade superior e taxa de captura de c\u00e9lulas de at\u00e9 65%.<\/li>\n<li>Fluxo de trabalho simples.<\/li>\n<li>Flexibilidade de tamanho celular, sem limites inferiores.<\/li>\n<li>Baixas taxas de dupletes de menos de 0.9% en 1,000 c\u00e9lulas.<\/li>\n<li>Tecnologia <a href=\"https:\/\/bonsailab.com\/wp-content\/uploads\/2019\/10\/reagent-delivery-system-v2.png\"><strong>Next GEM.<\/strong><\/a><\/li>\n<\/ul>\n<\/div><div class=\"fusion-clearfix\"><\/div><\/div><\/div><\/div><\/div><div class=\"fusion-fullwidth fullwidth-box fusion-builder-row-3 has-pattern-background has-mask-background nonhundred-percent-fullwidth non-hundred-percent-height-scrolling\" style=\"--awb-border-radius-top-left:0px;--awb-border-radius-top-right:0px;--awb-border-radius-bottom-right:0px;--awb-border-radius-bottom-left:0px;--awb-flex-wrap:wrap;\" ><div class=\"fusion-builder-row fusion-row\"><div class=\"fusion-layout-column fusion_builder_column fusion-builder-column-3 fusion_builder_column_1_3 1_3 fusion-one-third fusion-column-first\" style=\"--awb-bg-size:cover;width:33.333333333333%;width:calc(33.333333333333% - ( ( 4% + 4% ) * 0.33333333333333 ) );margin-right: 4%;\"><div class=\"fusion-column-wrapper fusion-column-has-shadow fusion-flex-column-wrapper-legacy\"><div class=\"fusion-title title fusion-title-1 sep-underline sep-solid fusion-title-center fusion-title-text fusion-title-size-three\" style=\"--awb-text-color:#003372;--awb-margin-top-small:0px;--awb-margin-right-small:0px;--awb-margin-bottom-small:20px;--awb-margin-left-small:0px;--awb-font-size:24px;\"><h3 class=\"fusion-title-heading title-heading-center fusion-responsive-typography-calculated\" style=\"margin:0;font-size:1em;--fontSize:24;line-height:1.5;\">Immune Profiling &amp; Gene Expression<\/h3><\/div><div class=\"fusion-image-element in-legacy-container\" style=\"--awb-caption-title-font-family:var(--h2_typography-font-family);--awb-caption-title-font-weight:var(--h2_typography-font-weight);--awb-caption-title-font-style:var(--h2_typography-font-style);--awb-caption-title-size:var(--h2_typography-font-size);--awb-caption-title-transform:var(--h2_typography-text-transform);--awb-caption-title-line-height:var(--h2_typography-line-height);--awb-caption-title-letter-spacing:var(--h2_typography-letter-spacing);\"><span class=\" fusion-imageframe imageframe-none imageframe-2 hover-type-none\"><img decoding=\"async\" width=\"235\" height=\"244\" title=\"GEX\" src=\"https:\/\/bonsailab.com\/wp-content\/uploads\/2020\/10\/GEX.jpg\" alt class=\"img-responsive wp-image-25123\" srcset=\"https:\/\/bonsailab.com\/wp-content\/uploads\/2020\/10\/GEX-200x208.jpg 200w, https:\/\/bonsailab.com\/wp-content\/uploads\/2020\/10\/GEX.jpg 235w\" sizes=\"(max-width: 800px) 100vw, 235px\" \/><\/span><\/div><div class=\"fusion-clearfix\"><\/div><\/div><\/div><div class=\"fusion-layout-column fusion_builder_column fusion-builder-column-4 fusion_builder_column_1_3 1_3 fusion-one-third\" style=\"--awb-bg-size:cover;width:33.333333333333%;width:calc(33.333333333333% - ( ( 4% + 4% ) * 0.33333333333333 ) );margin-right: 4%;\"><div class=\"fusion-column-wrapper fusion-column-has-shadow fusion-flex-column-wrapper-legacy\"><div class=\"fusion-title title fusion-title-2 sep-underline sep-solid fusion-title-center fusion-title-text fusion-title-size-three\" style=\"--awb-text-color:#003372;--awb-margin-top-small:0px;--awb-margin-right-small:0px;--awb-margin-bottom-small:20px;--awb-margin-left-small:0px;--awb-font-size:24px;\"><h3 class=\"fusion-title-heading title-heading-center fusion-responsive-typography-calculated\" style=\"margin:0;font-size:1em;--fontSize:24;line-height:1.5;\">Cell Surface<br \/>\nProtein<\/h3><\/div><div class=\"fusion-image-element in-legacy-container\" style=\"--awb-caption-title-font-family:var(--h2_typography-font-family);--awb-caption-title-font-weight:var(--h2_typography-font-weight);--awb-caption-title-font-style:var(--h2_typography-font-style);--awb-caption-title-size:var(--h2_typography-font-size);--awb-caption-title-transform:var(--h2_typography-text-transform);--awb-caption-title-line-height:var(--h2_typography-line-height);--awb-caption-title-letter-spacing:var(--h2_typography-letter-spacing);\"><span class=\" fusion-imageframe imageframe-none imageframe-3 hover-type-none\"><img decoding=\"async\" width=\"235\" height=\"244\" title=\"FB\" src=\"https:\/\/bonsailab.com\/wp-content\/uploads\/2020\/10\/FB.jpg\" alt class=\"img-responsive wp-image-25124\" srcset=\"https:\/\/bonsailab.com\/wp-content\/uploads\/2020\/10\/FB-200x208.jpg 200w, https:\/\/bonsailab.com\/wp-content\/uploads\/2020\/10\/FB.jpg 235w\" sizes=\"(max-width: 800px) 100vw, 235px\" \/><\/span><\/div><div class=\"fusion-clearfix\"><\/div><\/div><\/div><div class=\"fusion-layout-column fusion_builder_column fusion-builder-column-5 fusion_builder_column_1_3 1_3 fusion-one-third fusion-column-last\" style=\"--awb-bg-size:cover;width:33.333333333333%;width:calc(33.333333333333% - ( ( 4% + 4% ) * 0.33333333333333 ) );\"><div class=\"fusion-column-wrapper fusion-column-has-shadow fusion-flex-column-wrapper-legacy\"><div class=\"fusion-title title fusion-title-3 sep-underline sep-solid fusion-title-center fusion-title-text fusion-title-size-three\" style=\"--awb-text-color:#003372;--awb-margin-top-small:0px;--awb-margin-right-small:0px;--awb-margin-bottom-small:20px;--awb-margin-left-small:0px;--awb-font-size:24px;\"><h3 class=\"fusion-title-heading title-heading-center fusion-responsive-typography-calculated\" style=\"margin:0;font-size:1em;--fontSize:24;line-height:1.5;\"><p>Antigen<br \/>\nSpecificity<\/p><\/h3><\/div><div class=\"fusion-image-element in-legacy-container\" style=\"--awb-caption-title-font-family:var(--h2_typography-font-family);--awb-caption-title-font-weight:var(--h2_typography-font-weight);--awb-caption-title-font-style:var(--h2_typography-font-style);--awb-caption-title-size:var(--h2_typography-font-size);--awb-caption-title-transform:var(--h2_typography-text-transform);--awb-caption-title-line-height:var(--h2_typography-line-height);--awb-caption-title-letter-spacing:var(--h2_typography-letter-spacing);\"><span class=\" fusion-imageframe imageframe-none imageframe-4 hover-type-none\"><img decoding=\"async\" width=\"235\" height=\"244\" title=\"Antigen\" src=\"https:\/\/bonsailab.com\/wp-content\/uploads\/2020\/10\/Antigen.jpg\" alt class=\"img-responsive wp-image-25125\" srcset=\"https:\/\/bonsailab.com\/wp-content\/uploads\/2020\/10\/Antigen-200x208.jpg 200w, https:\/\/bonsailab.com\/wp-content\/uploads\/2020\/10\/Antigen.jpg 235w\" sizes=\"(max-width: 800px) 100vw, 235px\" \/><\/span><\/div><div class=\"fusion-clearfix\"><\/div><\/div><\/div><\/div><\/div><\/p>\n","protected":false},"excerpt":{"rendered":"","protected":false},"author":6,"featured_media":0,"parent":0,"menu_order":0,"comment_status":"closed","ping_status":"closed","template":"100-width.php","meta":{"_bbp_topic_count":0,"_bbp_reply_count":0,"_bbp_total_topic_count":0,"_bbp_total_reply_count":0,"_bbp_voice_count":0,"_bbp_anonymous_reply_count":0,"_bbp_topic_count_hidden":0,"_bbp_reply_count_hidden":0,"_bbp_forum_subforum_count":0,"rs_blank_template":"","rs_page_bg_color":"","slide_template_v7":"","footnotes":""},"class_list":["post-26050","page","type-page","status-publish","hentry"],"yoast_head":"<!-- This site is optimized with the Yoast SEO plugin v27.2 - https:\/\/yoast.com\/product\/yoast-seo-wordpress\/ -->\n<title>Solu\u00e7\u00e3o Immune Profiling - Bonsai Lab<\/title>\n<meta name=\"robots\" content=\"index, follow, max-snippet:-1, max-image-preview:large, max-video-preview:-1\" \/>\n<link rel=\"canonical\" href=\"https:\/\/bonsailab.com\/pt-pt\/solucao-immune-profiling\/\" \/>\n<meta property=\"og:locale\" content=\"pt_PT\" \/>\n<meta property=\"og:type\" content=\"article\" \/>\n<meta property=\"og:title\" content=\"Solu\u00e7\u00e3o Immune Profiling - Bonsai Lab\" \/>\n<meta property=\"og:url\" content=\"https:\/\/bonsailab.com\/pt-pt\/solucao-immune-profiling\/\" \/>\n<meta property=\"og:site_name\" content=\"Bonsai Lab\" \/>\n<meta property=\"article:modified_time\" content=\"2023-03-15T08:15:14+00:00\" \/>\n<meta property=\"og:image\" content=\"https:\/\/bonsailab.com\/wp-content\/uploads\/2023\/01\/10xGenomics-Logo-inline.png\" \/>\n<meta name=\"twitter:card\" content=\"summary_large_image\" \/>\n<meta name=\"twitter:label1\" content=\"Tempo estimado de leitura\" \/>\n\t<meta name=\"twitter:data1\" content=\"7 minutos\" \/>\n<script type=\"application\/ld+json\" class=\"yoast-schema-graph\">{\"@context\":\"https:\/\/schema.org\",\"@graph\":[{\"@type\":\"WebPage\",\"@id\":\"https:\/\/bonsailab.com\/pt-pt\/solucao-immune-profiling\/\",\"url\":\"https:\/\/bonsailab.com\/pt-pt\/solucao-immune-profiling\/\",\"name\":\"Solu\u00e7\u00e3o Immune Profiling - Bonsai Lab\",\"isPartOf\":{\"@id\":\"https:\/\/bonsailab.com\/#website\"},\"primaryImageOfPage\":{\"@id\":\"https:\/\/bonsailab.com\/pt-pt\/solucao-immune-profiling\/#primaryimage\"},\"image\":{\"@id\":\"https:\/\/bonsailab.com\/pt-pt\/solucao-immune-profiling\/#primaryimage\"},\"thumbnailUrl\":\"https:\/\/bonsailab.com\/wp-content\/uploads\/2023\/01\/10xGenomics-Logo-inline.png\",\"datePublished\":\"2019-10-23T15:10:47+00:00\",\"dateModified\":\"2023-03-15T08:15:14+00:00\",\"breadcrumb\":{\"@id\":\"https:\/\/bonsailab.com\/pt-pt\/solucao-immune-profiling\/#breadcrumb\"},\"inLanguage\":\"pt-PT\",\"potentialAction\":[{\"@type\":\"ReadAction\",\"target\":[\"https:\/\/bonsailab.com\/pt-pt\/solucao-immune-profiling\/\"]}]},{\"@type\":\"ImageObject\",\"inLanguage\":\"pt-PT\",\"@id\":\"https:\/\/bonsailab.com\/pt-pt\/solucao-immune-profiling\/#primaryimage\",\"url\":\"https:\/\/bonsailab.com\/wp-content\/uploads\/2023\/01\/10xGenomics-Logo-inline.png\",\"contentUrl\":\"https:\/\/bonsailab.com\/wp-content\/uploads\/2023\/01\/10xGenomics-Logo-inline.png\"},{\"@type\":\"BreadcrumbList\",\"@id\":\"https:\/\/bonsailab.com\/pt-pt\/solucao-immune-profiling\/#breadcrumb\",\"itemListElement\":[{\"@type\":\"ListItem\",\"position\":1,\"name\":\"Portada\",\"item\":\"https:\/\/bonsailab.com\/pt-pt\/\"},{\"@type\":\"ListItem\",\"position\":2,\"name\":\"Solu\u00e7\u00e3o Immune Profiling\"}]},{\"@type\":\"WebSite\",\"@id\":\"https:\/\/bonsailab.com\/#website\",\"url\":\"https:\/\/bonsailab.com\/\",\"name\":\"Bonsai Lab\",\"description\":\"\",\"publisher\":{\"@id\":\"https:\/\/bonsailab.com\/#organization\"},\"potentialAction\":[{\"@type\":\"SearchAction\",\"target\":{\"@type\":\"EntryPoint\",\"urlTemplate\":\"https:\/\/bonsailab.com\/?s={search_term_string}\"},\"query-input\":{\"@type\":\"PropertyValueSpecification\",\"valueRequired\":true,\"valueName\":\"search_term_string\"}}],\"inLanguage\":\"pt-PT\"},{\"@type\":\"Organization\",\"@id\":\"https:\/\/bonsailab.com\/#organization\",\"name\":\"BonsaiLab\",\"url\":\"https:\/\/bonsailab.com\/\",\"logo\":{\"@type\":\"ImageObject\",\"inLanguage\":\"pt-PT\",\"@id\":\"https:\/\/bonsailab.com\/#\/schema\/logo\/image\/\",\"url\":\"https:\/\/bonsailab.com\/wp-content\/uploads\/2018\/07\/logo_bonsailab.png\",\"contentUrl\":\"https:\/\/bonsailab.com\/wp-content\/uploads\/2018\/07\/logo_bonsailab.png\",\"width\":280,\"height\":40,\"caption\":\"BonsaiLab\"},\"image\":{\"@id\":\"https:\/\/bonsailab.com\/#\/schema\/logo\/image\/\"},\"sameAs\":[\"https:\/\/www.linkedin.com\/company\/bonsai-advanced-technologies-s-l-\/\",\"https:\/\/www.youtube.com\/channel\/UCv7xfNvsrS9NADlz0yQFWGA\"]}]}<\/script>\n<!-- \/ Yoast SEO plugin. -->","yoast_head_json":{"title":"Solu\u00e7\u00e3o Immune Profiling - Bonsai Lab","robots":{"index":"index","follow":"follow","max-snippet":"max-snippet:-1","max-image-preview":"max-image-preview:large","max-video-preview":"max-video-preview:-1"},"canonical":"https:\/\/bonsailab.com\/pt-pt\/solucao-immune-profiling\/","og_locale":"pt_PT","og_type":"article","og_title":"Solu\u00e7\u00e3o Immune Profiling - Bonsai Lab","og_url":"https:\/\/bonsailab.com\/pt-pt\/solucao-immune-profiling\/","og_site_name":"Bonsai Lab","article_modified_time":"2023-03-15T08:15:14+00:00","og_image":[{"url":"https:\/\/bonsailab.com\/wp-content\/uploads\/2023\/01\/10xGenomics-Logo-inline.png","type":"","width":"","height":""}],"twitter_card":"summary_large_image","twitter_misc":{"Tempo estimado de leitura":"7 minutos"},"schema":{"@context":"https:\/\/schema.org","@graph":[{"@type":"WebPage","@id":"https:\/\/bonsailab.com\/pt-pt\/solucao-immune-profiling\/","url":"https:\/\/bonsailab.com\/pt-pt\/solucao-immune-profiling\/","name":"Solu\u00e7\u00e3o Immune Profiling - Bonsai Lab","isPartOf":{"@id":"https:\/\/bonsailab.com\/#website"},"primaryImageOfPage":{"@id":"https:\/\/bonsailab.com\/pt-pt\/solucao-immune-profiling\/#primaryimage"},"image":{"@id":"https:\/\/bonsailab.com\/pt-pt\/solucao-immune-profiling\/#primaryimage"},"thumbnailUrl":"https:\/\/bonsailab.com\/wp-content\/uploads\/2023\/01\/10xGenomics-Logo-inline.png","datePublished":"2019-10-23T15:10:47+00:00","dateModified":"2023-03-15T08:15:14+00:00","breadcrumb":{"@id":"https:\/\/bonsailab.com\/pt-pt\/solucao-immune-profiling\/#breadcrumb"},"inLanguage":"pt-PT","potentialAction":[{"@type":"ReadAction","target":["https:\/\/bonsailab.com\/pt-pt\/solucao-immune-profiling\/"]}]},{"@type":"ImageObject","inLanguage":"pt-PT","@id":"https:\/\/bonsailab.com\/pt-pt\/solucao-immune-profiling\/#primaryimage","url":"https:\/\/bonsailab.com\/wp-content\/uploads\/2023\/01\/10xGenomics-Logo-inline.png","contentUrl":"https:\/\/bonsailab.com\/wp-content\/uploads\/2023\/01\/10xGenomics-Logo-inline.png"},{"@type":"BreadcrumbList","@id":"https:\/\/bonsailab.com\/pt-pt\/solucao-immune-profiling\/#breadcrumb","itemListElement":[{"@type":"ListItem","position":1,"name":"Portada","item":"https:\/\/bonsailab.com\/pt-pt\/"},{"@type":"ListItem","position":2,"name":"Solu\u00e7\u00e3o Immune Profiling"}]},{"@type":"WebSite","@id":"https:\/\/bonsailab.com\/#website","url":"https:\/\/bonsailab.com\/","name":"Bonsai Lab","description":"","publisher":{"@id":"https:\/\/bonsailab.com\/#organization"},"potentialAction":[{"@type":"SearchAction","target":{"@type":"EntryPoint","urlTemplate":"https:\/\/bonsailab.com\/?s={search_term_string}"},"query-input":{"@type":"PropertyValueSpecification","valueRequired":true,"valueName":"search_term_string"}}],"inLanguage":"pt-PT"},{"@type":"Organization","@id":"https:\/\/bonsailab.com\/#organization","name":"BonsaiLab","url":"https:\/\/bonsailab.com\/","logo":{"@type":"ImageObject","inLanguage":"pt-PT","@id":"https:\/\/bonsailab.com\/#\/schema\/logo\/image\/","url":"https:\/\/bonsailab.com\/wp-content\/uploads\/2018\/07\/logo_bonsailab.png","contentUrl":"https:\/\/bonsailab.com\/wp-content\/uploads\/2018\/07\/logo_bonsailab.png","width":280,"height":40,"caption":"BonsaiLab"},"image":{"@id":"https:\/\/bonsailab.com\/#\/schema\/logo\/image\/"},"sameAs":["https:\/\/www.linkedin.com\/company\/bonsai-advanced-technologies-s-l-\/","https:\/\/www.youtube.com\/channel\/UCv7xfNvsrS9NADlz0yQFWGA"]}]}},"_links":{"self":[{"href":"https:\/\/bonsailab.com\/pt-pt\/wp-json\/wp\/v2\/pages\/26050","targetHints":{"allow":["GET"]}}],"collection":[{"href":"https:\/\/bonsailab.com\/pt-pt\/wp-json\/wp\/v2\/pages"}],"about":[{"href":"https:\/\/bonsailab.com\/pt-pt\/wp-json\/wp\/v2\/types\/page"}],"author":[{"embeddable":true,"href":"https:\/\/bonsailab.com\/pt-pt\/wp-json\/wp\/v2\/users\/6"}],"replies":[{"embeddable":true,"href":"https:\/\/bonsailab.com\/pt-pt\/wp-json\/wp\/v2\/comments?post=26050"}],"version-history":[{"count":1,"href":"https:\/\/bonsailab.com\/pt-pt\/wp-json\/wp\/v2\/pages\/26050\/revisions"}],"predecessor-version":[{"id":26051,"href":"https:\/\/bonsailab.com\/pt-pt\/wp-json\/wp\/v2\/pages\/26050\/revisions\/26051"}],"wp:attachment":[{"href":"https:\/\/bonsailab.com\/pt-pt\/wp-json\/wp\/v2\/media?parent=26050"}],"curies":[{"name":"wp","href":"https:\/\/api.w.org\/{rel}","templated":true}]}}